{"id":2817,"date":"2025-01-20T08:32:20","date_gmt":"2025-01-20T07:32:20","guid":{"rendered":"https:\/\/sospirineus.cat\/aviso-legal\/"},"modified":"2026-01-20T18:01:40","modified_gmt":"2026-01-20T17:01:40","slug":"aviso-legal","status":"publish","type":"page","link":"https:\/\/sospirineus.cat\/es\/aviso-legal\/","title":{"rendered":"Aviso Legal"},"content":{"rendered":"\t\t<div data-elementor-type=\"wp-page\" data-elementor-id=\"2817\" class=\"elementor elementor-2817 elementor-2093\" data-elementor-post-type=\"page\">\n\t\t\t\t\t\t<section class=\"elementor-section elementor-top-section elementor-element elementor-element-83c3299 elementor-section-boxed elementor-section-height-default elementor-section-height-default\" data-id=\"83c3299\" data-element_type=\"section\" data-e-type=\"section\">\n\t\t\t\t\t\t<div class=\"elementor-container elementor-column-gap-default\">\n\t\t\t\t\t<div class=\"elementor-column elementor-col-100 elementor-top-column elementor-element elementor-element-08780a7\" data-id=\"08780a7\" data-element_type=\"column\" data-e-type=\"column\">\n\t\t\t<div class=\"elementor-widget-wrap elementor-element-populated\">\n\t\t\t\t\t\t<div class=\"elementor-element elementor-element-0a23144 elementor-widget elementor-widget-heading\" data-id=\"0a23144\" data-element_type=\"widget\" data-e-type=\"widget\" data-widget_type=\"heading.default\">\n\t\t\t\t<div class=\"elementor-widget-container\">\n\t\t\t\t\t<h2 class=\"elementor-heading-title elementor-size-default\">AVISO LEGAL<\/h2>\t\t\t\t<\/div>\n\t\t\t\t<\/div>\n\t\t\t\t<div class=\"elementor-element elementor-element-f2b704f elementor-widget elementor-widget-text-editor\" data-id=\"f2b704f\" data-element_type=\"widget\" data-e-type=\"widget\" data-widget_type=\"text-editor.default\">\n\t\t\t\t<div class=\"elementor-widget-container\">\n\t\t\t\t\t\t\t\t\t<p><strong>AVISO LEGAL<\/strong><\/p><p>Este Aviso Legal tiene el objetivo de informarte de tus derechos y obligaciones como usuario de este sitio web. Aqu\u00ed encontrar\u00e1s toda la informaci\u00f3n que necesitas sobre este sitio web, su actividad, los datos personales que recoge y su finalidad, as\u00ed como las normas de uso que regulen el uso de este sitio web. <\/p><p>En el momento en que acceda a este sitio web <a href=\"http:\/\/www.incluflex.com\" target=\"_new\" rel=\"noopener\">www.llocweb.com<\/a> , asuma la condici\u00f3n de usuario, por lo que el contenido de este Aviso Legal te afecta directamente. Por eso, es importante que le llegues para disipar cualquier duda que puedas tener y estar informado sobre las condiciones que est\u00e1s aceptando. <\/p><p>Para empezar, debes saber que este sitio web cumple con las normativas vigentes en materia de protecci\u00f3n de datos, con el objetivo de ofrecerte las garant\u00edas, la seguridad y la transparencia que, como usuario, te corresponden a la hora de utilizar esta web.<\/p><ul><li><strong>El RGPD<\/strong> (Reglamento (UE) 2016\/679 del Parlamento Europeo y del Consejo de 27 de abril de 2016 relativo a la protecci\u00f3n de las personas f\u00edsicas), que unifica la regulaci\u00f3n del tratamiento de datos personales en los distintos pa\u00edses de la UE.<\/li><li><strong>La LOPDGDD<\/strong> (Ley Org\u00e1nica 3\/2018, de 5 de diciembre, de protecci\u00f3n de datos personales y garant\u00eda de los derechos digitales), que regula el tratamiento de los datos personales y las obligaciones que debemos asumir los responsables de una web o un blog al gestionar esta informaci\u00f3n.<\/li><li><strong>La LSSI<\/strong> (Ley 34\/2002, de 11 de julio, de Servicios de la Sociedad de la Informaci\u00f3n y Comercio Electr\u00f3nico), que regula las transacciones econ\u00f3micas mediante medios electr\u00f3nicos.<\/li><\/ul><h3><strong>DATOS DE IDENTIFICACI\u00d3N<\/strong><\/h3><p>El responsable y titular de este sitio web es:<\/p><ul><li>Nombre : <strong>Nombre<\/strong> empresa<\/li><li><strong>NIF<\/strong> : B11111111<\/li><li><strong>Domicilio Social<\/strong> : Domicilio social<\/li><li><strong>Actividad del sitio web<\/strong> : Distribuci\u00f3n de contenido relacionado con Nombre empresa, muestra de publicidad y recomendaci\u00f3n de productos de afiliaci\u00f3n.<\/li><li><strong>Correo electr\u00f3nico<\/strong> : <a rel=\"noopener\">email@test.com<\/a><\/li><\/ul><p>Los datos que nos facilites con tu consentimiento, y de acuerdo con el uso establecido en nuestra Pol\u00edtica de Privacidad, ser\u00e1n incorporados a un fichero automatizado, cuyo responsable es Nombre empresa. Esto garantiza que tus datos est\u00e1n seguros y protegidos conforme a la ley. <\/p><h3><strong>NORMAS DE ACCESO AL SITIO WEB<\/strong><\/h3><p>Como usuario de nuestra web, tambi\u00e9n tienes una serie de obligaciones:<\/p><ul><li>No podr\u00e1s utilizar este sitio web para actividades contrarias a las leyes, a la moral, al orden p\u00fablico ni para usos contrarios a lo expresado en este Aviso Legal.<\/li><li>No podr\u00e1s realizar actividades publicitarias o de explotaci\u00f3n comercial utilizando identidades falsas.<\/li><li>Ser\u00e1s el \u00fanico responsable de la veracidad y exactitud de los contenidos que introduzcas en esta web y de los datos personales que nos facilites con los fines previstos en nuestra Pol\u00edtica de Privacidad.<\/li><li>Tambi\u00e9n ser\u00e1s responsable de cualquier actuaci\u00f3n il\u00edcita, lesiva de derechos, da\u00f1ina y\/o perjudicial a sitios de terceros a los que te podamos redirigir.<\/li><\/ul><p>Nombre empresa podr\u00e1 interrumpir el servicio de la p\u00e1gina y resolver la relaci\u00f3n con el usuario si detecta un uso indebido de la web.<\/p><h3><strong>PROPIEDAD INTELECTUAL E INDUSTRIAL<\/strong><\/h3><p>La totalidad de este sitio web (texto, im\u00e1genes, marcas, gr\u00e1ficos, logotipos, botones, archivos de software, combinaciones de colores, as\u00ed como la estructura, selecci\u00f3n, ordenaci\u00f3n y presentaci\u00f3n de sus contenidos) se encuentra protegida por las leyes vigentes sobre propiedad intelectual e industrial.<\/p><p>Queda prohibida su reproducci\u00f3n, distribuci\u00f3n, comunicaci\u00f3n p\u00fablica y transformaci\u00f3n, salvo para uso personal y privado.<\/p><p>Nombre empresa no garantiza que los contenidos sean necesarios o libres de error.<\/p><h3><strong>ENLACES O LINKS<\/strong><\/h3><p>Este sitio web incluye enlaces a sitios de terceros. Estas p\u00e1ginas no han sido revisadas ni son objeto de controles por nuestra parte, por lo que Nombre empresa no ser\u00e1 responsable de los contenidos, pol\u00edticas de privacidad ni medidas adoptadas por estos terceros. <\/p><p>Le recomendamos leer detenidamente las condiciones de uso y pol\u00edticas de estos sitios antes de utilizarlos.<\/p><h3><strong>ENLACES DE AFILIACI\u00d3N DE AMAZON<\/strong><\/h3><p>Este sitio web utiliza enlaces de afiliaci\u00f3n de Amazon. Esto significa que encontrar\u00e1 enlaces a productos de Amazon que podr\u00e1 adquirir bajo sus condiciones de uso. <\/p><h3><strong>LIMITACI\u00d3N DE RESPONSABILIDAD<\/strong><\/h3><p>Nombre empresa no se hace responsable de:<\/p><ul><li>La calidad, velocidad y continuidad del servicio.<\/li><li>La existencia de virus, malware o programas maliciosos en los contenidos.<\/li><li>El uso il\u00edcito o negligente de la web.<\/li><li>La falta de licitud, calidad, fiabilidad o utilidad de los servicios proporcionados por terceros.<\/li><li>Los da\u00f1os que puedan derivarse del uso ilegal de esta web.<\/li><\/ul><h3><strong>POL\u00cdTICA DE PRIVACIDAD Y PROTECCI\u00d3N DE DATOS<\/strong><\/h3><p>Este sitio web cumple con la normativa vigente en materia de protecci\u00f3n de datos. Como usuario, tendr\u00e1s que dar tu consentimiento expreso antes de facilitar datos personales a trav\u00e9s de los formularios disponibles en la web. Toda la informaci\u00f3n al respecto est\u00e1 disponible en nuestra Pol\u00edtica de Privacidad.  <\/p><h3><strong>POL\u00cdTICA DE COOKIES<\/strong><\/h3><p>Este sitio web utiliza cookies propias y de terceros. Puede configurar su navegador para rechazar el uso de cookies. Para m\u00e1s informaci\u00f3n, consulte nuestra Pol\u00edtica de Cookies.  <\/p><h3><strong>LEGISLACI\u00d3N APLICABLE Y JURISDICCI\u00d3N COMPETENTE<\/strong><\/h3><p>El presente Aviso Legal est\u00e1 sometido a la legislaci\u00f3n espa\u00f1ola vigente. Cualquier controversia ser\u00e1 sometida a los Juzgados y Tribunales del domicilio del usuario. Si el usuario reside fuera de Espa\u00f1a, las partes se someter\u00e1n a los Juzgados y Tribunales de Barcelona (Espa\u00f1a).  <\/p><p>Si tienes cualquier duda, puedes enviarnos un correo electr\u00f3nico a <a rel=\"noopener\">email-informativo@test.com<\/a> .<\/p>\t\t\t\t\t\t\t\t<\/div>\n\t\t\t\t<\/div>\n\t\t\t\t\t<\/div>\n\t\t<\/div>\n\t\t\t\t\t<\/div>\n\t\t<\/section>\n\t\t\t\t<\/div>\n\t\t","protected":false},"excerpt":{"rendered":"<p>AVISO LEGAL AVISO LEGAL Este Aviso Legal tiene el objetivo de informarte de tus derechos y obligaciones como usuario de este sitio web. Aqu\u00ed encontrar\u00e1s toda la informaci\u00f3n que necesitas sobre este sitio web, su actividad, los datos personales que recoge y su finalidad, as\u00ed como las normas de uso que regulen el uso de [&hellip;]<\/p>\n","protected":false},"author":3,"featured_media":0,"parent":0,"menu_order":0,"comment_status":"closed","ping_status":"closed","template":"elementor_header_footer","meta":{"_acf_changed":false,"inline_featured_image":false,"footnotes":""},"class_list":["post-2817","page","type-page","status-publish","hentry"],"acf":[],"yoast_head":"<!-- This site is optimized with the Yoast SEO plugin v27.4 - https:\/\/yoast.com\/product\/yoast-seo-wordpress\/ -->\n<title>\u25b7Aviso Legal - \u3010 SOS PIRINEUS \u3011<\/title>\n<meta name=\"description\" content=\"AVISO LEGAL AVISO LEGALEste Aviso Legal tiene el objetivo de informarte de tus derechos y obligaciones como usuario de este sitio web. Aqu\u00ed encontrar\u00e1s \u2713\" \/>\n<meta name=\"robots\" content=\"noindex, nofollow\" \/>\n<meta property=\"og:locale\" content=\"es_ES\" \/>\n<meta property=\"og:type\" content=\"article\" \/>\n<meta property=\"og:title\" content=\"\u25b7Aviso Legal - \u3010 SOS PIRINEUS \u3011\" \/>\n<meta property=\"og:description\" content=\"AVISO LEGAL AVISO LEGALEste Aviso Legal tiene el objetivo de informarte de tus derechos y obligaciones como usuario de este sitio web. Aqu\u00ed encontrar\u00e1s \u2713\" \/>\n<meta property=\"og:url\" content=\"https:\/\/sospirineus.cat\/es\/aviso-legal\/\" \/>\n<meta property=\"og:site_name\" content=\"SOS PIRINEUS\" \/>\n<meta property=\"article:modified_time\" content=\"2026-01-20T17:01:40+00:00\" \/>\n<meta name=\"twitter:card\" content=\"summary_large_image\" \/>\n<meta name=\"twitter:label1\" content=\"Tiempo de lectura\" \/>\n\t<meta name=\"twitter:data1\" content=\"5 minutos\" \/>\n<script type=\"application\/ld+json\" class=\"yoast-schema-graph\">{\"@context\":\"https:\\\/\\\/schema.org\",\"@graph\":[{\"@type\":\"WebPage\",\"@id\":\"https:\\\/\\\/sospirineus.cat\\\/es\\\/aviso-legal\\\/\",\"url\":\"https:\\\/\\\/sospirineus.cat\\\/es\\\/aviso-legal\\\/\",\"name\":\"\u25b7Aviso Legal - \u3010 SOS PIRINEUS \u3011\",\"isPartOf\":{\"@id\":\"https:\\\/\\\/sospirineus.cat\\\/#website\"},\"datePublished\":\"2025-01-20T07:32:20+00:00\",\"dateModified\":\"2026-01-20T17:01:40+00:00\",\"description\":\"AVISO LEGAL AVISO LEGALEste Aviso Legal tiene el objetivo de informarte de tus derechos y obligaciones como usuario de este sitio web. Aqu\u00ed encontrar\u00e1s \u2713\",\"breadcrumb\":{\"@id\":\"https:\\\/\\\/sospirineus.cat\\\/es\\\/aviso-legal\\\/#breadcrumb\"},\"inLanguage\":\"es\",\"potentialAction\":[{\"@type\":\"ReadAction\",\"target\":[\"https:\\\/\\\/sospirineus.cat\\\/es\\\/aviso-legal\\\/\"]}]},{\"@type\":\"BreadcrumbList\",\"@id\":\"https:\\\/\\\/sospirineus.cat\\\/es\\\/aviso-legal\\\/#breadcrumb\",\"itemListElement\":[{\"@type\":\"ListItem\",\"position\":1,\"name\":\"Portada\",\"item\":\"https:\\\/\\\/sospirineus.cat\\\/es\\\/inicio\\\/\"},{\"@type\":\"ListItem\",\"position\":2,\"name\":\"Aviso Legal\"}]},{\"@type\":\"WebSite\",\"@id\":\"https:\\\/\\\/sospirineus.cat\\\/#website\",\"url\":\"https:\\\/\\\/sospirineus.cat\\\/\",\"name\":\"SOS PIRINEUS\",\"description\":\"ENCARA HI SOM A TEMPS\",\"publisher\":{\"@id\":\"https:\\\/\\\/sospirineus.cat\\\/#organization\"},\"potentialAction\":[{\"@type\":\"SearchAction\",\"target\":{\"@type\":\"EntryPoint\",\"urlTemplate\":\"https:\\\/\\\/sospirineus.cat\\\/?s={search_term_string}\"},\"query-input\":{\"@type\":\"PropertyValueSpecification\",\"valueRequired\":true,\"valueName\":\"search_term_string\"}}],\"inLanguage\":\"es\"},{\"@type\":\"Organization\",\"@id\":\"https:\\\/\\\/sospirineus.cat\\\/#organization\",\"name\":\"SOS PIRINEUS\",\"url\":\"https:\\\/\\\/sospirineus.cat\\\/\",\"logo\":{\"@type\":\"ImageObject\",\"inLanguage\":\"es\",\"@id\":\"https:\\\/\\\/sospirineus.cat\\\/#\\\/schema\\\/logo\\\/image\\\/\",\"url\":\"https:\\\/\\\/sospirineus.cat\\\/wp-content\\\/uploads\\\/2021\\\/10\\\/logo_sos_pirineus.png\",\"contentUrl\":\"https:\\\/\\\/sospirineus.cat\\\/wp-content\\\/uploads\\\/2021\\\/10\\\/logo_sos_pirineus.png\",\"width\":1898,\"height\":1338,\"caption\":\"SOS PIRINEUS\"},\"image\":{\"@id\":\"https:\\\/\\\/sospirineus.cat\\\/#\\\/schema\\\/logo\\\/image\\\/\"}}]}<\/script>\n<!-- \/ Yoast SEO plugin. -->","yoast_head_json":{"title":"\u25b7Aviso Legal - \u3010 SOS PIRINEUS \u3011","description":"AVISO LEGAL AVISO LEGALEste Aviso Legal tiene el objetivo de informarte de tus derechos y obligaciones como usuario de este sitio web. Aqu\u00ed encontrar\u00e1s \u2713","robots":{"index":"noindex","follow":"nofollow"},"og_locale":"es_ES","og_type":"article","og_title":"\u25b7Aviso Legal - \u3010 SOS PIRINEUS \u3011","og_description":"AVISO LEGAL AVISO LEGALEste Aviso Legal tiene el objetivo de informarte de tus derechos y obligaciones como usuario de este sitio web. Aqu\u00ed encontrar\u00e1s \u2713","og_url":"https:\/\/sospirineus.cat\/es\/aviso-legal\/","og_site_name":"SOS PIRINEUS","article_modified_time":"2026-01-20T17:01:40+00:00","twitter_card":"summary_large_image","twitter_misc":{"Tiempo de lectura":"5 minutos"},"schema":{"@context":"https:\/\/schema.org","@graph":[{"@type":"WebPage","@id":"https:\/\/sospirineus.cat\/es\/aviso-legal\/","url":"https:\/\/sospirineus.cat\/es\/aviso-legal\/","name":"\u25b7Aviso Legal - \u3010 SOS PIRINEUS \u3011","isPartOf":{"@id":"https:\/\/sospirineus.cat\/#website"},"datePublished":"2025-01-20T07:32:20+00:00","dateModified":"2026-01-20T17:01:40+00:00","description":"AVISO LEGAL AVISO LEGALEste Aviso Legal tiene el objetivo de informarte de tus derechos y obligaciones como usuario de este sitio web. Aqu\u00ed encontrar\u00e1s \u2713","breadcrumb":{"@id":"https:\/\/sospirineus.cat\/es\/aviso-legal\/#breadcrumb"},"inLanguage":"es","potentialAction":[{"@type":"ReadAction","target":["https:\/\/sospirineus.cat\/es\/aviso-legal\/"]}]},{"@type":"BreadcrumbList","@id":"https:\/\/sospirineus.cat\/es\/aviso-legal\/#breadcrumb","itemListElement":[{"@type":"ListItem","position":1,"name":"Portada","item":"https:\/\/sospirineus.cat\/es\/inicio\/"},{"@type":"ListItem","position":2,"name":"Aviso Legal"}]},{"@type":"WebSite","@id":"https:\/\/sospirineus.cat\/#website","url":"https:\/\/sospirineus.cat\/","name":"SOS PIRINEUS","description":"ENCARA HI SOM A TEMPS","publisher":{"@id":"https:\/\/sospirineus.cat\/#organization"},"potentialAction":[{"@type":"SearchAction","target":{"@type":"EntryPoint","urlTemplate":"https:\/\/sospirineus.cat\/?s={search_term_string}"},"query-input":{"@type":"PropertyValueSpecification","valueRequired":true,"valueName":"search_term_string"}}],"inLanguage":"es"},{"@type":"Organization","@id":"https:\/\/sospirineus.cat\/#organization","name":"SOS PIRINEUS","url":"https:\/\/sospirineus.cat\/","logo":{"@type":"ImageObject","inLanguage":"es","@id":"https:\/\/sospirineus.cat\/#\/schema\/logo\/image\/","url":"https:\/\/sospirineus.cat\/wp-content\/uploads\/2021\/10\/logo_sos_pirineus.png","contentUrl":"https:\/\/sospirineus.cat\/wp-content\/uploads\/2021\/10\/logo_sos_pirineus.png","width":1898,"height":1338,"caption":"SOS PIRINEUS"},"image":{"@id":"https:\/\/sospirineus.cat\/#\/schema\/logo\/image\/"}}]}},"_links":{"self":[{"href":"https:\/\/sospirineus.cat\/es\/wp-json\/wp\/v2\/pages\/2817","targetHints":{"allow":["GET"]}}],"collection":[{"href":"https:\/\/sospirineus.cat\/es\/wp-json\/wp\/v2\/pages"}],"about":[{"href":"https:\/\/sospirineus.cat\/es\/wp-json\/wp\/v2\/types\/page"}],"author":[{"embeddable":true,"href":"https:\/\/sospirineus.cat\/es\/wp-json\/wp\/v2\/users\/3"}],"replies":[{"embeddable":true,"href":"https:\/\/sospirineus.cat\/es\/wp-json\/wp\/v2\/comments?post=2817"}],"version-history":[{"count":1,"href":"https:\/\/sospirineus.cat\/es\/wp-json\/wp\/v2\/pages\/2817\/revisions"}],"predecessor-version":[{"id":2818,"href":"https:\/\/sospirineus.cat\/es\/wp-json\/wp\/v2\/pages\/2817\/revisions\/2818"}],"wp:attachment":[{"href":"https:\/\/sospirineus.cat\/es\/wp-json\/wp\/v2\/media?parent=2817"}],"curies":[{"name":"wp","href":"https:\/\/api.w.org\/{rel}","templated":true}]}}