{"id":2893,"date":"2021-10-14T15:46:36","date_gmt":"2021-10-14T13:46:36","guid":{"rendered":"https:\/\/sospirineus.cat\/politica-de-privacidad\/"},"modified":"2026-01-20T18:02:16","modified_gmt":"2026-01-20T17:02:16","slug":"politica-de-privacidad","status":"publish","type":"page","link":"https:\/\/sospirineus.cat\/es\/politica-de-privacidad\/","title":{"rendered":"Pol\u00edtica de privacidad"},"content":{"rendered":"\t\t<div data-elementor-type=\"wp-page\" data-elementor-id=\"2893\" class=\"elementor elementor-2893 elementor-510\" data-elementor-post-type=\"page\">\n\t\t\t\t\t\t<section class=\"elementor-section elementor-top-section elementor-element elementor-element-8006250 elementor-section-boxed elementor-section-height-default elementor-section-height-default\" data-id=\"8006250\" data-element_type=\"section\" data-e-type=\"section\">\n\t\t\t\t\t\t<div class=\"elementor-container elementor-column-gap-default\">\n\t\t\t\t\t<div class=\"elementor-column elementor-col-100 elementor-top-column elementor-element elementor-element-46da4cf\" data-id=\"46da4cf\" data-element_type=\"column\" data-e-type=\"column\">\n\t\t\t<div class=\"elementor-widget-wrap elementor-element-populated\">\n\t\t\t\t\t\t<div class=\"elementor-element elementor-element-46cf0d7 elementor-widget elementor-widget-heading\" data-id=\"46cf0d7\" data-element_type=\"widget\" data-e-type=\"widget\" data-widget_type=\"heading.default\">\n\t\t\t\t<div class=\"elementor-widget-container\">\n\t\t\t\t\t<h2 class=\"elementor-heading-title elementor-size-default\">POL\u00cdTICA DE PRIVACIDAD<\/h2>\t\t\t\t<\/div>\n\t\t\t\t<\/div>\n\t\t\t\t<div class=\"elementor-element elementor-element-4757770 elementor-widget elementor-widget-text-editor\" data-id=\"4757770\" data-element_type=\"widget\" data-e-type=\"widget\" data-widget_type=\"text-editor.default\">\n\t\t\t\t<div class=\"elementor-widget-container\">\n\t\t\t\t\t\t\t\t\t<p><strong>POL\u00cdTICA DE PRIVACIDAD<\/strong><\/p><p>Si est\u00e1s aqu\u00ed es porque quieres saber m\u00e1s sobre las obligaciones y derechos que te corresponden como usuario de esta web <a href=\"http:\/\/www.incluflex.com\" target=\"_new\" rel=\"noopener\">www.llocweb.com<\/a> , y eso est\u00e1 muy bien. Nuestro deber es informarte y el tuyo, estar debidamente informado. <\/p><p>En esta Pol\u00edtica de Privacidad te informaremos con total transparencia sobre la finalidad de este sitio web y todo lo que afecta a los datos que nos facilites, as\u00ed como de las obligaciones y derechos que te corresponden.<\/p><p>Para empezar, debes saber que este sitio web se adapta a la normativa vigente en relaci\u00f3n con la protecci\u00f3n de datos, que afecta a los datos personales que nos facilites con tu consentimiento expreso ya las cookies que utilizamos para que este sitio web funcione correctamente y pueda desarrollar su actividad.<\/p><p>Concretamente, esta web se ajusta al cumplimiento de las siguientes normativas:<\/p><ul><li><strong>El RGPD<\/strong> (Reglamento (UE) 2016\/679 del Parlamento Europeo y del Consejo de 27 de abril de 2016 relativo a la protecci\u00f3n de las personas f\u00edsicas), que unifica la regulaci\u00f3n del tratamiento de los datos personales en los distintos pa\u00edses de la UE.<\/li><li><strong>La LOPDGDD<\/strong> (Ley Org\u00e1nica 3\/2018, de 5 de diciembre, de Protecci\u00f3n de Datos Personales y garant\u00eda de los derechos digitales), que adapta la normativa espa\u00f1ola al RGPD y regula los derechos digitales.<\/li><li><strong>La LSSI<\/strong> (Ley 34\/2002, de 11 de julio, de Servicios de la Sociedad de la Informaci\u00f3n y Comercio Electr\u00f3nico), que regula las transacciones econ\u00f3micas mediante medios electr\u00f3nicos, como es el caso de este blog.<\/li><\/ul><h3><strong>DATOS DE IDENTIFICACI\u00d3N<\/strong><\/h3><p>El responsable y titular de este sitio web es:<\/p><ul><li><strong>Nombre<\/strong> : Nombre empresa<\/li><li><strong>NIF<\/strong> : B11111111<\/li><li><strong>Domicilio Social<\/strong> : Domicilio social<\/li><li><strong>Actividad del sitio web<\/strong> : distribuci\u00f3n de contenido relacionado con Nombre empresa, muestra de publicidad y recomendaci\u00f3n de productos de afiliaci\u00f3n.<\/li><li><strong>Correo electr\u00f3nico<\/strong> : <a rel=\"noopener\">email@test.com<\/a><\/li><\/ul><p>Los datos que nos facilites con tu consentimiento, y de acuerdo con el uso establecido en nuestra Pol\u00edtica de Privacidad, ser\u00e1n incorporados a un fichero automatizado debidamente inscrito en la Agencia Espa\u00f1ola de Protecci\u00f3n de Datos. Esto significa que tus datos est\u00e1n seguros, de acuerdo con lo que establece la ley. <\/p><p>Los datos personales que nos facilites, siempre con tu consentimiento expreso, se almacenar\u00e1n y tratar\u00e1n con los fines previstos y descritos a continuaci\u00f3n en esta Pol\u00edtica de Privacidad, hasta el momento en que nos pidas que los eliminemos.<\/p><p>Te informamos que esta Pol\u00edtica de Privacidad puede ser modificada en cualquier momento para adaptarla a novedades legislativas o cambios en nuestras actividades. La versi\u00f3n vigente ser\u00e1 siempre la publicada en esta web, y cualquier modificaci\u00f3n relevante ser\u00e1 notificada antes de su aplicaci\u00f3n. <\/p><h3><strong>CONDICIONES DE USO<\/strong><\/h3><p>Tienes que saber, por tu tranquilidad, que siempre te solicitaremos tu consentimiento expreso para recoger tus datos con la correspondiente finalidad especificada en cada caso. Esto implica que, en caso de otorgar este consentimiento, has le\u00eddo y aceptado esta Pol\u00edtica de Privacidad. <\/p><p>Al acceder y utilizar esta web, asumes tu condici\u00f3n de usuario con tus derechos y obligaciones correspondientes.<\/p><ul><li>Si eres mayor de 14 a\u00f1os, podr\u00e1s registrarte como usuario en este sitio web sin el previo consentimiento de tus padres o tutores.<\/li><li>Si eres menor de 14 a\u00f1os, necesitar\u00e1s el consentimiento de tus padres o tutores para el tratamiento de sus datos personales.<\/li><\/ul><h3><strong>REGISTRO Y FINALIDAD DE TUS DATOS<\/strong><\/h3><p>En funci\u00f3n del formulario o secci\u00f3n a la que accedas, te solicitaremos exclusivamente los datos necesarios con las finalidades descritas a continuaci\u00f3n. En todo momento, tendr\u00e1s que dar tu consentimiento expreso cuando te solicitamos informaci\u00f3n personal para: <\/p><ul><li>Las finalidades concretas que particularmente se indiquen en cada una de las p\u00e1ginas o secciones en las que aparezca el formulario de registro o contacto electr\u00f3nico.<\/li><li>Atender tus solicitudes, comentarios, consultas o cualquier tipo de petici\u00f3n que realices como usuario a trav\u00e9s de cualquiera de las formas de contacto disponibles.<\/li><li>Informarte sobre consultas, actividades, productos, novedades y\/o servicios por diversos medios electr\u00f3nicos o f\u00edsicos.<\/li><li>Enviarte comunicaciones comerciales relacionadas con nuestros productos, servicios o promociones, as\u00ed como aquellos productos o servicios que podamos considerar de tu inter\u00e9s ofrecidos por colaboradores o \u00abpartners\u00bb con los que mantengamos acuerdos de promoci\u00f3n.<\/li><\/ul><p>Estas comunicaciones ser\u00e1n siempre realizadas por <strong>Nombre empresa<\/strong> , sin que terceros tengan acceso a tus datos personales.<\/p><h3><strong>EXACTITUD Y VERACIDAD DE LOS DATOS<\/strong><\/h3><p>Como usuario, eres responsable de la veracidad y actualizaci\u00f3n de los datos que proporcionas. Aceptas proporcionar informaci\u00f3n completa y correcta en los formularios de contacto o suscripci\u00f3n. <\/p><h3><strong>BAJAS DE SUSCRIPCI\u00d3N Y DERECHO DE REVOCACI\u00d3N<\/strong><\/h3><p>Como titular de los datos, podr\u00e1s ejercitar en cualquier momento tus derechos de acceso, rectificaci\u00f3n, cancelaci\u00f3n y oposici\u00f3n enviando un correo electr\u00f3nico a <a rel=\"noopener\">email@test.com<\/a> adjuntando una copia de tu documento de identidad como prueba v\u00e1lida.<\/p><h3><strong>ACCESO A DATOS POR CUENTA DE TERCEROS<\/strong><\/h3><p>Para prestar servicios necesarios, compartimos datos con:<\/p><ul><li><strong>Dinahosting SL<\/strong> , proveedor de hosting. M\u00e1s informaci\u00f3n en <a href=\"https:\/\/dinahosting.com\/legal\/proteccion-datos\" target=\"_new\" rel=\"noopener\">https:\/\/dinahosting.com\/legal\/proteccion-datos<\/a> . <\/li><li><strong>Google Analytics<\/strong> : Analiza el uso del sitio web. Consulta su pol\u00edtica de privacidad en <a target=\"_new\" rel=\"noopener\">https:\/\/www.google.com\/intl\/ca\/policies\/privacy\/<\/a> . <\/li><li><strong>Google Adsense<\/strong> : Publica anuncios personalizados. Consulta su pol\u00edtica en <a target=\"_new\" rel=\"noopener\">https:\/\/www.google.com\/intl\/ca\/policies\/privacy\/<\/a> . <\/li><\/ul><h3><strong>MEDIDAS DE SEGURIDAD<\/strong><\/h3><p><strong>Nombre empresa<\/strong> ha adoptado todas las medidas necesarias para garantizar la seguridad e integridad de tus datos personales y evitar su p\u00e9rdida, alteraci\u00f3n o acceso no autorizado por terceros.<\/p><p>Para m\u00e1s informaci\u00f3n, puedes consultar nuestras p\u00e1ginas de <strong>Aviso Legal<\/strong> y <strong>Pol\u00edtica de Cookies<\/strong> .<\/p>\t\t\t\t\t\t\t\t<\/div>\n\t\t\t\t<\/div>\n\t\t\t\t\t<\/div>\n\t\t<\/div>\n\t\t\t\t\t<\/div>\n\t\t<\/section>\n\t\t\t\t<\/div>\n\t\t","protected":false},"excerpt":{"rendered":"<p>POL\u00cdTICA DE PRIVACIDAD POL\u00cdTICA DE PRIVACIDAD Si est\u00e1s aqu\u00ed es porque quieres saber m\u00e1s sobre las obligaciones y derechos que te corresponden como usuario de esta web www.llocweb.com , y eso est\u00e1 muy bien. Nuestro deber es informarte y el tuyo, estar debidamente informado. En esta Pol\u00edtica de Privacidad te informaremos con total transparencia sobre [&hellip;]<\/p>\n","protected":false},"author":3,"featured_media":0,"parent":0,"menu_order":0,"comment_status":"closed","ping_status":"open","template":"elementor_header_footer","meta":{"_acf_changed":false,"inline_featured_image":false,"footnotes":""},"class_list":["post-2893","page","type-page","status-publish","hentry"],"acf":[],"yoast_head":"<!-- This site is optimized with the Yoast SEO plugin v27.4 - https:\/\/yoast.com\/product\/yoast-seo-wordpress\/ -->\n<title>\u25b7Pol\u00edtica de privacidad - \u3010 SOS PIRINEUS \u3011<\/title>\n<meta name=\"description\" content=\"POL\u00cdTICA DE PRIVACIDAD POL\u00cdTICA DE PRIVACIDADSi est\u00e1s aqu\u00ed es porque quieres saber m\u00e1s sobre las obligaciones y derechos que te corresponden como usuario \u2713\" \/>\n<meta name=\"robots\" content=\"noindex, nofollow\" \/>\n<meta property=\"og:locale\" content=\"es_ES\" \/>\n<meta property=\"og:type\" content=\"article\" \/>\n<meta property=\"og:title\" content=\"\u25b7Pol\u00edtica de privacidad - \u3010 SOS PIRINEUS \u3011\" \/>\n<meta property=\"og:description\" content=\"POL\u00cdTICA DE PRIVACIDAD POL\u00cdTICA DE PRIVACIDADSi est\u00e1s aqu\u00ed es porque quieres saber m\u00e1s sobre las obligaciones y derechos que te corresponden como usuario \u2713\" \/>\n<meta property=\"og:url\" content=\"https:\/\/sospirineus.cat\/es\/politica-de-privacidad\/\" \/>\n<meta property=\"og:site_name\" content=\"SOS PIRINEUS\" \/>\n<meta property=\"article:modified_time\" content=\"2026-01-20T17:02:16+00:00\" \/>\n<meta name=\"twitter:card\" content=\"summary_large_image\" \/>\n<meta name=\"twitter:label1\" content=\"Tiempo de lectura\" \/>\n\t<meta name=\"twitter:data1\" content=\"5 minutos\" \/>\n<script type=\"application\/ld+json\" class=\"yoast-schema-graph\">{\"@context\":\"https:\\\/\\\/schema.org\",\"@graph\":[{\"@type\":\"WebPage\",\"@id\":\"https:\\\/\\\/sospirineus.cat\\\/es\\\/politica-de-privacidad\\\/\",\"url\":\"https:\\\/\\\/sospirineus.cat\\\/es\\\/politica-de-privacidad\\\/\",\"name\":\"\u25b7Pol\u00edtica de privacidad - \u3010 SOS PIRINEUS \u3011\",\"isPartOf\":{\"@id\":\"https:\\\/\\\/sospirineus.cat\\\/#website\"},\"datePublished\":\"2021-10-14T13:46:36+00:00\",\"dateModified\":\"2026-01-20T17:02:16+00:00\",\"description\":\"POL\u00cdTICA DE PRIVACIDAD POL\u00cdTICA DE PRIVACIDADSi est\u00e1s aqu\u00ed es porque quieres saber m\u00e1s sobre las obligaciones y derechos que te corresponden como usuario \u2713\",\"breadcrumb\":{\"@id\":\"https:\\\/\\\/sospirineus.cat\\\/es\\\/politica-de-privacidad\\\/#breadcrumb\"},\"inLanguage\":\"es\",\"potentialAction\":[{\"@type\":\"ReadAction\",\"target\":[\"https:\\\/\\\/sospirineus.cat\\\/es\\\/politica-de-privacidad\\\/\"]}]},{\"@type\":\"BreadcrumbList\",\"@id\":\"https:\\\/\\\/sospirineus.cat\\\/es\\\/politica-de-privacidad\\\/#breadcrumb\",\"itemListElement\":[{\"@type\":\"ListItem\",\"position\":1,\"name\":\"Portada\",\"item\":\"https:\\\/\\\/sospirineus.cat\\\/es\\\/inicio\\\/\"},{\"@type\":\"ListItem\",\"position\":2,\"name\":\"Pol\u00edtica de privacidad\"}]},{\"@type\":\"WebSite\",\"@id\":\"https:\\\/\\\/sospirineus.cat\\\/#website\",\"url\":\"https:\\\/\\\/sospirineus.cat\\\/\",\"name\":\"SOS PIRINEUS\",\"description\":\"ENCARA HI SOM A TEMPS\",\"publisher\":{\"@id\":\"https:\\\/\\\/sospirineus.cat\\\/#organization\"},\"potentialAction\":[{\"@type\":\"SearchAction\",\"target\":{\"@type\":\"EntryPoint\",\"urlTemplate\":\"https:\\\/\\\/sospirineus.cat\\\/?s={search_term_string}\"},\"query-input\":{\"@type\":\"PropertyValueSpecification\",\"valueRequired\":true,\"valueName\":\"search_term_string\"}}],\"inLanguage\":\"es\"},{\"@type\":\"Organization\",\"@id\":\"https:\\\/\\\/sospirineus.cat\\\/#organization\",\"name\":\"SOS PIRINEUS\",\"url\":\"https:\\\/\\\/sospirineus.cat\\\/\",\"logo\":{\"@type\":\"ImageObject\",\"inLanguage\":\"es\",\"@id\":\"https:\\\/\\\/sospirineus.cat\\\/#\\\/schema\\\/logo\\\/image\\\/\",\"url\":\"https:\\\/\\\/sospirineus.cat\\\/wp-content\\\/uploads\\\/2021\\\/10\\\/logo_sos_pirineus.png\",\"contentUrl\":\"https:\\\/\\\/sospirineus.cat\\\/wp-content\\\/uploads\\\/2021\\\/10\\\/logo_sos_pirineus.png\",\"width\":1898,\"height\":1338,\"caption\":\"SOS PIRINEUS\"},\"image\":{\"@id\":\"https:\\\/\\\/sospirineus.cat\\\/#\\\/schema\\\/logo\\\/image\\\/\"}}]}<\/script>\n<!-- \/ Yoast SEO plugin. -->","yoast_head_json":{"title":"\u25b7Pol\u00edtica de privacidad - \u3010 SOS PIRINEUS \u3011","description":"POL\u00cdTICA DE PRIVACIDAD POL\u00cdTICA DE PRIVACIDADSi est\u00e1s aqu\u00ed es porque quieres saber m\u00e1s sobre las obligaciones y derechos que te corresponden como usuario \u2713","robots":{"index":"noindex","follow":"nofollow"},"og_locale":"es_ES","og_type":"article","og_title":"\u25b7Pol\u00edtica de privacidad - \u3010 SOS PIRINEUS \u3011","og_description":"POL\u00cdTICA DE PRIVACIDAD POL\u00cdTICA DE PRIVACIDADSi est\u00e1s aqu\u00ed es porque quieres saber m\u00e1s sobre las obligaciones y derechos que te corresponden como usuario \u2713","og_url":"https:\/\/sospirineus.cat\/es\/politica-de-privacidad\/","og_site_name":"SOS PIRINEUS","article_modified_time":"2026-01-20T17:02:16+00:00","twitter_card":"summary_large_image","twitter_misc":{"Tiempo de lectura":"5 minutos"},"schema":{"@context":"https:\/\/schema.org","@graph":[{"@type":"WebPage","@id":"https:\/\/sospirineus.cat\/es\/politica-de-privacidad\/","url":"https:\/\/sospirineus.cat\/es\/politica-de-privacidad\/","name":"\u25b7Pol\u00edtica de privacidad - \u3010 SOS PIRINEUS \u3011","isPartOf":{"@id":"https:\/\/sospirineus.cat\/#website"},"datePublished":"2021-10-14T13:46:36+00:00","dateModified":"2026-01-20T17:02:16+00:00","description":"POL\u00cdTICA DE PRIVACIDAD POL\u00cdTICA DE PRIVACIDADSi est\u00e1s aqu\u00ed es porque quieres saber m\u00e1s sobre las obligaciones y derechos que te corresponden como usuario \u2713","breadcrumb":{"@id":"https:\/\/sospirineus.cat\/es\/politica-de-privacidad\/#breadcrumb"},"inLanguage":"es","potentialAction":[{"@type":"ReadAction","target":["https:\/\/sospirineus.cat\/es\/politica-de-privacidad\/"]}]},{"@type":"BreadcrumbList","@id":"https:\/\/sospirineus.cat\/es\/politica-de-privacidad\/#breadcrumb","itemListElement":[{"@type":"ListItem","position":1,"name":"Portada","item":"https:\/\/sospirineus.cat\/es\/inicio\/"},{"@type":"ListItem","position":2,"name":"Pol\u00edtica de privacidad"}]},{"@type":"WebSite","@id":"https:\/\/sospirineus.cat\/#website","url":"https:\/\/sospirineus.cat\/","name":"SOS PIRINEUS","description":"ENCARA HI SOM A TEMPS","publisher":{"@id":"https:\/\/sospirineus.cat\/#organization"},"potentialAction":[{"@type":"SearchAction","target":{"@type":"EntryPoint","urlTemplate":"https:\/\/sospirineus.cat\/?s={search_term_string}"},"query-input":{"@type":"PropertyValueSpecification","valueRequired":true,"valueName":"search_term_string"}}],"inLanguage":"es"},{"@type":"Organization","@id":"https:\/\/sospirineus.cat\/#organization","name":"SOS PIRINEUS","url":"https:\/\/sospirineus.cat\/","logo":{"@type":"ImageObject","inLanguage":"es","@id":"https:\/\/sospirineus.cat\/#\/schema\/logo\/image\/","url":"https:\/\/sospirineus.cat\/wp-content\/uploads\/2021\/10\/logo_sos_pirineus.png","contentUrl":"https:\/\/sospirineus.cat\/wp-content\/uploads\/2021\/10\/logo_sos_pirineus.png","width":1898,"height":1338,"caption":"SOS PIRINEUS"},"image":{"@id":"https:\/\/sospirineus.cat\/#\/schema\/logo\/image\/"}}]}},"_links":{"self":[{"href":"https:\/\/sospirineus.cat\/es\/wp-json\/wp\/v2\/pages\/2893","targetHints":{"allow":["GET"]}}],"collection":[{"href":"https:\/\/sospirineus.cat\/es\/wp-json\/wp\/v2\/pages"}],"about":[{"href":"https:\/\/sospirineus.cat\/es\/wp-json\/wp\/v2\/types\/page"}],"author":[{"embeddable":true,"href":"https:\/\/sospirineus.cat\/es\/wp-json\/wp\/v2\/users\/3"}],"replies":[{"embeddable":true,"href":"https:\/\/sospirineus.cat\/es\/wp-json\/wp\/v2\/comments?post=2893"}],"version-history":[{"count":1,"href":"https:\/\/sospirineus.cat\/es\/wp-json\/wp\/v2\/pages\/2893\/revisions"}],"predecessor-version":[{"id":2896,"href":"https:\/\/sospirineus.cat\/es\/wp-json\/wp\/v2\/pages\/2893\/revisions\/2896"}],"wp:attachment":[{"href":"https:\/\/sospirineus.cat\/es\/wp-json\/wp\/v2\/media?parent=2893"}],"curies":[{"name":"wp","href":"https:\/\/api.w.org\/{rel}","templated":true}]}}