{"id":2912,"date":"2025-05-07T09:49:47","date_gmt":"2025-05-07T07:49:47","guid":{"rendered":"https:\/\/sospirineus.cat\/nosotros\/"},"modified":"2026-01-20T18:02:21","modified_gmt":"2026-01-20T17:02:21","slug":"nosotros","status":"publish","type":"page","link":"https:\/\/sospirineus.cat\/es\/nosotros\/","title":{"rendered":"Nosotros"},"content":{"rendered":"\t\t<div data-elementor-type=\"wp-page\" data-elementor-id=\"2912\" class=\"elementor elementor-2912 elementor-2112\" data-elementor-post-type=\"page\">\n\t\t\t\t<div class=\"elementor-element elementor-element-586eb44 e-flex e-con-boxed e-con e-parent\" data-id=\"586eb44\" data-element_type=\"container\" data-e-type=\"container\">\n\t\t\t\t\t<div class=\"e-con-inner\">\n\t\t<div class=\"elementor-element elementor-element-b4d3334 e-con-full e-flex e-con e-child\" data-id=\"b4d3334\" data-element_type=\"container\" data-e-type=\"container\">\n\t\t\t\t<div class=\"elementor-element elementor-element-c5b8b16 elementor-widget elementor-widget-heading\" data-id=\"c5b8b16\" data-element_type=\"widget\" data-e-type=\"widget\" data-widget_type=\"heading.default\">\n\t\t\t\t<div class=\"elementor-widget-container\">\n\t\t\t\t\t<h2 class=\"elementor-heading-title elementor-size-default\">\u00bfQUI\u00c9NES SOMOS?<\/h2>\t\t\t\t<\/div>\n\t\t\t\t<\/div>\n\t\t\t\t<div class=\"elementor-element elementor-element-f612f4d elementor-widget elementor-widget-text-editor\" data-id=\"f612f4d\" data-element_type=\"widget\" data-e-type=\"widget\" data-widget_type=\"text-editor.default\">\n\t\t\t\t<div class=\"elementor-widget-container\">\n\t\t\t\t\t\t\t\t\t<p>Asociaci\u00f3n de personas, profesionales y colectivos de diferentes \u00e1mbitos sin \u00e1nimo de lucro que velamos y luchamos para:<br> &#8211; la protecci\u00f3n del medio ambiente.<br> &#8211; la defensa del territorio para un futuro justo, equilibrado y confortable para los habitantes de los Pirineos.<\/p>\n<p>No tenemos ning\u00fan v\u00ednculo con administraciones, empresas o intereses personales, pol\u00edticos o partidistas.<\/p>\n<p>El \u00e1mbito de actuaci\u00f3n se concentra mayoritariamente en los Prepirineos y Pirineos catalanes, a pesar de las complicidades con Arag\u00f3n, Navarra, Euskadi, el Ariege, &#8230;<\/p>\n<div><span style=\"text-align: justify; background-color: transparent; font-size: 10pt; font-family: 'Century Gothic', sans-serif; color: #000000; font-variant-numeric: normal; font-variant-east-asian: normal; font-variant-alternates: normal; font-variant-position: normal; font-variant-emoji: normal; vertical-align: baseline; white-space-collapse: preserve;\">&nbsp;<\/span><\/div>\t\t\t\t\t\t\t\t<\/div>\n\t\t\t\t<\/div>\n\t\t\t\t<\/div>\n\t\t\t\t<div class=\"elementor-element elementor-element-bc88cca elementor-widget__width-inherit elementor-widget elementor-widget-image\" data-id=\"bc88cca\" data-element_type=\"widget\" data-e-type=\"widget\" data-widget_type=\"image.default\">\n\t\t\t\t<div class=\"elementor-widget-container\">\n\t\t\t\t\t\t\t\t\t\t\t\t\t\t\t<img fetchpriority=\"high\" decoding=\"async\" width=\"1080\" height=\"1080\" src=\"https:\/\/sospirineus.cat\/wp-content\/uploads\/2025\/05\/20230423_Recolzament_CanalRoya.jpg\" class=\"attachment-full size-full wp-image-767\" alt=\"\" srcset=\"https:\/\/sospirineus.cat\/wp-content\/uploads\/2025\/05\/20230423_Recolzament_CanalRoya.jpg 1080w, https:\/\/sospirineus.cat\/wp-content\/uploads\/2025\/05\/20230423_Recolzament_CanalRoya-300x300.jpg 300w, https:\/\/sospirineus.cat\/wp-content\/uploads\/2025\/05\/20230423_Recolzament_CanalRoya-100x100.jpg 100w, https:\/\/sospirineus.cat\/wp-content\/uploads\/2025\/05\/20230423_Recolzament_CanalRoya-600x600.jpg 600w, https:\/\/sospirineus.cat\/wp-content\/uploads\/2025\/05\/20230423_Recolzament_CanalRoya-1024x1024.jpg 1024w, https:\/\/sospirineus.cat\/wp-content\/uploads\/2025\/05\/20230423_Recolzament_CanalRoya-150x150.jpg 150w, https:\/\/sospirineus.cat\/wp-content\/uploads\/2025\/05\/20230423_Recolzament_CanalRoya-768x768.jpg 768w, https:\/\/sospirineus.cat\/wp-content\/uploads\/2025\/05\/20230423_Recolzament_CanalRoya-180x180.jpg 180w, https:\/\/sospirineus.cat\/wp-content\/uploads\/2025\/05\/20230423_Recolzament_CanalRoya-360x360.jpg 360w, https:\/\/sospirineus.cat\/wp-content\/uploads\/2025\/05\/20230423_Recolzament_CanalRoya-640x640.jpg 640w\" sizes=\"(max-width: 1080px) 100vw, 1080px\" \/>\t\t\t\t\t\t\t\t\t\t\t\t\t\t\t<\/div>\n\t\t\t\t<\/div>\n\t\t\t\t\t<\/div>\n\t\t\t\t<\/div>\n\t\t<div class=\"elementor-element elementor-element-84ecc4a e-flex e-con-boxed e-con e-parent\" data-id=\"84ecc4a\" data-element_type=\"container\" data-e-type=\"container\">\n\t\t\t\t\t<div class=\"e-con-inner\">\n\t\t<div class=\"elementor-element elementor-element-e53a454 e-con-full e-flex e-con e-child\" data-id=\"e53a454\" data-element_type=\"container\" data-e-type=\"container\">\n\t\t\t\t<div class=\"elementor-element elementor-element-01466cc elementor-widget elementor-widget-heading\" data-id=\"01466cc\" data-element_type=\"widget\" data-e-type=\"widget\" data-widget_type=\"heading.default\">\n\t\t\t\t<div class=\"elementor-widget-container\">\n\t\t\t\t\t<h2 class=\"elementor-heading-title elementor-size-default\">\u00bfC\u00d3MO ACTUAMOS?<\/h2>\t\t\t\t<\/div>\n\t\t\t\t<\/div>\n\t\t\t\t<div class=\"elementor-element elementor-element-cfb3d05 elementor-widget elementor-widget-text-editor\" data-id=\"cfb3d05\" data-element_type=\"widget\" data-e-type=\"widget\" data-widget_type=\"text-editor.default\">\n\t\t\t\t<div class=\"elementor-widget-container\">\n\t\t\t\t\t\t\t\t\t<p><span style=\"font-weight: 400;\">Pese a los limitados recursos, nuestro capital m\u00e1s valioso es el humano, gracias al cual llegamos hasta aqu\u00ed.<\/span><\/p><p><b>Somos altavoz<\/b> <span style=\"font-weight: 400;\">de agresiones, quejas, protestas o denuncias de colectivos o personas<\/span><\/p><p><b>Lideramos investigaciones<\/b> <span style=\"font-weight: 400;\">rigurosas donde existen indicios de presuntos delitos a trav\u00e9s de trabajo de campo contrastando documentaci\u00f3n, testigos y hechos.<\/span><\/p><p><b>Colaboramos con entidades<\/b> <span style=\"font-weight: 400;\">a lo largo de toda la cordillera pirenaica a caballo entre los estados espa\u00f1ol, franc\u00e9s y andorrano.<\/span><\/p><p>No tenemos ning\u00fan v\u00ednculo con administraciones, empresas o intereses personales, pol\u00edticos o partidistas.<\/p><p>El \u00e1mbito de actuaci\u00f3n se concentra mayoritariamente en los Prepirineos y Pirineos catalanes, a pesar de las complicidades con Arag\u00f3n, Navarra, Euskadi, el Ariege, &#8230;<\/p><div><span style=\"text-align: justify; background-color: transparent; font-size: 10pt; font-family: 'Century Gothic', sans-serif; color: #000000; font-variant-numeric: normal; font-variant-east-asian: normal; font-variant-alternates: normal; font-variant-position: normal; font-variant-emoji: normal; vertical-align: baseline; white-space-collapse: preserve;\"> <\/span><\/div>\t\t\t\t\t\t\t\t<\/div>\n\t\t\t\t<\/div>\n\t\t\t\t<\/div>\n\t\t\t\t<div class=\"elementor-element elementor-element-d8f8c02 elementor-widget__width-inherit elementor-widget elementor-widget-image\" data-id=\"d8f8c02\" data-element_type=\"widget\" data-e-type=\"widget\" data-widget_type=\"image.default\">\n\t\t\t\t<div class=\"elementor-widget-container\">\n\t\t\t\t\t\t\t\t\t\t\t\t\t\t\t<img decoding=\"async\" width=\"800\" height=\"734\" src=\"https:\/\/sospirineus.cat\/wp-content\/uploads\/2025\/05\/20190408_Primerspassos-1024x939.jpg\" class=\"attachment-large size-large wp-image-765\" alt=\"\" srcset=\"https:\/\/sospirineus.cat\/wp-content\/uploads\/2025\/05\/20190408_Primerspassos-1024x939.jpg 1024w, https:\/\/sospirineus.cat\/wp-content\/uploads\/2025\/05\/20190408_Primerspassos-600x550.jpg 600w, https:\/\/sospirineus.cat\/wp-content\/uploads\/2025\/05\/20190408_Primerspassos-300x275.jpg 300w, https:\/\/sospirineus.cat\/wp-content\/uploads\/2025\/05\/20190408_Primerspassos-768x704.jpg 768w, https:\/\/sospirineus.cat\/wp-content\/uploads\/2025\/05\/20190408_Primerspassos-180x165.jpg 180w, https:\/\/sospirineus.cat\/wp-content\/uploads\/2025\/05\/20190408_Primerspassos-360x330.jpg 360w, https:\/\/sospirineus.cat\/wp-content\/uploads\/2025\/05\/20190408_Primerspassos-640x587.jpg 640w, https:\/\/sospirineus.cat\/wp-content\/uploads\/2025\/05\/20190408_Primerspassos.jpg 1037w\" sizes=\"(max-width: 800px) 100vw, 800px\" \/>\t\t\t\t\t\t\t\t\t\t\t\t\t\t\t<\/div>\n\t\t\t\t<\/div>\n\t\t\t\t\t<\/div>\n\t\t\t\t<\/div>\n\t\t<div class=\"elementor-element elementor-element-a730088 e-flex e-con-boxed e-con e-parent\" data-id=\"a730088\" data-element_type=\"container\" data-e-type=\"container\">\n\t\t\t\t\t<div class=\"e-con-inner\">\n\t\t<div class=\"elementor-element elementor-element-48f0cb4 e-con-full e-flex e-con e-child\" data-id=\"48f0cb4\" data-element_type=\"container\" data-e-type=\"container\">\n\t\t\t\t<div class=\"elementor-element elementor-element-369a59b elementor-widget elementor-widget-heading\" data-id=\"369a59b\" data-element_type=\"widget\" data-e-type=\"widget\" data-widget_type=\"heading.default\">\n\t\t\t\t<div class=\"elementor-widget-container\">\n\t\t\t\t\t<h2 class=\"elementor-heading-title elementor-size-default\">\u00bfFUNCIONES?<\/h2>\t\t\t\t<\/div>\n\t\t\t\t<\/div>\n\t\t\t\t<div class=\"elementor-element elementor-element-7960be0 elementor-widget elementor-widget-text-editor\" data-id=\"7960be0\" data-element_type=\"widget\" data-e-type=\"widget\" data-widget_type=\"text-editor.default\">\n\t\t\t\t<div class=\"elementor-widget-container\">\n\t\t\t\t\t\t\t\t\t<p><b>Concienciar<\/b> <span style=\"font-weight: 400;\">a la sociedad de los problemas ambientales, sociales, econ\u00f3micos y humanitarios.<\/span><\/p><p><b>Impulsar<\/b> <b>proyectos<\/b> <span style=\"font-weight: 400;\">de transformaci\u00f3n social, medioambiental y econ\u00f3mica.<\/span><\/p><p><b>Motivar<\/b> <b>a<\/b> <b>las<\/b> <b>personas<\/b> <span style=\"font-weight: 400;\">a que sean protagonistas del cambio.<\/span><\/p><p><b>Formar a la ciudadan\u00eda<\/b> <span style=\"font-weight: 400;\">tanto en la sensibilizaci\u00f3n y conocimiento cient\u00edfico del medio ambiente como de sus derechos y obligaciones.<\/span><\/p><p><b>Complementar las pol\u00edticas p\u00fablicas<\/b> <span style=\"font-weight: 400;\">.<\/span><\/p><p><b>Trabajar con honestidad, profesionalidad, compromiso y transparencia<\/b> <span style=\"font-weight: 400;\">.<\/span><\/p>\t\t\t\t\t\t\t\t<\/div>\n\t\t\t\t<\/div>\n\t\t\t\t<\/div>\n\t\t<div class=\"elementor-element elementor-element-561c1dd e-con-full e-flex e-con e-child\" data-id=\"561c1dd\" data-element_type=\"container\" data-e-type=\"container\">\n\t\t\t\t<div class=\"elementor-element elementor-element-0f07f09 elementor-widget elementor-widget-heading\" data-id=\"0f07f09\" data-element_type=\"widget\" data-e-type=\"widget\" data-widget_type=\"heading.default\">\n\t\t\t\t<div class=\"elementor-widget-container\">\n\t\t\t\t\t<h2 class=\"elementor-heading-title elementor-size-default\">\u00bfC\u00d3MO FUNCIONAMOS?<\/h2>\t\t\t\t<\/div>\n\t\t\t\t<\/div>\n\t\t\t\t<div class=\"elementor-element elementor-element-4932da2 elementor-widget elementor-widget-text-editor\" data-id=\"4932da2\" data-element_type=\"widget\" data-e-type=\"widget\" data-widget_type=\"text-editor.default\">\n\t\t\t\t<div class=\"elementor-widget-container\">\n\t\t\t\t\t\t\t\t\t<p><b>Nada es imposible<\/b> . Creemos importante marcar metas tangibles, en plazos factibles para poder alcanzar objetivos reales y definir estrategias eficientes   <b> <\/b><\/p><p><b>Nos autofinanciamos<\/b> a trav\u00e9s de aportaciones de socias y colaboradores.<\/p><p><b>Nos autogestionamos<\/b> a trav\u00e9s de asambleas y reuniones peri\u00f3dicas presenciales y\/o telem\u00e1ticas. La junta est\u00e1 formada habitualmente por tres miembros y dos colaboradores, quienes convocan las reuniones, articulan estrategias y moderan los debates.   <\/p><p><b>El funcionamiento de la asociaci\u00f3n es horizontal.<\/b>  Los cargos de la junta son nominativos y puramente responden a exigencias administrativas y fiscales.<\/p>\t\t\t\t\t\t\t\t<\/div>\n\t\t\t\t<\/div>\n\t\t\t\t<\/div>\n\t\t\t\t\t<\/div>\n\t\t\t\t<\/div>\n\t\t<div class=\"elementor-element elementor-element-8b4f121 e-flex e-con-boxed e-con e-parent\" data-id=\"8b4f121\" data-element_type=\"container\" data-e-type=\"container\">\n\t\t\t\t\t<div class=\"e-con-inner\">\n\t\t\t\t<div class=\"elementor-element elementor-element-4137616 elementor-mobile-align-center elementor-widget-mobile__width-inherit elementor-widget elementor-widget-button\" data-id=\"4137616\" data-element_type=\"widget\" data-e-type=\"widget\" data-widget_type=\"button.default\">\n\t\t\t\t<div class=\"elementor-widget-container\">\n\t\t\t\t\t\t\t\t\t<div class=\"elementor-button-wrapper\">\n\t\t\t\t\t<a class=\"elementor-button elementor-button-link elementor-size-sm\" href=\"https:\/\/sospirineus.cat\/wp-content\/uploads\/2025\/06\/20250518_SOSP_Triptic_6.0_blanc_primera_OK.pdf\" target=\"_blank\" rel=\"nofollow\">\n\t\t\t\t\t\t<span class=\"elementor-button-content-wrapper\">\n\t\t\t\t\t\t<span class=\"elementor-button-icon\">\n\t\t\t\t<svg xmlns=\"http:\/\/www.w3.org\/2000\/svg\" width=\"26\" height=\"14\" viewBox=\"0 0 26 14\" fill=\"none\"><path d=\"M20.0307 7.77778H5.9693C5.53183 7.77778 5.18811 7.43556 5.18811 7.00001C5.18811 6.56445 5.53183 6.22223 5.9693 6.22223H20.0307C20.4682 6.22223 20.8119 6.56445 20.8119 7.00001C20.8119 7.43556 20.4682 7.77778 20.0307 7.77778Z\" fill=\"#292929\"><\/path><path d=\"M16.1248 13.2222C16.0223 13.2234 15.9207 13.2033 15.8265 13.1631C15.7324 13.123 15.6477 13.0636 15.5779 12.9889C15.2654 12.6778 15.2654 12.1955 15.5779 11.8844L20.4994 6.98442L15.5779 2.08442C15.2654 1.77331 15.2654 1.29109 15.5779 0.979976C15.8904 0.668865 16.3747 0.668865 16.6872 0.979976L22.1555 6.42442C22.468 6.73553 22.468 7.21776 22.1555 7.52887L16.6872 12.9733C16.531 13.1289 16.3279 13.2066 16.1404 13.2066L16.1248 13.2222Z\" fill=\"#292929\"><\/path><\/svg>\t\t\t<\/span>\n\t\t\t\t\t\t\t\t\t<span class=\"elementor-button-text\">Descarga Tr\u00edptico SOS Prineus<\/span>\n\t\t\t\t\t<\/span>\n\t\t\t\t\t<\/a>\n\t\t\t\t<\/div>\n\t\t\t\t\t\t\t\t<\/div>\n\t\t\t\t<\/div>\n\t\t\t\t\t<\/div>\n\t\t\t\t<\/div>\n\t\t\t\t<\/div>\n\t\t","protected":false},"excerpt":{"rendered":"<p>\u00bfQUI\u00c9NES SOMOS? Asociaci\u00f3n de personas, profesionales y colectivos de diferentes \u00e1mbitos sin \u00e1nimo de lucro que velamos y luchamos para: &#8211; la protecci\u00f3n del medio ambiente. &#8211; la defensa del territorio para un futuro justo, equilibrado y confortable para los habitantes de los Pirineos. No tenemos ning\u00fan v\u00ednculo con administraciones, empresas o intereses personales, pol\u00edticos [&hellip;]<\/p>\n","protected":false},"author":3,"featured_media":0,"parent":0,"menu_order":0,"comment_status":"closed","ping_status":"closed","template":"","meta":{"_acf_changed":false,"inline_featured_image":false,"footnotes":""},"class_list":["post-2912","page","type-page","status-publish","hentry"],"acf":[],"yoast_head":"<!-- This site is optimized with the Yoast SEO plugin v27.4 - https:\/\/yoast.com\/product\/yoast-seo-wordpress\/ -->\n<title>\u25b7Nosotros - \u3010 SOS PIRINEUS \u3011<\/title>\n<meta name=\"description\" content=\"\u00bfQUI\u00c9NES SOMOS? Asociaci\u00f3n de personas, profesionales y colectivos de diferentes \u00e1mbitos sin \u00e1nimo de lucro que velamos y luchamos para: - la protecci\u00f3n \u2713\" \/>\n<meta name=\"robots\" content=\"index, follow, max-snippet:-1, max-image-preview:large, max-video-preview:-1\" \/>\n<link rel=\"canonical\" href=\"https:\/\/sospirineus.cat\/es\/nosotros\/\" \/>\n<meta property=\"og:locale\" content=\"es_ES\" \/>\n<meta property=\"og:type\" content=\"article\" \/>\n<meta property=\"og:title\" content=\"\u25b7Nosotros - \u3010 SOS PIRINEUS \u3011\" \/>\n<meta property=\"og:description\" content=\"\u00bfQUI\u00c9NES SOMOS? Asociaci\u00f3n de personas, profesionales y colectivos de diferentes \u00e1mbitos sin \u00e1nimo de lucro que velamos y luchamos para: - la protecci\u00f3n \u2713\" \/>\n<meta property=\"og:url\" content=\"https:\/\/sospirineus.cat\/es\/nosotros\/\" \/>\n<meta property=\"og:site_name\" content=\"SOS PIRINEUS\" \/>\n<meta property=\"article:modified_time\" content=\"2026-01-20T17:02:21+00:00\" \/>\n<meta property=\"og:image\" content=\"https:\/\/sospirineus.cat\/wp-content\/uploads\/2025\/05\/20230423_Recolzament_CanalRoya.jpg\" \/>\n\t<meta property=\"og:image:width\" content=\"1080\" \/>\n\t<meta property=\"og:image:height\" content=\"1080\" \/>\n\t<meta property=\"og:image:type\" content=\"image\/jpeg\" \/>\n<meta name=\"twitter:card\" content=\"summary_large_image\" \/>\n<meta name=\"twitter:label1\" content=\"Tiempo de lectura\" \/>\n\t<meta name=\"twitter:data1\" content=\"2 minutos\" \/>\n<script type=\"application\/ld+json\" class=\"yoast-schema-graph\">{\"@context\":\"https:\\\/\\\/schema.org\",\"@graph\":[{\"@type\":\"WebPage\",\"@id\":\"https:\\\/\\\/sospirineus.cat\\\/es\\\/nosotros\\\/\",\"url\":\"https:\\\/\\\/sospirineus.cat\\\/es\\\/nosotros\\\/\",\"name\":\"\u25b7Nosotros - \u3010 SOS PIRINEUS \u3011\",\"isPartOf\":{\"@id\":\"https:\\\/\\\/sospirineus.cat\\\/#website\"},\"primaryImageOfPage\":{\"@id\":\"https:\\\/\\\/sospirineus.cat\\\/es\\\/nosotros\\\/#primaryimage\"},\"image\":{\"@id\":\"https:\\\/\\\/sospirineus.cat\\\/es\\\/nosotros\\\/#primaryimage\"},\"thumbnailUrl\":\"https:\\\/\\\/sospirineus.cat\\\/wp-content\\\/uploads\\\/2025\\\/05\\\/20230423_Recolzament_CanalRoya.jpg\",\"datePublished\":\"2025-05-07T07:49:47+00:00\",\"dateModified\":\"2026-01-20T17:02:21+00:00\",\"description\":\"\u00bfQUI\u00c9NES SOMOS? Asociaci\u00f3n de personas, profesionales y colectivos de diferentes \u00e1mbitos sin \u00e1nimo de lucro que velamos y luchamos para: - la protecci\u00f3n \u2713\",\"breadcrumb\":{\"@id\":\"https:\\\/\\\/sospirineus.cat\\\/es\\\/nosotros\\\/#breadcrumb\"},\"inLanguage\":\"es\",\"potentialAction\":[{\"@type\":\"ReadAction\",\"target\":[\"https:\\\/\\\/sospirineus.cat\\\/es\\\/nosotros\\\/\"]}]},{\"@type\":\"ImageObject\",\"inLanguage\":\"es\",\"@id\":\"https:\\\/\\\/sospirineus.cat\\\/es\\\/nosotros\\\/#primaryimage\",\"url\":\"https:\\\/\\\/sospirineus.cat\\\/wp-content\\\/uploads\\\/2025\\\/05\\\/20230423_Recolzament_CanalRoya.jpg\",\"contentUrl\":\"https:\\\/\\\/sospirineus.cat\\\/wp-content\\\/uploads\\\/2025\\\/05\\\/20230423_Recolzament_CanalRoya.jpg\"},{\"@type\":\"BreadcrumbList\",\"@id\":\"https:\\\/\\\/sospirineus.cat\\\/es\\\/nosotros\\\/#breadcrumb\",\"itemListElement\":[{\"@type\":\"ListItem\",\"position\":1,\"name\":\"Portada\",\"item\":\"https:\\\/\\\/sospirineus.cat\\\/es\\\/inicio\\\/\"},{\"@type\":\"ListItem\",\"position\":2,\"name\":\"Nosotros\"}]},{\"@type\":\"WebSite\",\"@id\":\"https:\\\/\\\/sospirineus.cat\\\/#website\",\"url\":\"https:\\\/\\\/sospirineus.cat\\\/\",\"name\":\"SOS PIRINEUS\",\"description\":\"ENCARA HI SOM A TEMPS\",\"publisher\":{\"@id\":\"https:\\\/\\\/sospirineus.cat\\\/#organization\"},\"potentialAction\":[{\"@type\":\"SearchAction\",\"target\":{\"@type\":\"EntryPoint\",\"urlTemplate\":\"https:\\\/\\\/sospirineus.cat\\\/?s={search_term_string}\"},\"query-input\":{\"@type\":\"PropertyValueSpecification\",\"valueRequired\":true,\"valueName\":\"search_term_string\"}}],\"inLanguage\":\"es\"},{\"@type\":\"Organization\",\"@id\":\"https:\\\/\\\/sospirineus.cat\\\/#organization\",\"name\":\"SOS PIRINEUS\",\"url\":\"https:\\\/\\\/sospirineus.cat\\\/\",\"logo\":{\"@type\":\"ImageObject\",\"inLanguage\":\"es\",\"@id\":\"https:\\\/\\\/sospirineus.cat\\\/#\\\/schema\\\/logo\\\/image\\\/\",\"url\":\"https:\\\/\\\/sospirineus.cat\\\/wp-content\\\/uploads\\\/2021\\\/10\\\/logo_sos_pirineus.png\",\"contentUrl\":\"https:\\\/\\\/sospirineus.cat\\\/wp-content\\\/uploads\\\/2021\\\/10\\\/logo_sos_pirineus.png\",\"width\":1898,\"height\":1338,\"caption\":\"SOS PIRINEUS\"},\"image\":{\"@id\":\"https:\\\/\\\/sospirineus.cat\\\/#\\\/schema\\\/logo\\\/image\\\/\"}}]}<\/script>\n<!-- \/ Yoast SEO plugin. -->","yoast_head_json":{"title":"\u25b7Nosotros - \u3010 SOS PIRINEUS \u3011","description":"\u00bfQUI\u00c9NES SOMOS? Asociaci\u00f3n de personas, profesionales y colectivos de diferentes \u00e1mbitos sin \u00e1nimo de lucro que velamos y luchamos para: - la protecci\u00f3n \u2713","robots":{"index":"index","follow":"follow","max-snippet":"max-snippet:-1","max-image-preview":"max-image-preview:large","max-video-preview":"max-video-preview:-1"},"canonical":"https:\/\/sospirineus.cat\/es\/nosotros\/","og_locale":"es_ES","og_type":"article","og_title":"\u25b7Nosotros - \u3010 SOS PIRINEUS \u3011","og_description":"\u00bfQUI\u00c9NES SOMOS? Asociaci\u00f3n de personas, profesionales y colectivos de diferentes \u00e1mbitos sin \u00e1nimo de lucro que velamos y luchamos para: - la protecci\u00f3n \u2713","og_url":"https:\/\/sospirineus.cat\/es\/nosotros\/","og_site_name":"SOS PIRINEUS","article_modified_time":"2026-01-20T17:02:21+00:00","og_image":[{"width":1080,"height":1080,"url":"https:\/\/sospirineus.cat\/wp-content\/uploads\/2025\/05\/20230423_Recolzament_CanalRoya.jpg","type":"image\/jpeg"}],"twitter_card":"summary_large_image","twitter_misc":{"Tiempo de lectura":"2 minutos"},"schema":{"@context":"https:\/\/schema.org","@graph":[{"@type":"WebPage","@id":"https:\/\/sospirineus.cat\/es\/nosotros\/","url":"https:\/\/sospirineus.cat\/es\/nosotros\/","name":"\u25b7Nosotros - \u3010 SOS PIRINEUS \u3011","isPartOf":{"@id":"https:\/\/sospirineus.cat\/#website"},"primaryImageOfPage":{"@id":"https:\/\/sospirineus.cat\/es\/nosotros\/#primaryimage"},"image":{"@id":"https:\/\/sospirineus.cat\/es\/nosotros\/#primaryimage"},"thumbnailUrl":"https:\/\/sospirineus.cat\/wp-content\/uploads\/2025\/05\/20230423_Recolzament_CanalRoya.jpg","datePublished":"2025-05-07T07:49:47+00:00","dateModified":"2026-01-20T17:02:21+00:00","description":"\u00bfQUI\u00c9NES SOMOS? Asociaci\u00f3n de personas, profesionales y colectivos de diferentes \u00e1mbitos sin \u00e1nimo de lucro que velamos y luchamos para: - la protecci\u00f3n \u2713","breadcrumb":{"@id":"https:\/\/sospirineus.cat\/es\/nosotros\/#breadcrumb"},"inLanguage":"es","potentialAction":[{"@type":"ReadAction","target":["https:\/\/sospirineus.cat\/es\/nosotros\/"]}]},{"@type":"ImageObject","inLanguage":"es","@id":"https:\/\/sospirineus.cat\/es\/nosotros\/#primaryimage","url":"https:\/\/sospirineus.cat\/wp-content\/uploads\/2025\/05\/20230423_Recolzament_CanalRoya.jpg","contentUrl":"https:\/\/sospirineus.cat\/wp-content\/uploads\/2025\/05\/20230423_Recolzament_CanalRoya.jpg"},{"@type":"BreadcrumbList","@id":"https:\/\/sospirineus.cat\/es\/nosotros\/#breadcrumb","itemListElement":[{"@type":"ListItem","position":1,"name":"Portada","item":"https:\/\/sospirineus.cat\/es\/inicio\/"},{"@type":"ListItem","position":2,"name":"Nosotros"}]},{"@type":"WebSite","@id":"https:\/\/sospirineus.cat\/#website","url":"https:\/\/sospirineus.cat\/","name":"SOS PIRINEUS","description":"ENCARA HI SOM A TEMPS","publisher":{"@id":"https:\/\/sospirineus.cat\/#organization"},"potentialAction":[{"@type":"SearchAction","target":{"@type":"EntryPoint","urlTemplate":"https:\/\/sospirineus.cat\/?s={search_term_string}"},"query-input":{"@type":"PropertyValueSpecification","valueRequired":true,"valueName":"search_term_string"}}],"inLanguage":"es"},{"@type":"Organization","@id":"https:\/\/sospirineus.cat\/#organization","name":"SOS PIRINEUS","url":"https:\/\/sospirineus.cat\/","logo":{"@type":"ImageObject","inLanguage":"es","@id":"https:\/\/sospirineus.cat\/#\/schema\/logo\/image\/","url":"https:\/\/sospirineus.cat\/wp-content\/uploads\/2021\/10\/logo_sos_pirineus.png","contentUrl":"https:\/\/sospirineus.cat\/wp-content\/uploads\/2021\/10\/logo_sos_pirineus.png","width":1898,"height":1338,"caption":"SOS PIRINEUS"},"image":{"@id":"https:\/\/sospirineus.cat\/#\/schema\/logo\/image\/"}}]}},"_links":{"self":[{"href":"https:\/\/sospirineus.cat\/es\/wp-json\/wp\/v2\/pages\/2912","targetHints":{"allow":["GET"]}}],"collection":[{"href":"https:\/\/sospirineus.cat\/es\/wp-json\/wp\/v2\/pages"}],"about":[{"href":"https:\/\/sospirineus.cat\/es\/wp-json\/wp\/v2\/types\/page"}],"author":[{"embeddable":true,"href":"https:\/\/sospirineus.cat\/es\/wp-json\/wp\/v2\/users\/3"}],"replies":[{"embeddable":true,"href":"https:\/\/sospirineus.cat\/es\/wp-json\/wp\/v2\/comments?post=2912"}],"version-history":[{"count":1,"href":"https:\/\/sospirineus.cat\/es\/wp-json\/wp\/v2\/pages\/2912\/revisions"}],"predecessor-version":[{"id":2913,"href":"https:\/\/sospirineus.cat\/es\/wp-json\/wp\/v2\/pages\/2912\/revisions\/2913"}],"wp:attachment":[{"href":"https:\/\/sospirineus.cat\/es\/wp-json\/wp\/v2\/media?parent=2912"}],"curies":[{"name":"wp","href":"https:\/\/api.w.org\/{rel}","templated":true}]}}