{"id":2851,"date":"2025-05-22T15:51:20","date_gmt":"2025-05-22T13:51:20","guid":{"rendered":"https:\/\/sospirineus.cat\/manifestua\/"},"modified":"2026-01-20T18:02:00","modified_gmt":"2026-01-20T17:02:00","slug":"manifestua","status":"publish","type":"page","link":"https:\/\/sospirineus.cat\/eu\/manifestua\/","title":{"rendered":"Manifestua"},"content":{"rendered":"\t\t<div data-elementor-type=\"wp-page\" data-elementor-id=\"2851\" class=\"elementor elementor-2851 elementor-2110\" data-elementor-post-type=\"page\">\n\t\t\t\t\t\t<section class=\"elementor-section elementor-top-section elementor-element elementor-element-83c3299 elementor-section-boxed elementor-section-height-default elementor-section-height-default\" data-id=\"83c3299\" data-element_type=\"section\" data-e-type=\"section\">\n\t\t\t\t\t\t<div class=\"elementor-container elementor-column-gap-default\">\n\t\t\t\t\t<div class=\"elementor-column elementor-col-100 elementor-top-column elementor-element elementor-element-c192ef9\" data-id=\"c192ef9\" data-element_type=\"column\" data-e-type=\"column\">\n\t\t\t<div class=\"elementor-widget-wrap\">\n\t\t\t\t\t\t\t<\/div>\n\t\t<\/div>\n\t\t\t\t\t<\/div>\n\t\t<\/section>\n\t\t<div class=\"elementor-element elementor-element-335d298 e-flex e-con-boxed e-con e-parent\" data-id=\"335d298\" data-element_type=\"container\" data-e-type=\"container\">\n\t\t\t\t\t<div class=\"e-con-inner\">\n\t\t\t\t<div class=\"elementor-element elementor-element-5dbecc7 elementor-widget elementor-widget-heading\" data-id=\"5dbecc7\" data-element_type=\"widget\" data-e-type=\"widget\" data-widget_type=\"heading.default\">\n\t\t\t\t<div class=\"elementor-widget-container\">\n\t\t\t\t\t<h2 class=\"elementor-heading-title elementor-size-default\">SOS PIRINIOEN MANIFESTUA<\/h2>\t\t\t\t<\/div>\n\t\t\t\t<\/div>\n\t\t\t\t<div class=\"elementor-element elementor-element-61209a8 elementor-widget elementor-widget-text-editor\" data-id=\"61209a8\" data-element_type=\"widget\" data-e-type=\"widget\" data-widget_type=\"text-editor.default\">\n\t\t\t\t<div class=\"elementor-widget-container\">\n\t\t\t\t\t\t\t\t\t<p>Behean sinatzen duten erakunde eta pertsonek Kataluniako gizarteari, Kataluniako Pirinioetako udal eta udal guztiei eta Kataluniako Generalitateko Gobernuari zuzentzen zaizkie ingurumenaren eta Pirinioetako baldintzen eta bizimoduen gainean dauden mehatxu desberdinen berri emateko:<\/p>\n<p><b>BERGUED\u00c0 (GORDE DEZAGUN COL DE PAL)<\/b><br> La Molina eski estazioko hedapena Coll de Pal-etik<br> Alp 2500 teleferikoaren luzapena Niu d&#8217;\u00c0ligaraino, Cerdanya eta Bergued\u00e0 lotuz, Coll de Pal-eko aulkiaren eraikuntzarekin, 93.000 m3-ko ur-biltegiarekin, instalazioen gunearekin eta 174 ibilgailurentzako aparkalekuarekin. Espazio honen gehiegizko jendetzak ondorio larriak izango lituzke paisaian, ziklo hidrologiko naturalean eta airearen kalitatean, zeharka eraginez Cad\u00ed Moixer\u00f3 Parke Naturalean.   <\/p>\n<p><b>C16aren banaketa Berga eta Bag\u00e0 artean<\/b><br> Berga eta Bag\u00e0 (C-16) arteko bide itzulgarri eta zatitzaile bat ezartzeko proiektua, hasierako 178 milioi euroko kostuarekin eta lanen iraupenarekin 18 hilabetekoa. Azpiegitura hau oso urrun dago Bergued\u00e0 eskualdeko biztanleriaren benetako interesetatik, eta, nolanahi ere, Cerdanyako elur-turismotik eratorritako interes ekonomikoei erantzuten die. Bere gauzatzeak lurraldearen degradazioa, turismo-eredu zaharkitu bat finkatzea eta orain arte nekazaritza eta transhumantzia erabilerak zituen ibilbide bat ezabatzea ekarriko luke.    <\/p>\n<p><b>RIPOLL\u00c8S (LES LLOSSES ERREPIDEA GELDITU DUGU PLAFORMA)<\/b><br> Llosses errepideko poligonoa<br> Industria-lurzoruaren benetako behar bati erantzuten ez dion industria-poligono berri baten sorrera, Ripolleko udalerriak zazpi industria-poligono baititu gaur egun, 39.509 m2-ko biltegi erabilgarriekin eta 17.662 m2-ko industria-lurzoru libreekin. Eskualdeko gainerako lekuetan ere lurzoru eraiki edo aurreikusita dago. Adibide batzuk hauek dira: Sant Joan de les Abadesseseko Col\u00f2nia Llaudet industria-poligonoa, Campdev\u00e0noleko Niub\u00f2koa eta Les Llosseseko Farga de Bebi\u00e8.    <\/p>\n<p><b>RIBARGOR\u00c7A (HUSC)\/PALLARS JUSS\u00c0 (ERREPIDE ELEKTRIKOAREN AURKAKO PLATAFORMA UNitarioa)<\/b><br> Monts\u00f3-Isona autobide elektrikoa<br> Escalona-Foradada del Toscar eta Escalona-Escalona goi-tentsioko lineen birpotentziazio proiektua: Aragoiko Pirinioetan zehar interkonexio elektrikoa lortzeko lehen urratsak.<\/p>\n<p><b>CERDANYA (ELKARTEEK ERROTA SALBATZEN DUTE ETA SALBATZEN DITUZTE)<\/b><br> La Molinako (Alp) hiri-irregulartasunak eta azpiegituren uztea<br> 1) POUM (09-11) onartzeko saiakera, eraikitzeko azalerak espazioan eta bolumenean hirukoiztea ahalbidetu zuena, baita hirigintza-irregulartasunak legeztatzea ere. Zortzi auzibide eta salaketa penal baten aplikazioari esker geldiarazi ondoren, Udalak bere aurkako epai irmoen betearazpena oztopatzen du. POUM berri bat lortzeko elkartearekin elkarrizketarik hasi gabe.<br> 2) Eraikinen eta azpiegituren zaintza falta.<br> 3) Orain mehatxu berriak daude, hala nola \u201cPDU La Molina-Masella\u201d Master Plana, zeinak Neguko Olinpiar Jokoetarako hautagaitza \u201cbabes-aterki\u201d gisa jardungo lukeen, Generalitateak (Kirol Idazkaritzak eta FGC) zuzenduta eta Alpeko Udalak babestuta, denak erakunde publikoak. Proiektu hauek elkarri eragiten diote eta beharrezkoak ez diren eta oldarkorrak diren hiri-ingurumen ekintzak ekar ditzakete, inbertitzaile gutxi batzuen interes espekulatiboek bultzatuta.<br> 4) Sailkapenik gabeko lurzoruen kontrolaz interesatuta.     <\/p>\n<p><b>Hiri-garapen gune berria paisaia-balio handiko mendi-herri batean (\u00c9ller)<\/b><br> Bellverko POUMean hirigune berri baten aurreikuspena dago \u00c9ller nukleoaren sarreran. POUMa Alt Pirineuko lurzoru ez-jasangarriak berrikusteko Hiri Gidariaren Planak berrikusten ari da, eta horrek bere hedadura murriztea proposatzen du, beste nukleo berrikusiek bezala erabat desagertzearen ordez. Salvem\u00c9ller-etik desagertzea eskatzen dugu, honako arrazoi hauengatik:<br> 1) Generalitateko Lurralde eta Jasangarritasun Sailaren Planek \u00c9ller herrirako ezarritako jarraibideen aurka doa.<br> 2) Hazkunde ez-jasangarria adierazten du, egungo etxebizitza kopurua bikoiztu baino gehiago egingo lukeena, herri historikoa bigarren mailan utziz.    <br>3) \u00c9ller herriko egungo biztanle iraunkorren bizibidean eragin negatiboa izango luke, abeltzaintzan eta turismo jasangarrian oinarrituta baitaude.<br>4) Gehiegizko hazkundea ekarriko luke, eta horrek ingurumenean, gizartean, paisaian eta kulturan eragin handia sortuko luke \u00c9ller herrian.<br>5) Herriko bizilagunen artean ez da ezaguna, gehienbat desagertzearen alde agertu baitira.<br> \u00c9llerren eta Pirinioen garapen jasangarriarekiko konpromisoa dugu, tokiko ekonomia, ingurune naturala eta kulturala errespetatuz, eta balio erantsian eta ekitatean oinarritutako ekonomia defendatzen dugu, eta ez ingurune naturala, kulturala eta paisaia-ingurunea espekulatiboki agortzean.<\/p>\n<p><b>MEATZE-USPITAZIOAK:<br> PALLARS SOBIR\u00c0\/OCCITANIA (SAVE SALAU-SIGMADOT-STOP MINE SALAU)<\/b><br> Urre eta wolframio meatzaritza:<\/p>\n<p>Alt Pirineu Parke Naturalean metal hauek ustiatzeko saiakerak Pallaresa ibaiaren buruei eragiten diete, Salauko gune enblematikoaren inguruan. Ingurumen-ebaluazio sinplifikatua egiteko saiakera baztertu egin da, eta orain ohiko bidetik egin behar da. Saiakera espekulatiboa da hau, mobilizazioa handitu ahala akzioak jaitsi egin baitira, Neo Metal Spania (Pallars Sobir\u00e0) eta Neo Metal France (Arieja) enpresek, Apollo Minerals Limited australiarraren filialak direnek.<br> Eragiketek artsenikoz eta amiantoz kutsadura eragin dezakete.    <\/p>\n<p><b>BAIX PALLARS (LO PEDRIS-SIGMADOT)<\/b><br> Kobaltoaren ustiapenak:<br> Australiako enpresa bati lotutako Cobalt Rock SL meatze-enpresak kobalto meategi bat ireki nahi du Peramea \u2013 Bretui, Moncort\u00e8s lakutik gertu eta Conca de Tremp \u2013 Montsec Geoparkearen barruan. Lo Pedris, Baix Pallarseko Udala eta SIGMADOT alegazioen aurkezpena.<br> Montcort\u00e8s aintzirako akuiferoen, Prat del Com\u00fa hezegunearen eta Gerri de la gatzagaren ur iturrien kutsadura larria gerta liteke.<br> Gatza, edo Noguera Pallaresako akuiferoetan bertan, 400 metro inguru zulatuz. Bertan dagoen kobalto kopuruak ez du justifikatzen meategi bat irekitzea.    <\/p>\n<p><b>ALT EMPORD\u00c0 (SIGMADOT)<\/b><br> Talko meategiak:<\/p>\n<p>La Vajol, Darnius eta Ma\u00e7anet de Cabrenys udalerrietan berriro martxan jartzeko saiakerak, Talcos Pirenaicosek jada ustiatzen dituenak, Talcs de multinazionalak erositakoak.<br> Luzenacek Kataluniako meategiak itxi eta dinamitatu zituen segurtasun arrazoiengatik (Mina del Negrin izan ezik). Orain, Conesa taldearekin lotutako Mineralia enpresak berriro ireki nahi ditu eta aire zabalean egingo balitz, ingurumen-inpaktu handia izan lezake. Hiru herrietako alkateek kexatu egin dira.    <\/p>\n<p><b>RIBES HARANA- RIPOLL\u00c8S- (SIGMADOT)<\/b><br> Urre-meatzaritza:<br> Joan den mendean, urre mineralak ustiatzeko saiakerak egin ziren, artseniko eta antimonio mineralekin lotuta. Huts egin zuten, eta kutsadura handia eragin zuen. Orain, esplorazio berriak eskatu dira. Toses, Planoles, Ribes de Freser, Campelles, Pardines eta Queralbs-i eragiten die. Alkateek eta Eskualdeko Kontseiluak alegazioak aurkeztu dituzte dagoeneko.      <\/p>\n<p>Hiri-plan eta proiektu multzo honek Pirinio osoan eragin metatu larriak izango ditu, bai ingurumenean bai paisaian, eta eragin negatibo nabarmenak izango ditu mugikortasunean, ur-baliabideetan eta gehiegi ustiatutako akuiferoetan, paisaian eta lurraldearen iraunkortasunean.<\/p>\n<p><b>NEGUKO OLINPIKO JOKOETARAKO HAUTAGAITZAK<\/b><br><b>\u00abPIRINIOAK-BARTZELONA 2030\u00bb<\/b><br> Orain arte, \u201cPirineus-Barcelona 2030\u201d hautagaitzari buruzko informazioa sekretu eta sektarismo jakin batekin kudeatu da, eta gardentasun eta herritarren eztabaida falta handiarekin, eta horrek ez du ahalbidetu eztabaida publikora eramatea. Gardentasun falta hori agerikoa da erabaki hauek Bartzelonatik hartzen direnean, lurraldeko biztanleriaren zati handi bat kontuan hartu gabe.   <\/p>\n<p>Klima-aldaketa orokorraren testuinguruan, berotze progresiboa eta klima-nahasmendu gero eta handiagoa Pirinioetan ere agerikoak dira dagoeneko, ingurune naturalean eta ekosistema hauskorrenetan eragina izanik, batez ere leku hotzenetan desoreka eraginez. Klimaren bilakaera honek elurraren erabilera ekonomikoan ere eragina du, elurteen irregulartasunagatik, naturalak edo artifizialak izan. Horregatik, uste dugu ezinezkoa dela probak Olinpiar Jokoen egun zehatzetan egitearen bideragarritasuna bermatzea. Hala ere, egoera honek premiaz berraztertzera behartzen gaitu elur-turismoarekiko egungo apustu sendoa eta sektore honetako inbertsio publiko sendoak gelditzera.     <\/p>\n<p>Aurkeztutako klima-argudioez harago, gauzatuko liratekeen plan eta proiektu multzoak ingurumen- eta paisaia-inpaktuak izan ditzake Pirinio osoan. Egingo liratekeen inbertsioek, ziurrenik, ez diete eskualde hauen benetako beharrei erantzuten eta, aitzitik, haien ur-baliabideak kaltetzen jarraitzen dute (lehorte-garaietan arazo handiagoa, 2008an bezala), mugikortasuna alde batera utzita eta lurraldearen sozioekonomia-eredua aldatzeko beharra ahaztuta.   <\/p>\n<p>Azkenik, klima-baldintza hobeak dituzten herrialdeetan, hala nola Innsbruck-en (Austria), Calgary-n (Kanada) eta Sion-en (Suitza), Olinpiar Jokoak antolatzeari uko egiteak edozein erabaki hartu aurretik herritarrekin kontsultatu beharraren adibide gisa balio beharko luke, baita proiektua Pirinioetan bideragarria ez izatea ohartarazi ere.<\/p>\n<p>Gaur egun ez dugun beharrezko informaziorik ezean, eta antzeko proiektuetan gertatu denaren esperientziarekin, beldur gara proiektu honek mugimendu espekulatiboak ekarriko dituela eta Pirinioak bezain sentikorra den lurralde baten suntsipen itzulezina ekarriko duela, eta kalteak eragingo dituela bere biodibertsitateari, arlo geologikoari (hala nola materialak, erliebeak edo prozesu naturalak). Era berean, beldur gara defendatzen dugun eredu ekonomiko jasangarriaren aurkako enplegu artifizial, prekario eta aldi baterakoen sorrera ekarriko duela. Azkenik, ez dugu Jokoen ondoren abandonatuko liratekeen azpiegiturak eraikitzea nahi.    <\/p>\n<p>Honek guztiak, oraintxe bertan, 2030eko Joko Olinpikoen Proiektuarekiko eszeptizismo osoa eta hasierako oposizioa ez den beste edozein jarrera eragozten digu.<\/p>\n<p><b>HORREN GUZTIA LORTZEKO, BEHEKO PLATAFORMAK ETA ERAKUNDEAK ONARTZEN DUTE:<\/b><br> SOS PIRINEUS plataformen koordinatzailea eratzea, lurraldearen defentsari elkarrekin aurre egiteko, indarra hartzeko eta eraginkorragoak izateko. Pirinioetako bizitzaren garapenean eta interes natural eta kulturaleko espazioen kontserbazioan negatiboki eragiten duten hirigintza eta espekulazio proiektu guztiak salatzea. Manifestu honetan ezarritako hirigintza eta ustiapen proiektu guztiei argi berdea eman aurretik, lurraldea defendatzeko eztabaida publikoaren eta ekintzaren kanpaina bat sustatzea. Lan-prekarietatearen, despopulazioaren, industrializazio handiaren eta espekulazioaren aurka borrokatzea.     <br>Hori guztiagatik,<\/p>\n<p><b>GALDETZEN DUGU:<\/b><br> 1. Kataluniako Pirinioetako baso-eremuak, natura- eta paisaia-intereseko eremuak eta konektore naturalak babesten dituen erregimen eraginkor bat onartzea eta ezartzea.<br> Hirigintzan eskumena duten administrazio publikoek haren balioen kontserbazio egokia bermatu eta ziurtatu behar dute, hirigintza eta meatzaritza arazoengatik suntsitzea saihestuz, baita azpiegiturak eraikitzea edo ingurumena kaltetzen duen beste edozein esku-hartze ere, jarduera iraunkorrak suspertuz.<\/p>\n<p>2. Biosfera Erreserbaren Deklarazioa, Parke Geologiko eta Meatzaritzarako proposamenen kopurua handituz, duten interes natural handiagatik, bai biologikoa bai geologikoa, eta SIGMADOTek (Solson\u00e8s, Noguera eta Llitera \u2013 Ribagor\u00e7a) gaur egun gauzatze fasean daudenei gehituko litzaizkieke, guztiak Pirinioetan.<\/p>\n<p>2.1. Pirinioak Biosfera Erreserba izendatzeko eta Parke Geologikoen kopurua handitzeko eskaeraren aldeko mozioak onartzea.<\/p>\n<p>3. Basoak edo belardiak eta lotura naturalak dituzten beste baso-espazio batzuk desklasifikatzea, honela sailkatuz: hirigintza, eski pistak, laku artifizialak, aparkalekuak, baita meatze-eremuak, industria-eremuak, autobide elektrikoak, etab.<\/p>\n<p>4. Pirinioetako Udal guztiei eskatzen diegu hirigintzako plangintzaren edo aldaketa espezifikoen espedienteen berrikuspen prozesuak abiarazteko, lurzoru urbanizatu gabea desklasifikatzeko eta lurzoru urbanizatu gabea eta exekutatu gabea desklasifikatzeko, baso-masa, malda handiak edo eragin bisual eta paisajistikoa duten lurretan. Batez ere, dagoeneko garapen urbanistiko handia egon den eremuetan.   <\/p>\n<p>5. Kataluniako Generalitateari eta Kataluniako Parlamentuari eskatzen diegu neurri sorta bat onartzeko, Kataluniako Pirinioetarako eredu sozioekonomiko duina bermatuko duena, non biztanleak politika sozial eta ekonomikoaren ardatz nagusia diren.<\/p>\n<p>Abeltzaintza edo nekazaritza bezalako lanbideen berreskurapenean oinarritutako eredu ekonomikoa, bertako eta arriskuan dauden nekazaritza eta abeltzaintzako espezieak kontserbatuz, tokiko berezitasun desberdinak zainduz, sektore ezberdinetan aukerak dituen gizarte bat sortzeko, besteak beste, teknologikoak eta zientifikoak, ez bakarrik turismoa.<\/p>\n<p>7. Pirinioetan egingo diren eta lurraldearen errealitatearekin zerikusirik ez duten hiri eta bulegoetan erabakiko diren &#8220;Pirinioak-Bartzelona 2030&#8221; hautagaitzari buruzko kontsulta eta eztabaida publiko sakon bat premiaz egitea eskatzen dugu.<\/p>\n<p>8. Pirinioetako identitatea eta kultura Kataluniako gizarte osoarentzat balio handiko ondare gisa aitortzea eskatzen dugu.<\/p>\n<p>9. Lurraldeko biztanleria inplikatzeko helburuarekin parte-hartze prozesuak suspertzen dituzten kanalak sortzea.<\/p>\n<p>10. Interesa duten erakunde eta pertsona guztiei eskatzen diegu manifestuari atxikitzeko https:\/\/sospirineus.cat webgunearen bidez eta Pirinioetako eremu mehatxatuen defentsarako dohaintzak biltzeko kanpainan laguntzeko.<\/p>\n<p>Manifestu honek Pirinioetako herri batasun baten abiapuntua izan nahi du, Pirinioetan modu duin batean bizitzeko aukera emanez, ingurumena errespetatuz, lurralde honetan bizi, hazi eta geratu nahi duten pertsonei aukerak eskainiz.<\/p>\n<p>Horregatik, edozein pertsona edo erakunde gonbidatzen dugu hasi berri den prozesu honetan parte hartzera, eta denek parte hartzea gustatuko litzaiguke. Lurraldearen benetako beharretan sakontzeko aukera ematen digun tokiko mailan parte-hartze prozesu bat abiarazi arte.<br> Edozein zalantza edo ekarpen egiteko, jar zaitez gurekin harremanetan posta elektronikoz: sospirineus@gmail.com   <\/p>\n<p><b>ORAIN PIRINIOETAN ORAINDIK GAUDE DENBORAZ, EZ GAUDE BESTE LEKU BATZUETAN BEZALA GERTATZEKO ITXARON!<\/b><br> SOS PIRINEUS manifestua babesten duten erakundeak:<br> Salbatu Salau, Salbatu Coll de Pal, Aurrera Alt Urgell, Gelditu Les Llosseserako errepideko Industrialdea, Salbatu \u00c9ller, Salbatu la Molina eta autobide elektrikoaren aurkako Plataforma Unitarioa, AV Lo Pedr\u00eds, SIGMADOT, Lurralde Jasangarritasunerako Zentroa (CST) eta Gironako Naturalistak.<\/p>\t\t\t\t\t\t\t\t<\/div>\n\t\t\t\t<\/div>\n\t\t\t\t\t<\/div>\n\t\t\t\t<\/div>\n\t\t\t\t<\/div>\n\t\t","protected":false},"excerpt":{"rendered":"<p>SOS PIRINIOEN MANIFESTUA Behean sinatzen duten erakunde eta pertsonek Kataluniako gizarteari, Kataluniako Pirinioetako udal eta udal guztiei eta Kataluniako Generalitateko Gobernuari zuzentzen zaizkie ingurumenaren eta Pirinioetako baldintzen eta bizimoduen gainean dauden mehatxu desberdinen berri emateko: BERGUED\u00c0 (GORDE DEZAGUN COL DE PAL) La Molina eski estazioko hedapena Coll de Pal-etik Alp 2500 teleferikoaren luzapena Niu d&#8217;\u00c0ligaraino, [&hellip;]<\/p>\n","protected":false},"author":3,"featured_media":0,"parent":0,"menu_order":0,"comment_status":"closed","ping_status":"closed","template":"elementor_header_footer","meta":{"_acf_changed":false,"inline_featured_image":false,"footnotes":""},"class_list":["post-2851","page","type-page","status-publish","hentry"],"acf":[],"yoast_head":"<!-- This site is optimized with the Yoast SEO plugin v27.4 - https:\/\/yoast.com\/product\/yoast-seo-wordpress\/ -->\n<title>\u25b7Manifestua - \u3010 SOS PIRINEUS \u3011<\/title>\n<meta name=\"description\" content=\"SOS PIRINIOEN MANIFESTUA Behean sinatzen duten erakunde eta pertsonek Kataluniako gizarteari, Kataluniako Pirinioetako udal eta udal guztiei eta \u2713\" \/>\n<meta name=\"robots\" content=\"noindex, nofollow\" \/>\n<meta property=\"og:locale\" content=\"eu_ES\" \/>\n<meta property=\"og:type\" content=\"article\" \/>\n<meta property=\"og:title\" content=\"\u25b7Manifestua - \u3010 SOS PIRINEUS \u3011\" \/>\n<meta property=\"og:description\" content=\"SOS PIRINIOEN MANIFESTUA Behean sinatzen duten erakunde eta pertsonek Kataluniako gizarteari, Kataluniako Pirinioetako udal eta udal guztiei eta \u2713\" \/>\n<meta property=\"og:url\" content=\"https:\/\/sospirineus.cat\/eu\/manifestua\/\" \/>\n<meta property=\"og:site_name\" content=\"SOS PIRINEUS\" \/>\n<meta property=\"article:modified_time\" content=\"2026-01-20T17:02:00+00:00\" \/>\n<meta name=\"twitter:card\" content=\"summary_large_image\" \/>\n<meta name=\"twitter:label1\" content=\"Est. reading time\" \/>\n\t<meta name=\"twitter:data1\" content=\"8 minutes\" \/>\n<script type=\"application\/ld+json\" class=\"yoast-schema-graph\">{\"@context\":\"https:\\\/\\\/schema.org\",\"@graph\":[{\"@type\":\"WebPage\",\"@id\":\"https:\\\/\\\/sospirineus.cat\\\/eu\\\/manifestua\\\/\",\"url\":\"https:\\\/\\\/sospirineus.cat\\\/eu\\\/manifestua\\\/\",\"name\":\"\u25b7Manifestua - \u3010 SOS PIRINEUS \u3011\",\"isPartOf\":{\"@id\":\"https:\\\/\\\/sospirineus.cat\\\/#website\"},\"datePublished\":\"2025-05-22T13:51:20+00:00\",\"dateModified\":\"2026-01-20T17:02:00+00:00\",\"description\":\"SOS PIRINIOEN MANIFESTUA Behean sinatzen duten erakunde eta pertsonek Kataluniako gizarteari, Kataluniako Pirinioetako udal eta udal guztiei eta \u2713\",\"breadcrumb\":{\"@id\":\"https:\\\/\\\/sospirineus.cat\\\/eu\\\/manifestua\\\/#breadcrumb\"},\"inLanguage\":\"eu-ES\",\"potentialAction\":[{\"@type\":\"ReadAction\",\"target\":[\"https:\\\/\\\/sospirineus.cat\\\/eu\\\/manifestua\\\/\"]}]},{\"@type\":\"BreadcrumbList\",\"@id\":\"https:\\\/\\\/sospirineus.cat\\\/eu\\\/manifestua\\\/#breadcrumb\",\"itemListElement\":[{\"@type\":\"ListItem\",\"position\":1,\"name\":\"Portada\",\"item\":\"https:\\\/\\\/sospirineus.cat\\\/eu\\\/etxea\\\/\"},{\"@type\":\"ListItem\",\"position\":2,\"name\":\"Manifestua\"}]},{\"@type\":\"WebSite\",\"@id\":\"https:\\\/\\\/sospirineus.cat\\\/#website\",\"url\":\"https:\\\/\\\/sospirineus.cat\\\/\",\"name\":\"SOS PIRINEUS\",\"description\":\"ENCARA HI SOM A TEMPS\",\"publisher\":{\"@id\":\"https:\\\/\\\/sospirineus.cat\\\/#organization\"},\"potentialAction\":[{\"@type\":\"SearchAction\",\"target\":{\"@type\":\"EntryPoint\",\"urlTemplate\":\"https:\\\/\\\/sospirineus.cat\\\/?s={search_term_string}\"},\"query-input\":{\"@type\":\"PropertyValueSpecification\",\"valueRequired\":true,\"valueName\":\"search_term_string\"}}],\"inLanguage\":\"eu-ES\"},{\"@type\":\"Organization\",\"@id\":\"https:\\\/\\\/sospirineus.cat\\\/#organization\",\"name\":\"SOS PIRINEUS\",\"url\":\"https:\\\/\\\/sospirineus.cat\\\/\",\"logo\":{\"@type\":\"ImageObject\",\"inLanguage\":\"eu-ES\",\"@id\":\"https:\\\/\\\/sospirineus.cat\\\/#\\\/schema\\\/logo\\\/image\\\/\",\"url\":\"https:\\\/\\\/sospirineus.cat\\\/wp-content\\\/uploads\\\/2021\\\/10\\\/logo_sos_pirineus.png\",\"contentUrl\":\"https:\\\/\\\/sospirineus.cat\\\/wp-content\\\/uploads\\\/2021\\\/10\\\/logo_sos_pirineus.png\",\"width\":1898,\"height\":1338,\"caption\":\"SOS PIRINEUS\"},\"image\":{\"@id\":\"https:\\\/\\\/sospirineus.cat\\\/#\\\/schema\\\/logo\\\/image\\\/\"}}]}<\/script>\n<!-- \/ Yoast SEO plugin. -->","yoast_head_json":{"title":"\u25b7Manifestua - \u3010 SOS PIRINEUS \u3011","description":"SOS PIRINIOEN MANIFESTUA Behean sinatzen duten erakunde eta pertsonek Kataluniako gizarteari, Kataluniako Pirinioetako udal eta udal guztiei eta \u2713","robots":{"index":"noindex","follow":"nofollow"},"og_locale":"eu_ES","og_type":"article","og_title":"\u25b7Manifestua - \u3010 SOS PIRINEUS \u3011","og_description":"SOS PIRINIOEN MANIFESTUA Behean sinatzen duten erakunde eta pertsonek Kataluniako gizarteari, Kataluniako Pirinioetako udal eta udal guztiei eta \u2713","og_url":"https:\/\/sospirineus.cat\/eu\/manifestua\/","og_site_name":"SOS PIRINEUS","article_modified_time":"2026-01-20T17:02:00+00:00","twitter_card":"summary_large_image","twitter_misc":{"Est. reading time":"8 minutes"},"schema":{"@context":"https:\/\/schema.org","@graph":[{"@type":"WebPage","@id":"https:\/\/sospirineus.cat\/eu\/manifestua\/","url":"https:\/\/sospirineus.cat\/eu\/manifestua\/","name":"\u25b7Manifestua - \u3010 SOS PIRINEUS \u3011","isPartOf":{"@id":"https:\/\/sospirineus.cat\/#website"},"datePublished":"2025-05-22T13:51:20+00:00","dateModified":"2026-01-20T17:02:00+00:00","description":"SOS PIRINIOEN MANIFESTUA Behean sinatzen duten erakunde eta pertsonek Kataluniako gizarteari, Kataluniako Pirinioetako udal eta udal guztiei eta \u2713","breadcrumb":{"@id":"https:\/\/sospirineus.cat\/eu\/manifestua\/#breadcrumb"},"inLanguage":"eu-ES","potentialAction":[{"@type":"ReadAction","target":["https:\/\/sospirineus.cat\/eu\/manifestua\/"]}]},{"@type":"BreadcrumbList","@id":"https:\/\/sospirineus.cat\/eu\/manifestua\/#breadcrumb","itemListElement":[{"@type":"ListItem","position":1,"name":"Portada","item":"https:\/\/sospirineus.cat\/eu\/etxea\/"},{"@type":"ListItem","position":2,"name":"Manifestua"}]},{"@type":"WebSite","@id":"https:\/\/sospirineus.cat\/#website","url":"https:\/\/sospirineus.cat\/","name":"SOS PIRINEUS","description":"ENCARA HI SOM A TEMPS","publisher":{"@id":"https:\/\/sospirineus.cat\/#organization"},"potentialAction":[{"@type":"SearchAction","target":{"@type":"EntryPoint","urlTemplate":"https:\/\/sospirineus.cat\/?s={search_term_string}"},"query-input":{"@type":"PropertyValueSpecification","valueRequired":true,"valueName":"search_term_string"}}],"inLanguage":"eu-ES"},{"@type":"Organization","@id":"https:\/\/sospirineus.cat\/#organization","name":"SOS PIRINEUS","url":"https:\/\/sospirineus.cat\/","logo":{"@type":"ImageObject","inLanguage":"eu-ES","@id":"https:\/\/sospirineus.cat\/#\/schema\/logo\/image\/","url":"https:\/\/sospirineus.cat\/wp-content\/uploads\/2021\/10\/logo_sos_pirineus.png","contentUrl":"https:\/\/sospirineus.cat\/wp-content\/uploads\/2021\/10\/logo_sos_pirineus.png","width":1898,"height":1338,"caption":"SOS PIRINEUS"},"image":{"@id":"https:\/\/sospirineus.cat\/#\/schema\/logo\/image\/"}}]}},"_links":{"self":[{"href":"https:\/\/sospirineus.cat\/eu\/wp-json\/wp\/v2\/pages\/2851","targetHints":{"allow":["GET"]}}],"collection":[{"href":"https:\/\/sospirineus.cat\/eu\/wp-json\/wp\/v2\/pages"}],"about":[{"href":"https:\/\/sospirineus.cat\/eu\/wp-json\/wp\/v2\/types\/page"}],"author":[{"embeddable":true,"href":"https:\/\/sospirineus.cat\/eu\/wp-json\/wp\/v2\/users\/3"}],"replies":[{"embeddable":true,"href":"https:\/\/sospirineus.cat\/eu\/wp-json\/wp\/v2\/comments?post=2851"}],"version-history":[{"count":1,"href":"https:\/\/sospirineus.cat\/eu\/wp-json\/wp\/v2\/pages\/2851\/revisions"}],"predecessor-version":[{"id":2853,"href":"https:\/\/sospirineus.cat\/eu\/wp-json\/wp\/v2\/pages\/2851\/revisions\/2853"}],"wp:attachment":[{"href":"https:\/\/sospirineus.cat\/eu\/wp-json\/wp\/v2\/media?parent=2851"}],"curies":[{"name":"wp","href":"https:\/\/api.w.org\/{rel}","templated":true}]}}