{"id":2717,"date":"2025-06-20T12:27:36","date_gmt":"2025-06-20T10:27:36","guid":{"rendered":"https:\/\/sospirineus.cat\/donation\/"},"modified":"2026-01-20T18:01:16","modified_gmt":"2026-01-20T17:01:16","slug":"donation","status":"publish","type":"page","link":"https:\/\/sospirineus.cat\/fr\/donation\/","title":{"rendered":"Donation"},"content":{"rendered":"\t\t<div data-elementor-type=\"wp-page\" data-elementor-id=\"2717\" class=\"elementor elementor-2717 elementor-2100\" data-elementor-post-type=\"page\">\n\t\t\t\t<div class=\"elementor-element elementor-element-0eea106 e-flex e-con-boxed e-con e-parent\" data-id=\"0eea106\" data-element_type=\"container\" data-e-type=\"container\">\n\t\t\t\t\t<div class=\"e-con-inner\">\n\t\t\t\t<div class=\"elementor-element elementor-element-f70d8b8 elementor-widget elementor-widget-heading\" data-id=\"f70d8b8\" data-element_type=\"widget\" data-e-type=\"widget\" data-widget_type=\"heading.default\">\n\t\t\t\t<div class=\"elementor-widget-container\">\n\t\t\t\t\t<h2 class=\"elementor-heading-title elementor-size-default\">Collaborez avec nous<\/h2>\t\t\t\t<\/div>\n\t\t\t\t<\/div>\n\t\t\t\t<div class=\"elementor-element elementor-element-95a6e6d elementor-widget-divider--view-line elementor-widget elementor-widget-divider\" data-id=\"95a6e6d\" data-element_type=\"widget\" data-e-type=\"widget\" data-widget_type=\"divider.default\">\n\t\t\t\t<div class=\"elementor-widget-container\">\n\t\t\t\t\t\t\t<div class=\"elementor-divider\">\n\t\t\t<span class=\"elementor-divider-separator\">\n\t\t\t\t\t\t<\/span>\n\t\t<\/div>\n\t\t\t\t\t\t<\/div>\n\t\t\t\t<\/div>\n\t\t<div class=\"elementor-element elementor-element-030eded e-con-full e-flex e-con e-child\" data-id=\"030eded\" data-element_type=\"container\" data-e-type=\"container\">\n\t\t<div class=\"elementor-element elementor-element-12d6d82 e-grid e-con-full e-con e-child\" data-id=\"12d6d82\" data-element_type=\"container\" data-e-type=\"container\">\n\t\t<div class=\"make-column-clickable-elementor elementor-element elementor-element-9d9debf e-con-full e-flex e-con e-child\" style=\"cursor: pointer;\" data-column-clickable=\"https:\/\/sospirineus.cat\/es\/producte\/donacion-recurrente\/\" data-column-clickable-blank=\"_self\" data-id=\"9d9debf\" data-element_type=\"container\" data-e-type=\"container\" data-settings=\"{&quot;background_background&quot;:&quot;classic&quot;}\">\n\t\t<div class=\"elementor-element elementor-element-bb5aeec e-con-full e-flex e-con e-child\" data-id=\"bb5aeec\" data-element_type=\"container\" data-e-type=\"container\" data-settings=\"{&quot;background_background&quot;:&quot;classic&quot;}\">\n\t\t\t\t<\/div>\n\t\t\t\t<div class=\"elementor-element elementor-element-19efc3e elementor-widget elementor-widget-heading\" data-id=\"19efc3e\" data-element_type=\"widget\" data-e-type=\"widget\" data-widget_type=\"heading.default\">\n\t\t\t\t<div class=\"elementor-widget-container\">\n\t\t\t\t\t<h2 class=\"elementor-heading-title elementor-size-default\">Don r\u00e9current<\/h2>\t\t\t\t<\/div>\n\t\t\t\t<\/div>\n\t\t\t\t<\/div>\n\t\t<div class=\"make-column-clickable-elementor elementor-element elementor-element-a386aa1 e-con-full e-flex e-con e-child\" style=\"cursor: pointer;\" data-column-clickable=\"https:\/\/sospirineus.cat\/es\/producte\/donacion-unica\/\" data-column-clickable-blank=\"_self\" data-id=\"a386aa1\" data-element_type=\"container\" data-e-type=\"container\" data-settings=\"{&quot;background_background&quot;:&quot;classic&quot;}\">\n\t\t<div class=\"elementor-element elementor-element-bc8e7b1 e-con-full e-flex e-con e-child\" data-id=\"bc8e7b1\" data-element_type=\"container\" data-e-type=\"container\" data-settings=\"{&quot;background_background&quot;:&quot;classic&quot;}\">\n\t\t\t\t<\/div>\n\t\t\t\t<div class=\"elementor-element elementor-element-fa43dcb elementor-widget elementor-widget-heading\" data-id=\"fa43dcb\" data-element_type=\"widget\" data-e-type=\"widget\" data-widget_type=\"heading.default\">\n\t\t\t\t<div class=\"elementor-widget-container\">\n\t\t\t\t\t<h2 class=\"elementor-heading-title elementor-size-default\">Don unique<\/h2>\t\t\t\t<\/div>\n\t\t\t\t<\/div>\n\t\t\t\t<\/div>\n\t\t\t\t<\/div>\n\t\t\t\t<\/div>\n\t\t\t\t\t<\/div>\n\t\t\t\t<\/div>\n\t\t<div class=\"elementor-element elementor-element-68661b8 e-flex e-con-boxed e-con e-parent\" data-id=\"68661b8\" data-element_type=\"container\" data-e-type=\"container\">\n\t\t\t\t\t<div class=\"e-con-inner\">\n\t\t\t\t<div class=\"elementor-element elementor-element-db4e696 elementor-widget elementor-widget-text-editor\" data-id=\"db4e696\" data-element_type=\"widget\" data-e-type=\"widget\" data-widget_type=\"text-editor.default\">\n\t\t\t\t<div class=\"elementor-widget-container\">\n\t\t\t\t\t\t\t\t\t<p>Ou vous pouvez effectuer un virement sur le compte num\u00e9ro <b>ES49 2100 0763 9902 0051 0305,<\/b> en indiquant vos nom et pr\u00e9nom dans la r\u00e9f\u00e9rence.<\/p><h3><b>MERCI DE VOTRE SOUTIEN !<\/b><\/h3>\t\t\t\t\t\t\t\t<\/div>\n\t\t\t\t<\/div>\n\t\t\t\t\t<\/div>\n\t\t\t\t<\/div>\n\t\t\t\t<\/div>\n\t\t","protected":false},"excerpt":{"rendered":"<p>Collaborez avec nous Don r\u00e9current Don unique Ou vous pouvez effectuer un virement sur le compte num\u00e9ro ES49 2100 0763 9902 0051 0305, en indiquant vos nom et pr\u00e9nom dans la r\u00e9f\u00e9rence. MERCI DE VOTRE SOUTIEN !<\/p>\n","protected":false},"author":3,"featured_media":0,"parent":0,"menu_order":0,"comment_status":"closed","ping_status":"closed","template":"","meta":{"_acf_changed":false,"inline_featured_image":false,"footnotes":""},"class_list":["post-2717","page","type-page","status-publish","hentry"],"acf":[],"yoast_head":"<!-- This site is optimized with the Yoast SEO plugin v27.4 - https:\/\/yoast.com\/product\/yoast-seo-wordpress\/ -->\n<title>\u25b7Donation - \u3010 SOS PIRINEUS \u3011<\/title>\n<meta name=\"description\" content=\"Collaborez avec nous Don r\u00e9current Don unique Ou vous pouvez effectuer un virement sur le compte num\u00e9ro ES49 2100 0763 9902 0051 0305, en indiquant vos \u2713\" \/>\n<meta name=\"robots\" content=\"index, follow, max-snippet:-1, max-image-preview:large, max-video-preview:-1\" \/>\n<link rel=\"canonical\" href=\"https:\/\/sospirineus.cat\/fr\/donation\/\" \/>\n<meta property=\"og:locale\" content=\"fr_FR\" \/>\n<meta property=\"og:type\" content=\"article\" \/>\n<meta property=\"og:title\" content=\"\u25b7Donation - \u3010 SOS PIRINEUS \u3011\" \/>\n<meta property=\"og:description\" content=\"Collaborez avec nous Don r\u00e9current Don unique Ou vous pouvez effectuer un virement sur le compte num\u00e9ro ES49 2100 0763 9902 0051 0305, en indiquant vos \u2713\" \/>\n<meta property=\"og:url\" content=\"https:\/\/sospirineus.cat\/fr\/donation\/\" \/>\n<meta property=\"og:site_name\" content=\"SOS PIRINEUS\" \/>\n<meta property=\"article:modified_time\" content=\"2026-01-20T17:01:16+00:00\" \/>\n<meta name=\"twitter:card\" content=\"summary_large_image\" \/>\n<script type=\"application\/ld+json\" class=\"yoast-schema-graph\">{\"@context\":\"https:\\\/\\\/schema.org\",\"@graph\":[{\"@type\":\"WebPage\",\"@id\":\"https:\\\/\\\/sospirineus.cat\\\/fr\\\/donation\\\/\",\"url\":\"https:\\\/\\\/sospirineus.cat\\\/fr\\\/donation\\\/\",\"name\":\"\u25b7Donation - \u3010 SOS PIRINEUS \u3011\",\"isPartOf\":{\"@id\":\"https:\\\/\\\/sospirineus.cat\\\/#website\"},\"datePublished\":\"2025-06-20T10:27:36+00:00\",\"dateModified\":\"2026-01-20T17:01:16+00:00\",\"description\":\"Collaborez avec nous Don r\u00e9current Don unique Ou vous pouvez effectuer un virement sur le compte num\u00e9ro ES49 2100 0763 9902 0051 0305, en indiquant vos \u2713\",\"breadcrumb\":{\"@id\":\"https:\\\/\\\/sospirineus.cat\\\/fr\\\/donation\\\/#breadcrumb\"},\"inLanguage\":\"fr-FR\",\"potentialAction\":[{\"@type\":\"ReadAction\",\"target\":[\"https:\\\/\\\/sospirineus.cat\\\/fr\\\/donation\\\/\"]}]},{\"@type\":\"BreadcrumbList\",\"@id\":\"https:\\\/\\\/sospirineus.cat\\\/fr\\\/donation\\\/#breadcrumb\",\"itemListElement\":[{\"@type\":\"ListItem\",\"position\":1,\"name\":\"Portada\",\"item\":\"https:\\\/\\\/sospirineus.cat\\\/fr\\\/maison\\\/\"},{\"@type\":\"ListItem\",\"position\":2,\"name\":\"Donation\"}]},{\"@type\":\"WebSite\",\"@id\":\"https:\\\/\\\/sospirineus.cat\\\/#website\",\"url\":\"https:\\\/\\\/sospirineus.cat\\\/\",\"name\":\"SOS PIRINEUS\",\"description\":\"ENCARA HI SOM A TEMPS\",\"publisher\":{\"@id\":\"https:\\\/\\\/sospirineus.cat\\\/#organization\"},\"potentialAction\":[{\"@type\":\"SearchAction\",\"target\":{\"@type\":\"EntryPoint\",\"urlTemplate\":\"https:\\\/\\\/sospirineus.cat\\\/?s={search_term_string}\"},\"query-input\":{\"@type\":\"PropertyValueSpecification\",\"valueRequired\":true,\"valueName\":\"search_term_string\"}}],\"inLanguage\":\"fr-FR\"},{\"@type\":\"Organization\",\"@id\":\"https:\\\/\\\/sospirineus.cat\\\/#organization\",\"name\":\"SOS PIRINEUS\",\"url\":\"https:\\\/\\\/sospirineus.cat\\\/\",\"logo\":{\"@type\":\"ImageObject\",\"inLanguage\":\"fr-FR\",\"@id\":\"https:\\\/\\\/sospirineus.cat\\\/#\\\/schema\\\/logo\\\/image\\\/\",\"url\":\"https:\\\/\\\/sospirineus.cat\\\/wp-content\\\/uploads\\\/2021\\\/10\\\/logo_sos_pirineus.png\",\"contentUrl\":\"https:\\\/\\\/sospirineus.cat\\\/wp-content\\\/uploads\\\/2021\\\/10\\\/logo_sos_pirineus.png\",\"width\":1898,\"height\":1338,\"caption\":\"SOS PIRINEUS\"},\"image\":{\"@id\":\"https:\\\/\\\/sospirineus.cat\\\/#\\\/schema\\\/logo\\\/image\\\/\"}}]}<\/script>\n<!-- \/ Yoast SEO plugin. -->","yoast_head_json":{"title":"\u25b7Donation - \u3010 SOS PIRINEUS \u3011","description":"Collaborez avec nous Don r\u00e9current Don unique Ou vous pouvez effectuer un virement sur le compte num\u00e9ro ES49 2100 0763 9902 0051 0305, en indiquant vos \u2713","robots":{"index":"index","follow":"follow","max-snippet":"max-snippet:-1","max-image-preview":"max-image-preview:large","max-video-preview":"max-video-preview:-1"},"canonical":"https:\/\/sospirineus.cat\/fr\/donation\/","og_locale":"fr_FR","og_type":"article","og_title":"\u25b7Donation - \u3010 SOS PIRINEUS \u3011","og_description":"Collaborez avec nous Don r\u00e9current Don unique Ou vous pouvez effectuer un virement sur le compte num\u00e9ro ES49 2100 0763 9902 0051 0305, en indiquant vos \u2713","og_url":"https:\/\/sospirineus.cat\/fr\/donation\/","og_site_name":"SOS PIRINEUS","article_modified_time":"2026-01-20T17:01:16+00:00","twitter_card":"summary_large_image","schema":{"@context":"https:\/\/schema.org","@graph":[{"@type":"WebPage","@id":"https:\/\/sospirineus.cat\/fr\/donation\/","url":"https:\/\/sospirineus.cat\/fr\/donation\/","name":"\u25b7Donation - \u3010 SOS PIRINEUS \u3011","isPartOf":{"@id":"https:\/\/sospirineus.cat\/#website"},"datePublished":"2025-06-20T10:27:36+00:00","dateModified":"2026-01-20T17:01:16+00:00","description":"Collaborez avec nous Don r\u00e9current Don unique Ou vous pouvez effectuer un virement sur le compte num\u00e9ro ES49 2100 0763 9902 0051 0305, en indiquant vos \u2713","breadcrumb":{"@id":"https:\/\/sospirineus.cat\/fr\/donation\/#breadcrumb"},"inLanguage":"fr-FR","potentialAction":[{"@type":"ReadAction","target":["https:\/\/sospirineus.cat\/fr\/donation\/"]}]},{"@type":"BreadcrumbList","@id":"https:\/\/sospirineus.cat\/fr\/donation\/#breadcrumb","itemListElement":[{"@type":"ListItem","position":1,"name":"Portada","item":"https:\/\/sospirineus.cat\/fr\/maison\/"},{"@type":"ListItem","position":2,"name":"Donation"}]},{"@type":"WebSite","@id":"https:\/\/sospirineus.cat\/#website","url":"https:\/\/sospirineus.cat\/","name":"SOS PIRINEUS","description":"ENCARA HI SOM A TEMPS","publisher":{"@id":"https:\/\/sospirineus.cat\/#organization"},"potentialAction":[{"@type":"SearchAction","target":{"@type":"EntryPoint","urlTemplate":"https:\/\/sospirineus.cat\/?s={search_term_string}"},"query-input":{"@type":"PropertyValueSpecification","valueRequired":true,"valueName":"search_term_string"}}],"inLanguage":"fr-FR"},{"@type":"Organization","@id":"https:\/\/sospirineus.cat\/#organization","name":"SOS PIRINEUS","url":"https:\/\/sospirineus.cat\/","logo":{"@type":"ImageObject","inLanguage":"fr-FR","@id":"https:\/\/sospirineus.cat\/#\/schema\/logo\/image\/","url":"https:\/\/sospirineus.cat\/wp-content\/uploads\/2021\/10\/logo_sos_pirineus.png","contentUrl":"https:\/\/sospirineus.cat\/wp-content\/uploads\/2021\/10\/logo_sos_pirineus.png","width":1898,"height":1338,"caption":"SOS PIRINEUS"},"image":{"@id":"https:\/\/sospirineus.cat\/#\/schema\/logo\/image\/"}}]}},"_links":{"self":[{"href":"https:\/\/sospirineus.cat\/fr\/wp-json\/wp\/v2\/pages\/2717","targetHints":{"allow":["GET"]}}],"collection":[{"href":"https:\/\/sospirineus.cat\/fr\/wp-json\/wp\/v2\/pages"}],"about":[{"href":"https:\/\/sospirineus.cat\/fr\/wp-json\/wp\/v2\/types\/page"}],"author":[{"embeddable":true,"href":"https:\/\/sospirineus.cat\/fr\/wp-json\/wp\/v2\/users\/3"}],"replies":[{"embeddable":true,"href":"https:\/\/sospirineus.cat\/fr\/wp-json\/wp\/v2\/comments?post=2717"}],"version-history":[{"count":3,"href":"https:\/\/sospirineus.cat\/fr\/wp-json\/wp\/v2\/pages\/2717\/revisions"}],"predecessor-version":[{"id":2726,"href":"https:\/\/sospirineus.cat\/fr\/wp-json\/wp\/v2\/pages\/2717\/revisions\/2726"}],"wp:attachment":[{"href":"https:\/\/sospirineus.cat\/fr\/wp-json\/wp\/v2\/media?parent=2717"}],"curies":[{"name":"wp","href":"https:\/\/api.w.org\/{rel}","templated":true}]}}