{"id":2765,"date":"2023-04-19T15:33:50","date_gmt":"2023-04-19T13:33:50","guid":{"rendered":"https:\/\/sospirineus.cat\/blog\/"},"modified":"2026-01-20T18:01:25","modified_gmt":"2026-01-20T17:01:25","slug":"blog","status":"publish","type":"page","link":"https:\/\/sospirineus.cat\/fr\/blog\/","title":{"rendered":"Blog"},"content":{"rendered":"\t\t<div data-elementor-type=\"wp-page\" data-elementor-id=\"2765\" class=\"elementor elementor-2765 elementor-2095\" data-elementor-post-type=\"page\">\n\t\t\t\t\t\t<section class=\"elementor-section elementor-top-section elementor-element elementor-element-4eeb09c9 elementor-section-boxed elementor-section-height-default elementor-section-height-default\" data-id=\"4eeb09c9\" data-element_type=\"section\" data-e-type=\"section\" data-settings=\"{&quot;background_background&quot;:&quot;classic&quot;}\">\n\t\t\t\t\t\t<div class=\"elementor-container elementor-column-gap-default\">\n\t\t\t\t\t<div class=\"elementor-column elementor-col-100 elementor-top-column elementor-element elementor-element-5312bba8\" data-id=\"5312bba8\" data-element_type=\"column\" data-e-type=\"column\">\n\t\t\t<div class=\"elementor-widget-wrap elementor-element-populated\">\n\t\t\t\t\t\t<div class=\"elementor-element elementor-element-3fd3c390 elementor-widget elementor-widget-heading\" data-id=\"3fd3c390\" data-element_type=\"widget\" data-e-type=\"widget\" data-widget_type=\"heading.default\">\n\t\t\t\t<div class=\"elementor-widget-container\">\n\t\t\t\t\t<h1 class=\"elementor-heading-title elementor-size-default\">Actualit\u00e9s<\/h1>\t\t\t\t<\/div>\n\t\t\t\t<\/div>\n\t\t\t\t<div class=\"elementor-element elementor-element-7a246fb6 elementor-widget-divider--view-line elementor-widget elementor-widget-divider\" data-id=\"7a246fb6\" data-element_type=\"widget\" data-e-type=\"widget\" data-widget_type=\"divider.default\">\n\t\t\t\t<div class=\"elementor-widget-container\">\n\t\t\t\t\t\t\t<div class=\"elementor-divider\">\n\t\t\t<span class=\"elementor-divider-separator\">\n\t\t\t\t\t\t<\/span>\n\t\t<\/div>\n\t\t\t\t\t\t<\/div>\n\t\t\t\t<\/div>\n\t\t\t\t<div class=\"elementor-element elementor-element-574e414e elementor-grid-4 elementor-grid-tablet-2 elementor-grid-mobile-1 elementor-posts--thumbnail-top elementor-card-shadow-yes elementor-posts__hover-gradient elementor-widget elementor-widget-posts\" data-id=\"574e414e\" data-element_type=\"widget\" data-e-type=\"widget\" data-settings=\"{&quot;cards_columns&quot;:&quot;4&quot;,&quot;cards_columns_tablet&quot;:&quot;2&quot;,&quot;cards_columns_mobile&quot;:&quot;1&quot;,&quot;cards_row_gap&quot;:{&quot;unit&quot;:&quot;px&quot;,&quot;size&quot;:35,&quot;sizes&quot;:[]},&quot;cards_row_gap_tablet&quot;:{&quot;unit&quot;:&quot;px&quot;,&quot;size&quot;:&quot;&quot;,&quot;sizes&quot;:[]},&quot;cards_row_gap_mobile&quot;:{&quot;unit&quot;:&quot;px&quot;,&quot;size&quot;:&quot;&quot;,&quot;sizes&quot;:[]}}\" data-widget_type=\"posts.cards\">\n\t\t\t\t<div class=\"elementor-widget-container\">\n\t\t\t\t\t\t\t<div class=\"elementor-posts-container elementor-posts elementor-posts--skin-cards elementor-grid\" role=\"list\">\n\t\t\t\t<article class=\"elementor-post elementor-grid-item post-2951 post type-post status-publish format-standard has-post-thumbnail hentry category-non-categorise tag-nouvelles\" role=\"listitem\">\n\t\t\t<div class=\"elementor-post__card\">\n\t\t\t\t<a class=\"elementor-post__thumbnail__link\" href=\"https:\/\/sospirineus.cat\/fr\/non-categorise\/sos-pirineus-exige-la-demission-du-chias-et-une-attention-particuliere-a-la-copresidence-du-conseil-regional-de-cerdagne\/\" tabindex=\"-1\" ><div class=\"elementor-post__thumbnail\"><img fetchpriority=\"high\" decoding=\"async\" width=\"630\" height=\"546\" src=\"https:\/\/sospirineus.cat\/wp-content\/uploads\/2025\/06\/bona-1.webp\" class=\"attachment-full size-full wp-image-2952\" alt=\"\" srcset=\"https:\/\/sospirineus.cat\/wp-content\/uploads\/2025\/06\/bona-1.webp 630w, https:\/\/sospirineus.cat\/wp-content\/uploads\/2025\/06\/bona-1-300x260.webp 300w, https:\/\/sospirineus.cat\/wp-content\/uploads\/2025\/06\/bona-1-180x156.webp 180w, https:\/\/sospirineus.cat\/wp-content\/uploads\/2025\/06\/bona-1-360x312.webp 360w, https:\/\/sospirineus.cat\/wp-content\/uploads\/2025\/06\/bona-1-600x520.webp 600w\" sizes=\"(max-width: 630px) 100vw, 630px\" \/><\/div><\/a>\n\t\t\t\t<div class=\"elementor-post__badge\">Non cat\u00e9goris\u00e9<\/div>\n\t\t\t\t<div class=\"elementor-post__text\">\n\t\t\t\t<h3 class=\"elementor-post__title\">\n\t\t\t<a href=\"https:\/\/sospirineus.cat\/fr\/non-categorise\/sos-pirineus-exige-la-demission-du-chias-et-une-attention-particuliere-a-la-copresidence-du-conseil-regional-de-cerdagne\/\" >\n\t\t\t\tSOS Pirineus exige la d\u00e9mission du Chias et une attention particuli\u00e8re \u00e0 la copr\u00e9sidence du Conseil r\u00e9gional de Cerdagne\t\t\t<\/a>\n\t\t<\/h3>\n\t\t\t\t<div class=\"elementor-post__excerpt\">\n\t\t\t\t\t<\/div>\n\t\t\n\t\t<a class=\"elementor-post__read-more\" href=\"https:\/\/sospirineus.cat\/fr\/non-categorise\/sos-pirineus-exige-la-demission-du-chias-et-une-attention-particuliere-a-la-copresidence-du-conseil-regional-de-cerdagne\/\" aria-label=\"En savoir plus sur SOS Pirineus exige la d\u00e9mission du Chias et une attention particuli\u00e8re \u00e0 la copr\u00e9sidence du Conseil r\u00e9gional de Cerdagne\" tabindex=\"-1\" >\n\t\t\tEn savoir plus \"\t\t<\/a>\n\n\t\t\t\t<\/div>\n\t\t\t\t\t<\/div>\n\t\t<\/article>\n\t\t\t\t<article class=\"elementor-post elementor-grid-item post-2937 post type-post status-publish format-standard has-post-thumbnail hentry category-non-categorise tag-nouvelles\" role=\"listitem\">\n\t\t\t<div class=\"elementor-post__card\">\n\t\t\t\t<a class=\"elementor-post__thumbnail__link\" href=\"https:\/\/sospirineus.cat\/fr\/non-categorise\/forte-participation-a-la-conference-organisee-par-sos-pirineus-contre-la-corruption-politique-en-cerdagne\/\" tabindex=\"-1\" ><div class=\"elementor-post__thumbnail\"><img decoding=\"async\" width=\"768\" height=\"432\" src=\"https:\/\/sospirineus.cat\/wp-content\/uploads\/2025\/06\/Sos-Pirineus_OK-768x432-1.jpg\" class=\"attachment-full size-full wp-image-2938\" alt=\"\" srcset=\"https:\/\/sospirineus.cat\/wp-content\/uploads\/2025\/06\/Sos-Pirineus_OK-768x432-1.jpg 768w, https:\/\/sospirineus.cat\/wp-content\/uploads\/2025\/06\/Sos-Pirineus_OK-768x432-1-300x169.jpg 300w, https:\/\/sospirineus.cat\/wp-content\/uploads\/2025\/06\/Sos-Pirineus_OK-768x432-1-180x101.jpg 180w, https:\/\/sospirineus.cat\/wp-content\/uploads\/2025\/06\/Sos-Pirineus_OK-768x432-1-360x203.jpg 360w, https:\/\/sospirineus.cat\/wp-content\/uploads\/2025\/06\/Sos-Pirineus_OK-768x432-1-640x360.jpg 640w, https:\/\/sospirineus.cat\/wp-content\/uploads\/2025\/06\/Sos-Pirineus_OK-768x432-1-600x338.jpg 600w\" sizes=\"(max-width: 768px) 100vw, 768px\" \/><\/div><\/a>\n\t\t\t\t<div class=\"elementor-post__badge\">Non cat\u00e9goris\u00e9<\/div>\n\t\t\t\t<div class=\"elementor-post__text\">\n\t\t\t\t<h3 class=\"elementor-post__title\">\n\t\t\t<a href=\"https:\/\/sospirineus.cat\/fr\/non-categorise\/forte-participation-a-la-conference-organisee-par-sos-pirineus-contre-la-corruption-politique-en-cerdagne\/\" >\n\t\t\t\tForte participation \u00e0 la conf\u00e9rence organis\u00e9e par SOS Pirineus contre la corruption politique en Cerdagne\t\t\t<\/a>\n\t\t<\/h3>\n\t\t\t\t<div class=\"elementor-post__excerpt\">\n\t\t\t\t\t<\/div>\n\t\t\n\t\t<a class=\"elementor-post__read-more\" href=\"https:\/\/sospirineus.cat\/fr\/non-categorise\/forte-participation-a-la-conference-organisee-par-sos-pirineus-contre-la-corruption-politique-en-cerdagne\/\" aria-label=\"En savoir plus sur Forte participation \u00e0 la conf\u00e9rence organis\u00e9e par SOS Pirineus contre la corruption politique en Cerdagne\" tabindex=\"-1\" >\n\t\t\tEn savoir plus \"\t\t<\/a>\n\n\t\t\t\t<\/div>\n\t\t\t\t\t<\/div>\n\t\t<\/article>\n\t\t\t\t<article class=\"elementor-post elementor-grid-item post-2916 post type-post status-publish format-standard has-post-thumbnail hentry category-non-categorise tag-nouvelles\" role=\"listitem\">\n\t\t\t<div class=\"elementor-post__card\">\n\t\t\t\t<a class=\"elementor-post__thumbnail__link\" href=\"https:\/\/sospirineus.cat\/fr\/non-categorise\/victoire-des-ecologistes-contre-la-villa-illegale-du-fils-de-lancien-maire-de-bellver-de-cerdanya\/\" tabindex=\"-1\" ><div class=\"elementor-post__thumbnail\"><img decoding=\"async\" width=\"880\" height=\"495\" src=\"https:\/\/sospirineus.cat\/wp-content\/uploads\/2023\/12\/chalet-ilegal.webp\" class=\"attachment-full size-full wp-image-2918\" alt=\"\" srcset=\"https:\/\/sospirineus.cat\/wp-content\/uploads\/2023\/12\/chalet-ilegal.webp 880w, https:\/\/sospirineus.cat\/wp-content\/uploads\/2023\/12\/chalet-ilegal-300x169.webp 300w, https:\/\/sospirineus.cat\/wp-content\/uploads\/2023\/12\/chalet-ilegal-768x432.webp 768w, https:\/\/sospirineus.cat\/wp-content\/uploads\/2023\/12\/chalet-ilegal-180x101.webp 180w, https:\/\/sospirineus.cat\/wp-content\/uploads\/2023\/12\/chalet-ilegal-360x203.webp 360w, https:\/\/sospirineus.cat\/wp-content\/uploads\/2023\/12\/chalet-ilegal-640x360.webp 640w, https:\/\/sospirineus.cat\/wp-content\/uploads\/2023\/12\/chalet-ilegal-600x338.webp 600w\" sizes=\"(max-width: 880px) 100vw, 880px\" \/><\/div><\/a>\n\t\t\t\t<div class=\"elementor-post__badge\">Non cat\u00e9goris\u00e9<\/div>\n\t\t\t\t<div class=\"elementor-post__text\">\n\t\t\t\t<h3 class=\"elementor-post__title\">\n\t\t\t<a href=\"https:\/\/sospirineus.cat\/fr\/non-categorise\/victoire-des-ecologistes-contre-la-villa-illegale-du-fils-de-lancien-maire-de-bellver-de-cerdanya\/\" >\n\t\t\t\tVictoire des \u00e9cologistes contre la villa ill\u00e9gale du fils de l&rsquo;ancien maire de Bellver de Cerdanya\t\t\t<\/a>\n\t\t<\/h3>\n\t\t\t\t<div class=\"elementor-post__excerpt\">\n\t\t\t\t\t<\/div>\n\t\t\n\t\t<a class=\"elementor-post__read-more\" href=\"https:\/\/sospirineus.cat\/fr\/non-categorise\/victoire-des-ecologistes-contre-la-villa-illegale-du-fils-de-lancien-maire-de-bellver-de-cerdanya\/\" aria-label=\"En savoir plus sur Victoire des \u00e9cologistes contre la villa ill\u00e9gale du fils de l&rsquo;ancien maire de Bellver de Cerdanya\" tabindex=\"-1\" >\n\t\t\tEn savoir plus \"\t\t<\/a>\n\n\t\t\t\t<\/div>\n\t\t\t\t\t<\/div>\n\t\t<\/article>\n\t\t\t\t<article class=\"elementor-post elementor-grid-item post-2921 post type-post status-publish format-standard has-post-thumbnail hentry category-non-categorise tag-nouvelles\" role=\"listitem\">\n\t\t\t<div class=\"elementor-post__card\">\n\t\t\t\t<a class=\"elementor-post__thumbnail__link\" href=\"https:\/\/sospirineus.cat\/fr\/non-categorise\/la-cerdanya-realise-une-etude-sur-les-logements-vacants-afin-de-les-ouvrir-aux-premiers-residents\/\" tabindex=\"-1\" ><div class=\"elementor-post__thumbnail\"><img loading=\"lazy\" decoding=\"async\" width=\"1200\" height=\"675\" src=\"https:\/\/sospirineus.cat\/wp-content\/uploads\/2023\/04\/noticia-3.webp\" class=\"attachment-full size-full wp-image-2923\" alt=\"\" srcset=\"https:\/\/sospirineus.cat\/wp-content\/uploads\/2023\/04\/noticia-3.webp 1200w, https:\/\/sospirineus.cat\/wp-content\/uploads\/2023\/04\/noticia-3-300x169.webp 300w, https:\/\/sospirineus.cat\/wp-content\/uploads\/2023\/04\/noticia-3-1024x576.webp 1024w, https:\/\/sospirineus.cat\/wp-content\/uploads\/2023\/04\/noticia-3-768x432.webp 768w, https:\/\/sospirineus.cat\/wp-content\/uploads\/2023\/04\/noticia-3-180x101.webp 180w, https:\/\/sospirineus.cat\/wp-content\/uploads\/2023\/04\/noticia-3-360x203.webp 360w, https:\/\/sospirineus.cat\/wp-content\/uploads\/2023\/04\/noticia-3-640x360.webp 640w, https:\/\/sospirineus.cat\/wp-content\/uploads\/2023\/04\/noticia-3-600x338.webp 600w\" sizes=\"(max-width: 1200px) 100vw, 1200px\" \/><\/div><\/a>\n\t\t\t\t<div class=\"elementor-post__badge\">Non cat\u00e9goris\u00e9<\/div>\n\t\t\t\t<div class=\"elementor-post__text\">\n\t\t\t\t<h3 class=\"elementor-post__title\">\n\t\t\t<a href=\"https:\/\/sospirineus.cat\/fr\/non-categorise\/la-cerdanya-realise-une-etude-sur-les-logements-vacants-afin-de-les-ouvrir-aux-premiers-residents\/\" >\n\t\t\t\tLa Cerdanya r\u00e9alise une \u00e9tude sur les logements vacants afin de les ouvrir aux premiers r\u00e9sidents\t\t\t<\/a>\n\t\t<\/h3>\n\t\t\t\t<div class=\"elementor-post__excerpt\">\n\t\t\t\t\t<\/div>\n\t\t\n\t\t<a class=\"elementor-post__read-more\" href=\"https:\/\/sospirineus.cat\/fr\/non-categorise\/la-cerdanya-realise-une-etude-sur-les-logements-vacants-afin-de-les-ouvrir-aux-premiers-residents\/\" aria-label=\"En savoir plus sur La Cerdanya r\u00e9alise une \u00e9tude sur les logements vacants afin de les ouvrir aux premiers r\u00e9sidents\" tabindex=\"-1\" >\n\t\t\tEn savoir plus \"\t\t<\/a>\n\n\t\t\t\t<\/div>\n\t\t\t\t\t<\/div>\n\t\t<\/article>\n\t\t\t\t<\/div>\n\t\t\n\t\t\t\t\t\t<\/div>\n\t\t\t\t<\/div>\n\t\t\t\t\t<\/div>\n\t\t<\/div>\n\t\t\t\t\t<\/div>\n\t\t<\/section>\n\t\t\t\t<section class=\"elementor-section elementor-top-section elementor-element elementor-element-3c178eb elementor-section-full_width elementor-section-height-default elementor-section-height-default\" data-id=\"3c178eb\" data-element_type=\"section\" data-e-type=\"section\">\n\t\t\t\t\t\t<div class=\"elementor-container elementor-column-gap-default\">\n\t\t\t\t\t<div class=\"elementor-column elementor-col-100 elementor-top-column elementor-element elementor-element-aaf0317\" data-id=\"aaf0317\" data-element_type=\"column\" data-e-type=\"column\">\n\t\t\t<div class=\"elementor-widget-wrap elementor-element-populated\">\n\t\t\t\t\t\t<div class=\"elementor-element elementor-element-ccd2a54 elementor-widget elementor-widget-shortcode\" data-id=\"ccd2a54\" data-element_type=\"widget\" data-e-type=\"widget\" data-widget_type=\"shortcode.default\">\n\t\t\t\t<div class=\"elementor-widget-container\">\n\t\t\t\t\t\t\t<div class=\"elementor-shortcode\"><\/div>\n\t\t\t\t\t\t<\/div>\n\t\t\t\t<\/div>\n\t\t\t\t\t<\/div>\n\t\t<\/div>\n\t\t\t\t\t<\/div>\n\t\t<\/section>\n\t\t\t\t<\/div>\n\t\t","protected":false},"excerpt":{"rendered":"<p>Actualit\u00e9s<\/p>\n","protected":false},"author":3,"featured_media":0,"parent":0,"menu_order":0,"comment_status":"closed","ping_status":"closed","template":"","meta":{"_acf_changed":false,"inline_featured_image":false,"footnotes":""},"class_list":["post-2765","page","type-page","status-publish","hentry"],"acf":[],"yoast_head":"<!-- This site is optimized with the Yoast SEO plugin v27.4 - https:\/\/yoast.com\/product\/yoast-seo-wordpress\/ -->\n<title>\u25b7Blog - \u3010 SOS PIRINEUS \u3011<\/title>\n<meta name=\"description\" content=\"Actualit\u00e9s \u2713\" \/>\n<meta name=\"robots\" content=\"index, follow, max-snippet:-1, max-image-preview:large, max-video-preview:-1\" \/>\n<link rel=\"canonical\" href=\"https:\/\/sospirineus.cat\/fr\/blog\/\" \/>\n<meta property=\"og:locale\" content=\"fr_FR\" \/>\n<meta property=\"og:type\" content=\"article\" \/>\n<meta property=\"og:title\" content=\"\u25b7Blog - \u3010 SOS PIRINEUS \u3011\" \/>\n<meta property=\"og:description\" content=\"Actualit\u00e9s \u2713\" \/>\n<meta property=\"og:url\" content=\"https:\/\/sospirineus.cat\/fr\/blog\/\" \/>\n<meta property=\"og:site_name\" content=\"SOS PIRINEUS\" \/>\n<meta property=\"article:modified_time\" content=\"2026-01-20T17:01:25+00:00\" \/>\n<meta name=\"twitter:card\" content=\"summary_large_image\" \/>\n<script type=\"application\/ld+json\" class=\"yoast-schema-graph\">{\"@context\":\"https:\\\/\\\/schema.org\",\"@graph\":[{\"@type\":\"WebPage\",\"@id\":\"https:\\\/\\\/sospirineus.cat\\\/fr\\\/blog\\\/\",\"url\":\"https:\\\/\\\/sospirineus.cat\\\/fr\\\/blog\\\/\",\"name\":\"\u25b7Blog - \u3010 SOS PIRINEUS \u3011\",\"isPartOf\":{\"@id\":\"https:\\\/\\\/sospirineus.cat\\\/#website\"},\"datePublished\":\"2023-04-19T13:33:50+00:00\",\"dateModified\":\"2026-01-20T17:01:25+00:00\",\"description\":\"Actualit\u00e9s \u2713\",\"breadcrumb\":{\"@id\":\"https:\\\/\\\/sospirineus.cat\\\/fr\\\/blog\\\/#breadcrumb\"},\"inLanguage\":\"fr-FR\",\"potentialAction\":[{\"@type\":\"ReadAction\",\"target\":[\"https:\\\/\\\/sospirineus.cat\\\/fr\\\/blog\\\/\"]}]},{\"@type\":\"BreadcrumbList\",\"@id\":\"https:\\\/\\\/sospirineus.cat\\\/fr\\\/blog\\\/#breadcrumb\",\"itemListElement\":[{\"@type\":\"ListItem\",\"position\":1,\"name\":\"Portada\",\"item\":\"https:\\\/\\\/sospirineus.cat\\\/fr\\\/maison\\\/\"},{\"@type\":\"ListItem\",\"position\":2,\"name\":\"Blog\"}]},{\"@type\":\"WebSite\",\"@id\":\"https:\\\/\\\/sospirineus.cat\\\/#website\",\"url\":\"https:\\\/\\\/sospirineus.cat\\\/\",\"name\":\"SOS PIRINEUS\",\"description\":\"ENCARA HI SOM A TEMPS\",\"publisher\":{\"@id\":\"https:\\\/\\\/sospirineus.cat\\\/#organization\"},\"potentialAction\":[{\"@type\":\"SearchAction\",\"target\":{\"@type\":\"EntryPoint\",\"urlTemplate\":\"https:\\\/\\\/sospirineus.cat\\\/?s={search_term_string}\"},\"query-input\":{\"@type\":\"PropertyValueSpecification\",\"valueRequired\":true,\"valueName\":\"search_term_string\"}}],\"inLanguage\":\"fr-FR\"},{\"@type\":\"Organization\",\"@id\":\"https:\\\/\\\/sospirineus.cat\\\/#organization\",\"name\":\"SOS PIRINEUS\",\"url\":\"https:\\\/\\\/sospirineus.cat\\\/\",\"logo\":{\"@type\":\"ImageObject\",\"inLanguage\":\"fr-FR\",\"@id\":\"https:\\\/\\\/sospirineus.cat\\\/#\\\/schema\\\/logo\\\/image\\\/\",\"url\":\"https:\\\/\\\/sospirineus.cat\\\/wp-content\\\/uploads\\\/2021\\\/10\\\/logo_sos_pirineus.png\",\"contentUrl\":\"https:\\\/\\\/sospirineus.cat\\\/wp-content\\\/uploads\\\/2021\\\/10\\\/logo_sos_pirineus.png\",\"width\":1898,\"height\":1338,\"caption\":\"SOS PIRINEUS\"},\"image\":{\"@id\":\"https:\\\/\\\/sospirineus.cat\\\/#\\\/schema\\\/logo\\\/image\\\/\"}}]}<\/script>\n<!-- \/ Yoast SEO plugin. -->","yoast_head_json":{"title":"\u25b7Blog - \u3010 SOS PIRINEUS \u3011","description":"Actualit\u00e9s \u2713","robots":{"index":"index","follow":"follow","max-snippet":"max-snippet:-1","max-image-preview":"max-image-preview:large","max-video-preview":"max-video-preview:-1"},"canonical":"https:\/\/sospirineus.cat\/fr\/blog\/","og_locale":"fr_FR","og_type":"article","og_title":"\u25b7Blog - \u3010 SOS PIRINEUS \u3011","og_description":"Actualit\u00e9s \u2713","og_url":"https:\/\/sospirineus.cat\/fr\/blog\/","og_site_name":"SOS PIRINEUS","article_modified_time":"2026-01-20T17:01:25+00:00","twitter_card":"summary_large_image","schema":{"@context":"https:\/\/schema.org","@graph":[{"@type":"WebPage","@id":"https:\/\/sospirineus.cat\/fr\/blog\/","url":"https:\/\/sospirineus.cat\/fr\/blog\/","name":"\u25b7Blog - \u3010 SOS PIRINEUS \u3011","isPartOf":{"@id":"https:\/\/sospirineus.cat\/#website"},"datePublished":"2023-04-19T13:33:50+00:00","dateModified":"2026-01-20T17:01:25+00:00","description":"Actualit\u00e9s \u2713","breadcrumb":{"@id":"https:\/\/sospirineus.cat\/fr\/blog\/#breadcrumb"},"inLanguage":"fr-FR","potentialAction":[{"@type":"ReadAction","target":["https:\/\/sospirineus.cat\/fr\/blog\/"]}]},{"@type":"BreadcrumbList","@id":"https:\/\/sospirineus.cat\/fr\/blog\/#breadcrumb","itemListElement":[{"@type":"ListItem","position":1,"name":"Portada","item":"https:\/\/sospirineus.cat\/fr\/maison\/"},{"@type":"ListItem","position":2,"name":"Blog"}]},{"@type":"WebSite","@id":"https:\/\/sospirineus.cat\/#website","url":"https:\/\/sospirineus.cat\/","name":"SOS PIRINEUS","description":"ENCARA HI SOM A TEMPS","publisher":{"@id":"https:\/\/sospirineus.cat\/#organization"},"potentialAction":[{"@type":"SearchAction","target":{"@type":"EntryPoint","urlTemplate":"https:\/\/sospirineus.cat\/?s={search_term_string}"},"query-input":{"@type":"PropertyValueSpecification","valueRequired":true,"valueName":"search_term_string"}}],"inLanguage":"fr-FR"},{"@type":"Organization","@id":"https:\/\/sospirineus.cat\/#organization","name":"SOS PIRINEUS","url":"https:\/\/sospirineus.cat\/","logo":{"@type":"ImageObject","inLanguage":"fr-FR","@id":"https:\/\/sospirineus.cat\/#\/schema\/logo\/image\/","url":"https:\/\/sospirineus.cat\/wp-content\/uploads\/2021\/10\/logo_sos_pirineus.png","contentUrl":"https:\/\/sospirineus.cat\/wp-content\/uploads\/2021\/10\/logo_sos_pirineus.png","width":1898,"height":1338,"caption":"SOS PIRINEUS"},"image":{"@id":"https:\/\/sospirineus.cat\/#\/schema\/logo\/image\/"}}]}},"_links":{"self":[{"href":"https:\/\/sospirineus.cat\/fr\/wp-json\/wp\/v2\/pages\/2765","targetHints":{"allow":["GET"]}}],"collection":[{"href":"https:\/\/sospirineus.cat\/fr\/wp-json\/wp\/v2\/pages"}],"about":[{"href":"https:\/\/sospirineus.cat\/fr\/wp-json\/wp\/v2\/types\/page"}],"author":[{"embeddable":true,"href":"https:\/\/sospirineus.cat\/fr\/wp-json\/wp\/v2\/users\/3"}],"replies":[{"embeddable":true,"href":"https:\/\/sospirineus.cat\/fr\/wp-json\/wp\/v2\/comments?post=2765"}],"version-history":[{"count":1,"href":"https:\/\/sospirineus.cat\/fr\/wp-json\/wp\/v2\/pages\/2765\/revisions"}],"predecessor-version":[{"id":2766,"href":"https:\/\/sospirineus.cat\/fr\/wp-json\/wp\/v2\/pages\/2765\/revisions\/2766"}],"wp:attachment":[{"href":"https:\/\/sospirineus.cat\/fr\/wp-json\/wp\/v2\/media?parent=2765"}],"curies":[{"name":"wp","href":"https:\/\/api.w.org\/{rel}","templated":true}]}}