{"id":2830,"date":"2025-05-07T09:49:47","date_gmt":"2025-05-07T07:49:47","guid":{"rendered":"https:\/\/sospirineus.cat\/nous\/"},"modified":"2026-01-20T18:01:57","modified_gmt":"2026-01-20T17:01:57","slug":"nous","status":"publish","type":"page","link":"https:\/\/sospirineus.cat\/fr\/nous\/","title":{"rendered":"Nous"},"content":{"rendered":"\t\t<div data-elementor-type=\"wp-page\" data-elementor-id=\"2830\" class=\"elementor elementor-2830 elementor-2112\" data-elementor-post-type=\"page\">\n\t\t\t\t<div class=\"elementor-element elementor-element-586eb44 e-flex e-con-boxed e-con e-parent\" data-id=\"586eb44\" data-element_type=\"container\" data-e-type=\"container\">\n\t\t\t\t\t<div class=\"e-con-inner\">\n\t\t<div class=\"elementor-element elementor-element-b4d3334 e-con-full e-flex e-con e-child\" data-id=\"b4d3334\" data-element_type=\"container\" data-e-type=\"container\">\n\t\t\t\t<div class=\"elementor-element elementor-element-c5b8b16 elementor-widget elementor-widget-heading\" data-id=\"c5b8b16\" data-element_type=\"widget\" data-e-type=\"widget\" data-widget_type=\"heading.default\">\n\t\t\t\t<div class=\"elementor-widget-container\">\n\t\t\t\t\t<h2 class=\"elementor-heading-title elementor-size-default\">QUI SOMMES-NOUS ?<\/h2>\t\t\t\t<\/div>\n\t\t\t\t<\/div>\n\t\t\t\t<div class=\"elementor-element elementor-element-f612f4d elementor-widget elementor-widget-text-editor\" data-id=\"f612f4d\" data-element_type=\"widget\" data-e-type=\"widget\" data-widget_type=\"text-editor.default\">\n\t\t\t\t<div class=\"elementor-widget-container\">\n\t\t\t\t\t\t\t\t\t<p>Association de personnes, de professionnels et de groupes issus de diff\u00e9rents secteurs \u00e0 but non lucratif que nous supervisons et pour lesquels nous luttons&nbsp;:<br> &#8211; protection de l&rsquo;environnement.<br> &#8211; la d\u00e9fense du territoire pour un avenir juste, \u00e9quilibr\u00e9 et confortable pour les habitants des Pyr\u00e9n\u00e9es.<\/p>\n<p>Nous n&rsquo;avons aucun lien avec des administrations, des entreprises ou des int\u00e9r\u00eats personnels, politiques ou partisans.<\/p>\n<p>La zone d&rsquo;action se concentre principalement dans les Pr\u00e9-Pyr\u00e9n\u00e9es catalanes et les Pyr\u00e9n\u00e9es, malgr\u00e9 la complicit\u00e9 avec l&rsquo;Aragon, la Navarre, le Pays basque, l&rsquo;Ari\u00e8ge, &#8230;<\/p>\n<div><span style=\"text-align: justify; background-color: transparent; font-size: 10pt; font-family: 'Century Gothic', sans-serif; color: #000000; font-variant-numeric: normal; font-variant-east-asian: normal; font-variant-alternates: normal; font-variant-position: normal; font-variant-emoji: normal; vertical-align: baseline; white-space-collapse: preserve;\">&nbsp;<\/span><\/div>\t\t\t\t\t\t\t\t<\/div>\n\t\t\t\t<\/div>\n\t\t\t\t<\/div>\n\t\t\t\t<div class=\"elementor-element elementor-element-bc88cca elementor-widget__width-inherit elementor-widget elementor-widget-image\" data-id=\"bc88cca\" data-element_type=\"widget\" data-e-type=\"widget\" data-widget_type=\"image.default\">\n\t\t\t\t<div class=\"elementor-widget-container\">\n\t\t\t\t\t\t\t\t\t\t\t\t\t\t\t<img fetchpriority=\"high\" decoding=\"async\" width=\"1080\" height=\"1080\" src=\"https:\/\/sospirineus.cat\/wp-content\/uploads\/2025\/05\/20230423_Recolzament_CanalRoya.jpg\" class=\"attachment-full size-full wp-image-767\" alt=\"\" srcset=\"https:\/\/sospirineus.cat\/wp-content\/uploads\/2025\/05\/20230423_Recolzament_CanalRoya.jpg 1080w, https:\/\/sospirineus.cat\/wp-content\/uploads\/2025\/05\/20230423_Recolzament_CanalRoya-300x300.jpg 300w, https:\/\/sospirineus.cat\/wp-content\/uploads\/2025\/05\/20230423_Recolzament_CanalRoya-100x100.jpg 100w, https:\/\/sospirineus.cat\/wp-content\/uploads\/2025\/05\/20230423_Recolzament_CanalRoya-600x600.jpg 600w, https:\/\/sospirineus.cat\/wp-content\/uploads\/2025\/05\/20230423_Recolzament_CanalRoya-1024x1024.jpg 1024w, https:\/\/sospirineus.cat\/wp-content\/uploads\/2025\/05\/20230423_Recolzament_CanalRoya-150x150.jpg 150w, https:\/\/sospirineus.cat\/wp-content\/uploads\/2025\/05\/20230423_Recolzament_CanalRoya-768x768.jpg 768w, https:\/\/sospirineus.cat\/wp-content\/uploads\/2025\/05\/20230423_Recolzament_CanalRoya-180x180.jpg 180w, https:\/\/sospirineus.cat\/wp-content\/uploads\/2025\/05\/20230423_Recolzament_CanalRoya-360x360.jpg 360w, https:\/\/sospirineus.cat\/wp-content\/uploads\/2025\/05\/20230423_Recolzament_CanalRoya-640x640.jpg 640w\" sizes=\"(max-width: 1080px) 100vw, 1080px\" \/>\t\t\t\t\t\t\t\t\t\t\t\t\t\t\t<\/div>\n\t\t\t\t<\/div>\n\t\t\t\t\t<\/div>\n\t\t\t\t<\/div>\n\t\t<div class=\"elementor-element elementor-element-84ecc4a e-flex e-con-boxed e-con e-parent\" data-id=\"84ecc4a\" data-element_type=\"container\" data-e-type=\"container\">\n\t\t\t\t\t<div class=\"e-con-inner\">\n\t\t<div class=\"elementor-element elementor-element-e53a454 e-con-full e-flex e-con e-child\" data-id=\"e53a454\" data-element_type=\"container\" data-e-type=\"container\">\n\t\t\t\t<div class=\"elementor-element elementor-element-01466cc elementor-widget elementor-widget-heading\" data-id=\"01466cc\" data-element_type=\"widget\" data-e-type=\"widget\" data-widget_type=\"heading.default\">\n\t\t\t\t<div class=\"elementor-widget-container\">\n\t\t\t\t\t<h2 class=\"elementor-heading-title elementor-size-default\">COMMENT AGIR ?<\/h2>\t\t\t\t<\/div>\n\t\t\t\t<\/div>\n\t\t\t\t<div class=\"elementor-element elementor-element-cfb3d05 elementor-widget elementor-widget-text-editor\" data-id=\"cfb3d05\" data-element_type=\"widget\" data-e-type=\"widget\" data-widget_type=\"text-editor.default\">\n\t\t\t\t<div class=\"elementor-widget-container\">\n\t\t\t\t\t\t\t\t\t<p><span style=\"font-weight: 400;\">Malgr\u00e9 des ressources limit\u00e9es, notre capital le plus pr\u00e9cieux est humain, gr\u00e2ce auquel nous sommes arriv\u00e9s jusqu&rsquo;ici.<\/span><\/p><p><b>Nous sommes un porte-parole<\/b> <span style=\"font-weight: 400;\">des agressions, plaintes, protestations ou d\u00e9nonciations \u00e9manant de groupes ou d&rsquo;individus.<\/span><\/p><p><b>Nous menons des enqu\u00eates rigoureuses<\/b> <span style=\"font-weight: 400;\">lorsqu&rsquo;il existe des indices de crimes pr\u00e9sum\u00e9s, en effectuant un travail de terrain qui confronte documents, t\u00e9moignages et faits.<\/span><\/p><p><b>Nous collaborons avec des entit\u00e9s<\/b> <span style=\"font-weight: 400;\">r\u00e9parties sur l&rsquo;ensemble de la cha\u00eene des Pyr\u00e9n\u00e9es, \u00e0 cheval sur les territoires espagnol, fran\u00e7ais et andorran.<\/span><\/p><p>Nous n&rsquo;avons aucun lien avec des administrations, des entreprises ou des int\u00e9r\u00eats personnels, politiques ou partisans.<\/p><p>La zone d&rsquo;action se concentre principalement dans les Pr\u00e9-Pyr\u00e9n\u00e9es catalanes et les Pyr\u00e9n\u00e9es, malgr\u00e9 la complicit\u00e9 avec l&rsquo;Aragon, la Navarre, le Pays basque, l&rsquo;Ari\u00e8ge, &#8230;<\/p><div><span style=\"text-align: justify; background-color: transparent; font-size: 10pt; font-family: 'Century Gothic', sans-serif; color: #000000; font-variant-numeric: normal; font-variant-east-asian: normal; font-variant-alternates: normal; font-variant-position: normal; font-variant-emoji: normal; vertical-align: baseline; white-space-collapse: preserve;\"> <\/span><\/div>\t\t\t\t\t\t\t\t<\/div>\n\t\t\t\t<\/div>\n\t\t\t\t<\/div>\n\t\t\t\t<div class=\"elementor-element elementor-element-d8f8c02 elementor-widget__width-inherit elementor-widget elementor-widget-image\" data-id=\"d8f8c02\" data-element_type=\"widget\" data-e-type=\"widget\" data-widget_type=\"image.default\">\n\t\t\t\t<div class=\"elementor-widget-container\">\n\t\t\t\t\t\t\t\t\t\t\t\t\t\t\t<img decoding=\"async\" width=\"800\" height=\"734\" src=\"https:\/\/sospirineus.cat\/wp-content\/uploads\/2025\/05\/20190408_Primerspassos-1024x939.jpg\" class=\"attachment-large size-large wp-image-765\" alt=\"\" srcset=\"https:\/\/sospirineus.cat\/wp-content\/uploads\/2025\/05\/20190408_Primerspassos-1024x939.jpg 1024w, https:\/\/sospirineus.cat\/wp-content\/uploads\/2025\/05\/20190408_Primerspassos-600x550.jpg 600w, https:\/\/sospirineus.cat\/wp-content\/uploads\/2025\/05\/20190408_Primerspassos-300x275.jpg 300w, https:\/\/sospirineus.cat\/wp-content\/uploads\/2025\/05\/20190408_Primerspassos-768x704.jpg 768w, https:\/\/sospirineus.cat\/wp-content\/uploads\/2025\/05\/20190408_Primerspassos-180x165.jpg 180w, https:\/\/sospirineus.cat\/wp-content\/uploads\/2025\/05\/20190408_Primerspassos-360x330.jpg 360w, https:\/\/sospirineus.cat\/wp-content\/uploads\/2025\/05\/20190408_Primerspassos-640x587.jpg 640w, https:\/\/sospirineus.cat\/wp-content\/uploads\/2025\/05\/20190408_Primerspassos.jpg 1037w\" sizes=\"(max-width: 800px) 100vw, 800px\" \/>\t\t\t\t\t\t\t\t\t\t\t\t\t\t\t<\/div>\n\t\t\t\t<\/div>\n\t\t\t\t\t<\/div>\n\t\t\t\t<\/div>\n\t\t<div class=\"elementor-element elementor-element-a730088 e-flex e-con-boxed e-con e-parent\" data-id=\"a730088\" data-element_type=\"container\" data-e-type=\"container\">\n\t\t\t\t\t<div class=\"e-con-inner\">\n\t\t<div class=\"elementor-element elementor-element-48f0cb4 e-con-full e-flex e-con e-child\" data-id=\"48f0cb4\" data-element_type=\"container\" data-e-type=\"container\">\n\t\t\t\t<div class=\"elementor-element elementor-element-369a59b elementor-widget elementor-widget-heading\" data-id=\"369a59b\" data-element_type=\"widget\" data-e-type=\"widget\" data-widget_type=\"heading.default\">\n\t\t\t\t<div class=\"elementor-widget-container\">\n\t\t\t\t\t<h2 class=\"elementor-heading-title elementor-size-default\">FONCTIONS ?<\/h2>\t\t\t\t<\/div>\n\t\t\t\t<\/div>\n\t\t\t\t<div class=\"elementor-element elementor-element-7960be0 elementor-widget elementor-widget-text-editor\" data-id=\"7960be0\" data-element_type=\"widget\" data-e-type=\"widget\" data-widget_type=\"text-editor.default\">\n\t\t\t\t<div class=\"elementor-widget-container\">\n\t\t\t\t\t\t\t\t\t<p><b>Sensibiliser<\/b> <span style=\"font-weight: 400;\">la soci\u00e9t\u00e9 aux probl\u00e8mes environnementaux, sociaux, \u00e9conomiques et humanitaires.<\/span><\/p><p><b>Promouvoir<\/b> <b>les projets<\/b> <span style=\"font-weight: 400;\">de transformation sociale, environnementale et \u00e9conomique<\/span> .<\/p><p><b>Motiver<\/b> <b>les gens<\/b> <span style=\"font-weight: 400;\">\u00e0 devenir des acteurs du<\/span> <b>changement<\/b> <b>.<\/b><\/p><p><b>Former les citoyens<\/b> <span style=\"font-weight: 400;\">\u00e0 la fois \u00e0 la sensibilisation et aux connaissances scientifiques sur l&rsquo;environnement, ainsi que sur leurs droits et obligations.<\/span><\/p><p><b>Compl\u00e9ter les politiques publiques<\/b> <span style=\"font-weight: 400;\">.<\/span><\/p><p><b>Travaillez avec honn\u00eatet\u00e9, professionnalisme, engagement et transparence<\/b> <span style=\"font-weight: 400;\">.<\/span><\/p>\t\t\t\t\t\t\t\t<\/div>\n\t\t\t\t<\/div>\n\t\t\t\t<\/div>\n\t\t<div class=\"elementor-element elementor-element-561c1dd e-con-full e-flex e-con e-child\" data-id=\"561c1dd\" data-element_type=\"container\" data-e-type=\"container\">\n\t\t\t\t<div class=\"elementor-element elementor-element-0f07f09 elementor-widget elementor-widget-heading\" data-id=\"0f07f09\" data-element_type=\"widget\" data-e-type=\"widget\" data-widget_type=\"heading.default\">\n\t\t\t\t<div class=\"elementor-widget-container\">\n\t\t\t\t\t<h2 class=\"elementor-heading-title elementor-size-default\">COMMENT TRAVAILLONS-NOUS ?<\/h2>\t\t\t\t<\/div>\n\t\t\t\t<\/div>\n\t\t\t\t<div class=\"elementor-element elementor-element-4932da2 elementor-widget elementor-widget-text-editor\" data-id=\"4932da2\" data-element_type=\"widget\" data-e-type=\"widget\" data-widget_type=\"text-editor.default\">\n\t\t\t\t<div class=\"elementor-widget-container\">\n\t\t\t\t\t\t\t\t\t<p><b>Rien n&rsquo;est impossible<\/b> . Nous pensons qu&rsquo;il est important de fixer des \u00e9tapes concr\u00e8tes, assorties de d\u00e9lais r\u00e9alistes, afin d&rsquo;atteindre des objectifs r\u00e9els et de d\u00e9finir des strat\u00e9gies efficaces.   <b> <\/b><\/p><p><b>Nous sommes autofinanc\u00e9s<\/b> par les contributions de nos membres et collaborateurs.<\/p><p><b>Nous fonctionnons de mani\u00e8re autonome<\/b> gr\u00e2ce \u00e0 des assembl\u00e9es et des r\u00e9unions r\u00e9guli\u00e8res, en pr\u00e9sentiel et\/ou \u00e0 distance. Le conseil d&rsquo;administration est g\u00e9n\u00e9ralement compos\u00e9 de trois membres et de deux collaborateurs, qui convoquent les r\u00e9unions, d\u00e9finissent les strat\u00e9gies et animent les d\u00e9bats.   <\/p><p><b>Le fonctionnement de l&rsquo;association est horizontal.<\/b>  Les postes au conseil d&rsquo;administration sont nominatifs et r\u00e9pondent uniquement \u00e0 des exigences administratives et fiscales.<\/p>\t\t\t\t\t\t\t\t<\/div>\n\t\t\t\t<\/div>\n\t\t\t\t<\/div>\n\t\t\t\t\t<\/div>\n\t\t\t\t<\/div>\n\t\t<div class=\"elementor-element elementor-element-8b4f121 e-flex e-con-boxed e-con e-parent\" data-id=\"8b4f121\" data-element_type=\"container\" data-e-type=\"container\">\n\t\t\t\t\t<div class=\"e-con-inner\">\n\t\t\t\t<div class=\"elementor-element elementor-element-4137616 elementor-mobile-align-center elementor-widget-mobile__width-inherit elementor-widget elementor-widget-button\" data-id=\"4137616\" data-element_type=\"widget\" data-e-type=\"widget\" data-widget_type=\"button.default\">\n\t\t\t\t<div class=\"elementor-widget-container\">\n\t\t\t\t\t\t\t\t\t<div class=\"elementor-button-wrapper\">\n\t\t\t\t\t<a class=\"elementor-button elementor-button-link elementor-size-sm\" href=\"https:\/\/sospirineus.cat\/wp-content\/uploads\/2025\/06\/20250518_SOSP_Triptic_6.0_blanc_primera_OK.pdf\" target=\"_blank\" rel=\"nofollow\">\n\t\t\t\t\t\t<span class=\"elementor-button-content-wrapper\">\n\t\t\t\t\t\t<span class=\"elementor-button-icon\">\n\t\t\t\t<svg xmlns=\"http:\/\/www.w3.org\/2000\/svg\" width=\"26\" height=\"14\" viewBox=\"0 0 26 14\" fill=\"none\"><path d=\"M20.0307 7.77778H5.9693C5.53183 7.77778 5.18811 7.43556 5.18811 7.00001C5.18811 6.56445 5.53183 6.22223 5.9693 6.22223H20.0307C20.4682 6.22223 20.8119 6.56445 20.8119 7.00001C20.8119 7.43556 20.4682 7.77778 20.0307 7.77778Z\" fill=\"#292929\"><\/path><path d=\"M16.1248 13.2222C16.0223 13.2234 15.9207 13.2033 15.8265 13.1631C15.7324 13.123 15.6477 13.0636 15.5779 12.9889C15.2654 12.6778 15.2654 12.1955 15.5779 11.8844L20.4994 6.98442L15.5779 2.08442C15.2654 1.77331 15.2654 1.29109 15.5779 0.979976C15.8904 0.668865 16.3747 0.668865 16.6872 0.979976L22.1555 6.42442C22.468 6.73553 22.468 7.21776 22.1555 7.52887L16.6872 12.9733C16.531 13.1289 16.3279 13.2066 16.1404 13.2066L16.1248 13.2222Z\" fill=\"#292929\"><\/path><\/svg>\t\t\t<\/span>\n\t\t\t\t\t\t\t\t\t<span class=\"elementor-button-text\">T\u00e9l\u00e9charger la brochure SOS Prineus<\/span>\n\t\t\t\t\t<\/span>\n\t\t\t\t\t<\/a>\n\t\t\t\t<\/div>\n\t\t\t\t\t\t\t\t<\/div>\n\t\t\t\t<\/div>\n\t\t\t\t\t<\/div>\n\t\t\t\t<\/div>\n\t\t\t\t<\/div>\n\t\t","protected":false},"excerpt":{"rendered":"<p>QUI SOMMES-NOUS ? Association de personnes, de professionnels et de groupes issus de diff\u00e9rents secteurs \u00e0 but non lucratif que nous supervisons et pour lesquels nous luttons&nbsp;: &#8211; protection de l&rsquo;environnement. &#8211; la d\u00e9fense du territoire pour un avenir juste, \u00e9quilibr\u00e9 et confortable pour les habitants des Pyr\u00e9n\u00e9es. Nous n&rsquo;avons aucun lien avec des administrations, [&hellip;]<\/p>\n","protected":false},"author":3,"featured_media":0,"parent":0,"menu_order":0,"comment_status":"closed","ping_status":"closed","template":"","meta":{"_acf_changed":false,"inline_featured_image":false,"footnotes":""},"class_list":["post-2830","page","type-page","status-publish","hentry"],"acf":[],"yoast_head":"<!-- This site is optimized with the Yoast SEO plugin v27.4 - https:\/\/yoast.com\/product\/yoast-seo-wordpress\/ -->\n<title>\u25b7Nous - \u3010 SOS PIRINEUS \u3011<\/title>\n<meta name=\"description\" content=\"QUI SOMMES-NOUS ? Association de personnes, de professionnels et de groupes issus de diff\u00e9rents secteurs \u00e0 but non lucratif que nous supervisons et pour \u2713\" \/>\n<meta name=\"robots\" content=\"index, follow, max-snippet:-1, max-image-preview:large, max-video-preview:-1\" \/>\n<link rel=\"canonical\" href=\"https:\/\/sospirineus.cat\/fr\/nous\/\" \/>\n<meta property=\"og:locale\" content=\"fr_FR\" \/>\n<meta property=\"og:type\" content=\"article\" \/>\n<meta property=\"og:title\" content=\"\u25b7Nous - \u3010 SOS PIRINEUS \u3011\" \/>\n<meta property=\"og:description\" content=\"QUI SOMMES-NOUS ? Association de personnes, de professionnels et de groupes issus de diff\u00e9rents secteurs \u00e0 but non lucratif que nous supervisons et pour \u2713\" \/>\n<meta property=\"og:url\" content=\"https:\/\/sospirineus.cat\/fr\/nous\/\" \/>\n<meta property=\"og:site_name\" content=\"SOS PIRINEUS\" \/>\n<meta property=\"article:modified_time\" content=\"2026-01-20T17:01:57+00:00\" \/>\n<meta property=\"og:image\" content=\"https:\/\/sospirineus.cat\/wp-content\/uploads\/2025\/05\/20230423_Recolzament_CanalRoya.jpg\" \/>\n\t<meta property=\"og:image:width\" content=\"1080\" \/>\n\t<meta property=\"og:image:height\" content=\"1080\" \/>\n\t<meta property=\"og:image:type\" content=\"image\/jpeg\" \/>\n<meta name=\"twitter:card\" content=\"summary_large_image\" \/>\n<meta name=\"twitter:label1\" content=\"Dur\u00e9e de lecture estim\u00e9e\" \/>\n\t<meta name=\"twitter:data1\" content=\"2 minutes\" \/>\n<script type=\"application\/ld+json\" class=\"yoast-schema-graph\">{\"@context\":\"https:\\\/\\\/schema.org\",\"@graph\":[{\"@type\":\"WebPage\",\"@id\":\"https:\\\/\\\/sospirineus.cat\\\/fr\\\/nous\\\/\",\"url\":\"https:\\\/\\\/sospirineus.cat\\\/fr\\\/nous\\\/\",\"name\":\"\u25b7Nous - \u3010 SOS PIRINEUS \u3011\",\"isPartOf\":{\"@id\":\"https:\\\/\\\/sospirineus.cat\\\/#website\"},\"primaryImageOfPage\":{\"@id\":\"https:\\\/\\\/sospirineus.cat\\\/fr\\\/nous\\\/#primaryimage\"},\"image\":{\"@id\":\"https:\\\/\\\/sospirineus.cat\\\/fr\\\/nous\\\/#primaryimage\"},\"thumbnailUrl\":\"https:\\\/\\\/sospirineus.cat\\\/wp-content\\\/uploads\\\/2025\\\/05\\\/20230423_Recolzament_CanalRoya.jpg\",\"datePublished\":\"2025-05-07T07:49:47+00:00\",\"dateModified\":\"2026-01-20T17:01:57+00:00\",\"description\":\"QUI SOMMES-NOUS ? Association de personnes, de professionnels et de groupes issus de diff\u00e9rents secteurs \u00e0 but non lucratif que nous supervisons et pour \u2713\",\"breadcrumb\":{\"@id\":\"https:\\\/\\\/sospirineus.cat\\\/fr\\\/nous\\\/#breadcrumb\"},\"inLanguage\":\"fr-FR\",\"potentialAction\":[{\"@type\":\"ReadAction\",\"target\":[\"https:\\\/\\\/sospirineus.cat\\\/fr\\\/nous\\\/\"]}]},{\"@type\":\"ImageObject\",\"inLanguage\":\"fr-FR\",\"@id\":\"https:\\\/\\\/sospirineus.cat\\\/fr\\\/nous\\\/#primaryimage\",\"url\":\"https:\\\/\\\/sospirineus.cat\\\/wp-content\\\/uploads\\\/2025\\\/05\\\/20230423_Recolzament_CanalRoya.jpg\",\"contentUrl\":\"https:\\\/\\\/sospirineus.cat\\\/wp-content\\\/uploads\\\/2025\\\/05\\\/20230423_Recolzament_CanalRoya.jpg\"},{\"@type\":\"BreadcrumbList\",\"@id\":\"https:\\\/\\\/sospirineus.cat\\\/fr\\\/nous\\\/#breadcrumb\",\"itemListElement\":[{\"@type\":\"ListItem\",\"position\":1,\"name\":\"Portada\",\"item\":\"https:\\\/\\\/sospirineus.cat\\\/fr\\\/maison\\\/\"},{\"@type\":\"ListItem\",\"position\":2,\"name\":\"Nous\"}]},{\"@type\":\"WebSite\",\"@id\":\"https:\\\/\\\/sospirineus.cat\\\/#website\",\"url\":\"https:\\\/\\\/sospirineus.cat\\\/\",\"name\":\"SOS PIRINEUS\",\"description\":\"ENCARA HI SOM A TEMPS\",\"publisher\":{\"@id\":\"https:\\\/\\\/sospirineus.cat\\\/#organization\"},\"potentialAction\":[{\"@type\":\"SearchAction\",\"target\":{\"@type\":\"EntryPoint\",\"urlTemplate\":\"https:\\\/\\\/sospirineus.cat\\\/?s={search_term_string}\"},\"query-input\":{\"@type\":\"PropertyValueSpecification\",\"valueRequired\":true,\"valueName\":\"search_term_string\"}}],\"inLanguage\":\"fr-FR\"},{\"@type\":\"Organization\",\"@id\":\"https:\\\/\\\/sospirineus.cat\\\/#organization\",\"name\":\"SOS PIRINEUS\",\"url\":\"https:\\\/\\\/sospirineus.cat\\\/\",\"logo\":{\"@type\":\"ImageObject\",\"inLanguage\":\"fr-FR\",\"@id\":\"https:\\\/\\\/sospirineus.cat\\\/#\\\/schema\\\/logo\\\/image\\\/\",\"url\":\"https:\\\/\\\/sospirineus.cat\\\/wp-content\\\/uploads\\\/2021\\\/10\\\/logo_sos_pirineus.png\",\"contentUrl\":\"https:\\\/\\\/sospirineus.cat\\\/wp-content\\\/uploads\\\/2021\\\/10\\\/logo_sos_pirineus.png\",\"width\":1898,\"height\":1338,\"caption\":\"SOS PIRINEUS\"},\"image\":{\"@id\":\"https:\\\/\\\/sospirineus.cat\\\/#\\\/schema\\\/logo\\\/image\\\/\"}}]}<\/script>\n<!-- \/ Yoast SEO plugin. -->","yoast_head_json":{"title":"\u25b7Nous - \u3010 SOS PIRINEUS \u3011","description":"QUI SOMMES-NOUS ? Association de personnes, de professionnels et de groupes issus de diff\u00e9rents secteurs \u00e0 but non lucratif que nous supervisons et pour \u2713","robots":{"index":"index","follow":"follow","max-snippet":"max-snippet:-1","max-image-preview":"max-image-preview:large","max-video-preview":"max-video-preview:-1"},"canonical":"https:\/\/sospirineus.cat\/fr\/nous\/","og_locale":"fr_FR","og_type":"article","og_title":"\u25b7Nous - \u3010 SOS PIRINEUS \u3011","og_description":"QUI SOMMES-NOUS ? Association de personnes, de professionnels et de groupes issus de diff\u00e9rents secteurs \u00e0 but non lucratif que nous supervisons et pour \u2713","og_url":"https:\/\/sospirineus.cat\/fr\/nous\/","og_site_name":"SOS PIRINEUS","article_modified_time":"2026-01-20T17:01:57+00:00","og_image":[{"width":1080,"height":1080,"url":"https:\/\/sospirineus.cat\/wp-content\/uploads\/2025\/05\/20230423_Recolzament_CanalRoya.jpg","type":"image\/jpeg"}],"twitter_card":"summary_large_image","twitter_misc":{"Dur\u00e9e de lecture estim\u00e9e":"2 minutes"},"schema":{"@context":"https:\/\/schema.org","@graph":[{"@type":"WebPage","@id":"https:\/\/sospirineus.cat\/fr\/nous\/","url":"https:\/\/sospirineus.cat\/fr\/nous\/","name":"\u25b7Nous - \u3010 SOS PIRINEUS \u3011","isPartOf":{"@id":"https:\/\/sospirineus.cat\/#website"},"primaryImageOfPage":{"@id":"https:\/\/sospirineus.cat\/fr\/nous\/#primaryimage"},"image":{"@id":"https:\/\/sospirineus.cat\/fr\/nous\/#primaryimage"},"thumbnailUrl":"https:\/\/sospirineus.cat\/wp-content\/uploads\/2025\/05\/20230423_Recolzament_CanalRoya.jpg","datePublished":"2025-05-07T07:49:47+00:00","dateModified":"2026-01-20T17:01:57+00:00","description":"QUI SOMMES-NOUS ? Association de personnes, de professionnels et de groupes issus de diff\u00e9rents secteurs \u00e0 but non lucratif que nous supervisons et pour \u2713","breadcrumb":{"@id":"https:\/\/sospirineus.cat\/fr\/nous\/#breadcrumb"},"inLanguage":"fr-FR","potentialAction":[{"@type":"ReadAction","target":["https:\/\/sospirineus.cat\/fr\/nous\/"]}]},{"@type":"ImageObject","inLanguage":"fr-FR","@id":"https:\/\/sospirineus.cat\/fr\/nous\/#primaryimage","url":"https:\/\/sospirineus.cat\/wp-content\/uploads\/2025\/05\/20230423_Recolzament_CanalRoya.jpg","contentUrl":"https:\/\/sospirineus.cat\/wp-content\/uploads\/2025\/05\/20230423_Recolzament_CanalRoya.jpg"},{"@type":"BreadcrumbList","@id":"https:\/\/sospirineus.cat\/fr\/nous\/#breadcrumb","itemListElement":[{"@type":"ListItem","position":1,"name":"Portada","item":"https:\/\/sospirineus.cat\/fr\/maison\/"},{"@type":"ListItem","position":2,"name":"Nous"}]},{"@type":"WebSite","@id":"https:\/\/sospirineus.cat\/#website","url":"https:\/\/sospirineus.cat\/","name":"SOS PIRINEUS","description":"ENCARA HI SOM A TEMPS","publisher":{"@id":"https:\/\/sospirineus.cat\/#organization"},"potentialAction":[{"@type":"SearchAction","target":{"@type":"EntryPoint","urlTemplate":"https:\/\/sospirineus.cat\/?s={search_term_string}"},"query-input":{"@type":"PropertyValueSpecification","valueRequired":true,"valueName":"search_term_string"}}],"inLanguage":"fr-FR"},{"@type":"Organization","@id":"https:\/\/sospirineus.cat\/#organization","name":"SOS PIRINEUS","url":"https:\/\/sospirineus.cat\/","logo":{"@type":"ImageObject","inLanguage":"fr-FR","@id":"https:\/\/sospirineus.cat\/#\/schema\/logo\/image\/","url":"https:\/\/sospirineus.cat\/wp-content\/uploads\/2021\/10\/logo_sos_pirineus.png","contentUrl":"https:\/\/sospirineus.cat\/wp-content\/uploads\/2021\/10\/logo_sos_pirineus.png","width":1898,"height":1338,"caption":"SOS PIRINEUS"},"image":{"@id":"https:\/\/sospirineus.cat\/#\/schema\/logo\/image\/"}}]}},"_links":{"self":[{"href":"https:\/\/sospirineus.cat\/fr\/wp-json\/wp\/v2\/pages\/2830","targetHints":{"allow":["GET"]}}],"collection":[{"href":"https:\/\/sospirineus.cat\/fr\/wp-json\/wp\/v2\/pages"}],"about":[{"href":"https:\/\/sospirineus.cat\/fr\/wp-json\/wp\/v2\/types\/page"}],"author":[{"embeddable":true,"href":"https:\/\/sospirineus.cat\/fr\/wp-json\/wp\/v2\/users\/3"}],"replies":[{"embeddable":true,"href":"https:\/\/sospirineus.cat\/fr\/wp-json\/wp\/v2\/comments?post=2830"}],"version-history":[{"count":1,"href":"https:\/\/sospirineus.cat\/fr\/wp-json\/wp\/v2\/pages\/2830\/revisions"}],"predecessor-version":[{"id":2833,"href":"https:\/\/sospirineus.cat\/fr\/wp-json\/wp\/v2\/pages\/2830\/revisions\/2833"}],"wp:attachment":[{"href":"https:\/\/sospirineus.cat\/fr\/wp-json\/wp\/v2\/media?parent=2830"}],"curies":[{"name":"wp","href":"https:\/\/api.w.org\/{rel}","templated":true}]}}