{"id":2841,"date":"2025-01-20T08:51:38","date_gmt":"2025-01-20T07:51:38","guid":{"rendered":"https:\/\/sospirineus.cat\/politique-relative-aux-cookies\/"},"modified":"2026-01-20T18:01:57","modified_gmt":"2026-01-20T17:01:57","slug":"politique-relative-aux-cookies","status":"publish","type":"page","link":"https:\/\/sospirineus.cat\/fr\/politique-relative-aux-cookies\/","title":{"rendered":"Politique relative aux cookies"},"content":{"rendered":"\t\t<div data-elementor-type=\"wp-page\" data-elementor-id=\"2841\" class=\"elementor elementor-2841 elementor-2118\" data-elementor-post-type=\"page\">\n\t\t\t\t\t\t<section class=\"elementor-section elementor-top-section elementor-element elementor-element-1dee3be elementor-section-boxed elementor-section-height-default elementor-section-height-default\" data-id=\"1dee3be\" data-element_type=\"section\" data-e-type=\"section\">\n\t\t\t\t\t\t<div class=\"elementor-container elementor-column-gap-default\">\n\t\t\t\t\t<div class=\"elementor-column elementor-col-100 elementor-top-column elementor-element elementor-element-07f65ab\" data-id=\"07f65ab\" data-element_type=\"column\" data-e-type=\"column\">\n\t\t\t<div class=\"elementor-widget-wrap elementor-element-populated\">\n\t\t\t\t\t\t<div class=\"elementor-element elementor-element-5270b29 elementor-widget elementor-widget-heading\" data-id=\"5270b29\" data-element_type=\"widget\" data-e-type=\"widget\" data-widget_type=\"heading.default\">\n\t\t\t\t<div class=\"elementor-widget-container\">\n\t\t\t\t\t<h1 class=\"elementor-heading-title elementor-size-default\"><b>POLITIQUE RELATIVE AUX COOKIES ET AU STOCKAGE LOCAL<\/b><\/h1>\t\t\t\t<\/div>\n\t\t\t\t<\/div>\n\t\t\t\t\t<\/div>\n\t\t<\/div>\n\t\t\t\t\t<\/div>\n\t\t<\/section>\n\t\t<div class=\"elementor-element elementor-element-a679816 e-flex e-con-boxed e-con e-parent\" data-id=\"a679816\" data-element_type=\"container\" data-e-type=\"container\">\n\t\t\t\t\t<div class=\"e-con-inner\">\n\t\t\t\t<div class=\"elementor-element elementor-element-b7ba3c6 elementor-widget elementor-widget-text-editor\" data-id=\"b7ba3c6\" data-element_type=\"widget\" data-e-type=\"widget\" data-widget_type=\"text-editor.default\">\n\t\t\t\t<div class=\"elementor-widget-container\">\n\t\t\t\t\t\t\t\t\t<p><strong>POLITIQUE RELATIVE AUX COOKIES ET AU STOCKAGE LOCAL<\/strong><\/p><p>Ce site web utilise des cookies et des technologies similaires pour fournir le service, ainsi que pour nous permettre de l&rsquo;am\u00e9liorer en obtenant des statistiques sur son utilisation et \u00e0 d&rsquo;autres fins.<\/p><p>La navigation sur ce site web implique n\u00e9cessairement l&rsquo;utilisation de cookies et de technologies similaires lorsque cela est n\u00e9cessaire \u00e0 son fonctionnement. De m\u00eame, pour certaines finalit\u00e9s, l&rsquo;utilisation de cookies et le stockage local seront soumis \u00e0 votre consentement pr\u00e9alable. Vous pouvez accepter ou refuser les cookies via le syst\u00e8me de configuration pr\u00e9vu \u00e0 cet effet et configurer votre navigateur pour emp\u00eacher leur utilisation.    <\/p><p>Cette politique fait partie de notre politique de confidentialit\u00e9 et comprend les \u00e9l\u00e9ments suivants&nbsp;:<\/p><ul><li>Que sont les cookies ?<\/li><li>\u00c0 quoi servent les cookies ?<\/li><li>Que signifie l&rsquo;expression \u00ab technologies similaires aux cookies \u00bb ?<\/li><li>Que sont les cookies tiers&nbsp;? Qui sont les destinataires de ces informations&nbsp;?   <\/li><li>Quelles fonctions et fonctionnalit\u00e9s tierces utilisons-nous sur notre site web&nbsp;?<\/li><li>Combien de temps les cookies ou technologies similaires restent-ils actifs&nbsp;?<\/li><li>Utilisation des navigateurs en mode de navigation priv\u00e9e.<\/li><li>Comment emp\u00eacher l&rsquo;utilisation des cookies et comment les supprimer ?<\/li><\/ul><h3><strong>Que sont les cookies ?<\/strong><\/h3><p>Les \u00ab&nbsp;cookies&nbsp;\u00bb sont de petits fichiers temporaires cr\u00e9\u00e9s sur l\u2019appareil de l\u2019utilisateur (ordinateur, t\u00e9l\u00e9phone, tablette, etc.) lorsqu\u2019il consulte un site web. Ils permettent de stocker ou de r\u00e9cup\u00e9rer des informations lors de la navigation, par exemple pour enregistrer vos pr\u00e9f\u00e9rences d\u2019utilisation, vous reconna\u00eetre lors de vos visites ult\u00e9rieures ou recueillir des informations sur vos habitudes de navigation.   <\/p><p>Lorsqu&rsquo;un site web cr\u00e9e un cookie sur votre appareil, l&rsquo;adresse\/le domaine du site, la dur\u00e9e de vie du cookie (qui peut aller de quelques minutes \u00e0 plusieurs ann\u00e9es) et son contenu sont enregistr\u00e9s. Vous pouvez d\u00e9sactiver les cookies \u00e0 tout moment via les param\u00e8tres de ce site web ou en configurant votre navigateur pour emp\u00eacher leur utilisation.   <\/p><h3><strong>\u00c0 quoi servent les cookies ?<\/strong><\/h3><p>Les utilisations ou finalit\u00e9s les plus courantes sont&nbsp;:<\/p><ul><li><strong>Cookies techniques essentiels&nbsp;:<\/strong> Ils permettent de g\u00e9rer la navigation sur le site web et de maintenir la connexion de l\u2019utilisateur. En les d\u00e9sactivant, certaines sections pourraient ne pas fonctionner correctement.   <\/li><li><strong>Cookies de personnalisation&nbsp;:<\/strong> n\u00e9cessaires pour m\u00e9moriser certaines pr\u00e9f\u00e9rences de l\u2019utilisateur.<\/li><li><strong>Cookies analytiques&nbsp;:<\/strong> ils nous aident \u00e0 recueillir des informations sur l\u2019origine des utilisateurs et leur navigation sur le site web afin de r\u00e9aliser des analyses statistiques et d\u2019am\u00e9liorer la structure et le contenu.<\/li><li><strong>Cookies publicitaires&nbsp;:<\/strong> pour g\u00e9rer les publicit\u00e9s qui apparaissent sur le site web et d\u00e9terminer leur contenu ou leur fr\u00e9quence.<\/li><li><strong>Cookies publicitaires comportementaux&nbsp;:<\/strong> ils collectent les habitudes de navigation de l\u2019utilisateur afin de cr\u00e9er un profil d\u2019int\u00e9r\u00eats et d\u2019afficher des publicit\u00e9s personnalis\u00e9es.<\/li><li><strong>Cookies pour le partage sur les r\u00e9seaux sociaux&nbsp;:<\/strong> ils permettent d\u2019identifier l\u2019utilisateur sur ses r\u00e9seaux sociaux afin de partager du contenu.<\/li><\/ul><h3><strong>Que signifie l&rsquo;expression \u00ab technologies similaires aux cookies \u00bb ?<\/strong><\/h3><p>Il s&rsquo;agit de tout m\u00e9canisme permettant de stocker et de r\u00e9cup\u00e9rer des donn\u00e9es sur l&rsquo;appareil de l&rsquo;utilisateur. Les plus courants sont&nbsp;:   <\/p><ul><li><strong>Stockage local du navigateur&nbsp;:<\/strong> comme \u00ab&nbsp;sessionStorage&nbsp;\u00bb et \u00ab&nbsp;localStorage&nbsp;\u00bb.<\/li><li><strong>Stockage local des plugins de navigateur&nbsp;:<\/strong> Exemple&nbsp;: objets partag\u00e9s locaux Flash ou objets isol\u00e9s Silverlight.<\/li><li><strong>Balises Web :<\/strong> Images h\u00e9berg\u00e9es sur des serveurs permettant d&rsquo;enregistrer les visites de pages ou les courriels.<\/li><li><strong>Empreinte digitale&nbsp;:<\/strong> combine les informations du navigateur ou de l\u2019appareil pour identifier l\u2019utilisateur lors de visites successives.<\/li><\/ul><h3><strong>Que sont les cookies tiers&nbsp;? Qui sont les destinataires de ces informations&nbsp;?   <\/strong><\/h3><p>Les cookies sont class\u00e9s en&nbsp;:<\/p><ul><li><strong>Cookies internes&nbsp;:<\/strong> cr\u00e9\u00e9s et g\u00e9r\u00e9s depuis notre domaine.<\/li><li><strong>Cookies tiers&nbsp;:<\/strong> Cr\u00e9\u00e9s et g\u00e9r\u00e9s par d\u2019autres sites web, ils offrent des fonctionnalit\u00e9s telles que des cartes interactives, des vid\u00e9os, des boutons de r\u00e9seaux sociaux ou des publicit\u00e9s personnalis\u00e9es. Ces cookies sont sous le contr\u00f4le du tiers qui les fournit.   <\/li><\/ul><h3><strong>Quelles fonctions et fonctionnalit\u00e9s tierces utilisons-nous sur notre site web&nbsp;?<\/strong><\/h3><p>Vous trouverez ci-dessous un tableau r\u00e9capitulatif des cookies utilis\u00e9s sur notre site web&nbsp;:<\/p><table><thead><tr><th><strong>Type<\/strong><\/th> <th><strong>de cookie<\/strong><\/th> <th><strong>Dur\u00e9e<\/strong><\/th> <th><strong>Description<\/strong><\/th><\/tr><\/thead><tbody><tr><td>Session<\/td> <td>__cf_bm<\/td> <td>d&rsquo;une heure&nbsp;:<\/td> <td>Assistance \u00e0 la gestion des bots pour Cloudflare.<\/td><\/tr><tr><td>cookielawinfo-checkbox-analytics<\/td> <td>Persistant<\/td> <td>11 mois<\/td> <td>Stocke le consentement pour les cookies analytiques.<\/td><\/tr><tr><td>cookielawinfo-checkbox-functional<\/td> <td>Persistant<\/td> <td>11 mois<\/td> <td>Stocke le consentement pour les cookies fonctionnels.<\/td><\/tr><tr><td>cookielawinfo-checkbox-necessary<\/td> <td>Persistant<\/td> <td>11 mois<\/td> <td>Stocke le consentement pour les cookies n\u00e9cessaires.<\/td><\/tr><tr><td>viewed_cookie_policy<\/td> <td>Persistant<\/td> <td>11 mois<\/td> <td>Indique si l&rsquo;utilisateur a consenti \u00e0 l&rsquo;utilisation des cookies.<\/td><\/tr><\/tbody><\/table><h3><strong>Combien de temps les cookies ou technologies similaires restent-ils actifs&nbsp;?<\/strong><\/h3><p>Les cookies peuvent \u00eatre&nbsp;:<\/p><ul><li><strong>Cookies de session temporaires&nbsp;:<\/strong> ils sont supprim\u00e9s lorsque vous fermez votre navigateur.<\/li><li><strong>Persistants&nbsp;:<\/strong> ils restent en place jusqu\u2019\u00e0 leur expiration ou leur suppression manuelle.<\/li><\/ul><h3><strong>Comment emp\u00eacher l&rsquo;utilisation des cookies et comment les supprimer ?<\/strong><\/h3><p>Vous pouvez modifier vos pr\u00e9f\u00e9rences \u00e0 tout moment gr\u00e2ce au syst\u00e8me de gestion des cookies int\u00e9gr\u00e9 \u00e0 ce site web. De plus, la plupart des navigateurs vous permettent de d\u00e9sactiver les cookies globalement ou pour certains domaines. Consultez l&rsquo;aide de votre navigateur&nbsp;:    <\/p><ul><li><a href=\"https:\/\/support.google.com\/chrome\/answer\/95647?hl=es\">Chrome<\/a><\/li><li><a href=\"https:\/\/privacy.microsoft.com\/es-es\/windows-10-microsoft-edge-and-privacy\">Microsoft Edge<\/a><\/li><li><a href=\"https:\/\/support.mozilla.org\/es\/kb\/habilitar-y-deshabilitar-cookies-sitios-web-rastrear-preferencias\">Firefox<\/a><\/li><li><a href=\"https:\/\/support.apple.com\/kb\/PH17191?viewlocale=es_ES&amp;locale=es_ES\">Safari<\/a><\/li><li><a href=\"http:\/\/www.opera.com\/es\/help\">Op\u00e9ra<\/a><\/li><\/ul><p>Pour plus d&rsquo;informations, consultez notre <strong>Politique de confidentialit\u00e9<\/strong> .<\/p>\t\t\t\t\t\t\t\t<\/div>\n\t\t\t\t<\/div>\n\t\t\t\t\t<\/div>\n\t\t\t\t<\/div>\n\t\t\t\t<\/div>\n\t\t","protected":false},"excerpt":{"rendered":"<p>POLITIQUE RELATIVE AUX COOKIES ET AU STOCKAGE LOCAL POLITIQUE RELATIVE AUX COOKIES ET AU STOCKAGE LOCAL Ce site web utilise des cookies et des technologies similaires pour fournir le service, ainsi que pour nous permettre de l&rsquo;am\u00e9liorer en obtenant des statistiques sur son utilisation et \u00e0 d&rsquo;autres fins. La navigation sur ce site web implique [&hellip;]<\/p>\n","protected":false},"author":3,"featured_media":0,"parent":0,"menu_order":0,"comment_status":"closed","ping_status":"closed","template":"","meta":{"_acf_changed":false,"inline_featured_image":false,"footnotes":""},"class_list":["post-2841","page","type-page","status-publish","hentry"],"acf":[],"yoast_head":"<!-- This site is optimized with the Yoast SEO plugin v27.4 - https:\/\/yoast.com\/product\/yoast-seo-wordpress\/ -->\n<title>\u25b7Politique relative aux cookies - \u3010 SOS PIRINEUS \u3011<\/title>\n<meta name=\"description\" content=\"POLITIQUE RELATIVE AUX COOKIES ET AU STOCKAGE LOCAL POLITIQUE RELATIVE AUX COOKIES ET AU STOCKAGE LOCALCe site web utilise des cookies et des technologies \u2713\" \/>\n<meta name=\"robots\" content=\"noindex, nofollow\" \/>\n<meta property=\"og:locale\" content=\"fr_FR\" \/>\n<meta property=\"og:type\" content=\"article\" \/>\n<meta property=\"og:title\" content=\"\u25b7Politique relative aux cookies - \u3010 SOS PIRINEUS \u3011\" \/>\n<meta property=\"og:description\" content=\"POLITIQUE RELATIVE AUX COOKIES ET AU STOCKAGE LOCAL POLITIQUE RELATIVE AUX COOKIES ET AU STOCKAGE LOCALCe site web utilise des cookies et des technologies \u2713\" \/>\n<meta property=\"og:url\" content=\"https:\/\/sospirineus.cat\/fr\/politique-relative-aux-cookies\/\" \/>\n<meta property=\"og:site_name\" content=\"SOS PIRINEUS\" \/>\n<meta property=\"article:modified_time\" content=\"2026-01-20T17:01:57+00:00\" \/>\n<meta name=\"twitter:card\" content=\"summary_large_image\" \/>\n<meta name=\"twitter:label1\" content=\"Dur\u00e9e de lecture estim\u00e9e\" \/>\n\t<meta name=\"twitter:data1\" content=\"5 minutes\" \/>\n<script type=\"application\/ld+json\" class=\"yoast-schema-graph\">{\"@context\":\"https:\\\/\\\/schema.org\",\"@graph\":[{\"@type\":\"WebPage\",\"@id\":\"https:\\\/\\\/sospirineus.cat\\\/fr\\\/politique-relative-aux-cookies\\\/\",\"url\":\"https:\\\/\\\/sospirineus.cat\\\/fr\\\/politique-relative-aux-cookies\\\/\",\"name\":\"\u25b7Politique relative aux cookies - \u3010 SOS PIRINEUS \u3011\",\"isPartOf\":{\"@id\":\"https:\\\/\\\/sospirineus.cat\\\/#website\"},\"datePublished\":\"2025-01-20T07:51:38+00:00\",\"dateModified\":\"2026-01-20T17:01:57+00:00\",\"description\":\"POLITIQUE RELATIVE AUX COOKIES ET AU STOCKAGE LOCAL POLITIQUE RELATIVE AUX COOKIES ET AU STOCKAGE LOCALCe site web utilise des cookies et des technologies \u2713\",\"breadcrumb\":{\"@id\":\"https:\\\/\\\/sospirineus.cat\\\/fr\\\/politique-relative-aux-cookies\\\/#breadcrumb\"},\"inLanguage\":\"fr-FR\",\"potentialAction\":[{\"@type\":\"ReadAction\",\"target\":[\"https:\\\/\\\/sospirineus.cat\\\/fr\\\/politique-relative-aux-cookies\\\/\"]}]},{\"@type\":\"BreadcrumbList\",\"@id\":\"https:\\\/\\\/sospirineus.cat\\\/fr\\\/politique-relative-aux-cookies\\\/#breadcrumb\",\"itemListElement\":[{\"@type\":\"ListItem\",\"position\":1,\"name\":\"Portada\",\"item\":\"https:\\\/\\\/sospirineus.cat\\\/fr\\\/maison\\\/\"},{\"@type\":\"ListItem\",\"position\":2,\"name\":\"Politique relative aux cookies\"}]},{\"@type\":\"WebSite\",\"@id\":\"https:\\\/\\\/sospirineus.cat\\\/#website\",\"url\":\"https:\\\/\\\/sospirineus.cat\\\/\",\"name\":\"SOS PIRINEUS\",\"description\":\"ENCARA HI SOM A TEMPS\",\"publisher\":{\"@id\":\"https:\\\/\\\/sospirineus.cat\\\/#organization\"},\"potentialAction\":[{\"@type\":\"SearchAction\",\"target\":{\"@type\":\"EntryPoint\",\"urlTemplate\":\"https:\\\/\\\/sospirineus.cat\\\/?s={search_term_string}\"},\"query-input\":{\"@type\":\"PropertyValueSpecification\",\"valueRequired\":true,\"valueName\":\"search_term_string\"}}],\"inLanguage\":\"fr-FR\"},{\"@type\":\"Organization\",\"@id\":\"https:\\\/\\\/sospirineus.cat\\\/#organization\",\"name\":\"SOS PIRINEUS\",\"url\":\"https:\\\/\\\/sospirineus.cat\\\/\",\"logo\":{\"@type\":\"ImageObject\",\"inLanguage\":\"fr-FR\",\"@id\":\"https:\\\/\\\/sospirineus.cat\\\/#\\\/schema\\\/logo\\\/image\\\/\",\"url\":\"https:\\\/\\\/sospirineus.cat\\\/wp-content\\\/uploads\\\/2021\\\/10\\\/logo_sos_pirineus.png\",\"contentUrl\":\"https:\\\/\\\/sospirineus.cat\\\/wp-content\\\/uploads\\\/2021\\\/10\\\/logo_sos_pirineus.png\",\"width\":1898,\"height\":1338,\"caption\":\"SOS PIRINEUS\"},\"image\":{\"@id\":\"https:\\\/\\\/sospirineus.cat\\\/#\\\/schema\\\/logo\\\/image\\\/\"}}]}<\/script>\n<!-- \/ Yoast SEO plugin. -->","yoast_head_json":{"title":"\u25b7Politique relative aux cookies - \u3010 SOS PIRINEUS \u3011","description":"POLITIQUE RELATIVE AUX COOKIES ET AU STOCKAGE LOCAL POLITIQUE RELATIVE AUX COOKIES ET AU STOCKAGE LOCALCe site web utilise des cookies et des technologies \u2713","robots":{"index":"noindex","follow":"nofollow"},"og_locale":"fr_FR","og_type":"article","og_title":"\u25b7Politique relative aux cookies - \u3010 SOS PIRINEUS \u3011","og_description":"POLITIQUE RELATIVE AUX COOKIES ET AU STOCKAGE LOCAL POLITIQUE RELATIVE AUX COOKIES ET AU STOCKAGE LOCALCe site web utilise des cookies et des technologies \u2713","og_url":"https:\/\/sospirineus.cat\/fr\/politique-relative-aux-cookies\/","og_site_name":"SOS PIRINEUS","article_modified_time":"2026-01-20T17:01:57+00:00","twitter_card":"summary_large_image","twitter_misc":{"Dur\u00e9e de lecture estim\u00e9e":"5 minutes"},"schema":{"@context":"https:\/\/schema.org","@graph":[{"@type":"WebPage","@id":"https:\/\/sospirineus.cat\/fr\/politique-relative-aux-cookies\/","url":"https:\/\/sospirineus.cat\/fr\/politique-relative-aux-cookies\/","name":"\u25b7Politique relative aux cookies - \u3010 SOS PIRINEUS \u3011","isPartOf":{"@id":"https:\/\/sospirineus.cat\/#website"},"datePublished":"2025-01-20T07:51:38+00:00","dateModified":"2026-01-20T17:01:57+00:00","description":"POLITIQUE RELATIVE AUX COOKIES ET AU STOCKAGE LOCAL POLITIQUE RELATIVE AUX COOKIES ET AU STOCKAGE LOCALCe site web utilise des cookies et des technologies \u2713","breadcrumb":{"@id":"https:\/\/sospirineus.cat\/fr\/politique-relative-aux-cookies\/#breadcrumb"},"inLanguage":"fr-FR","potentialAction":[{"@type":"ReadAction","target":["https:\/\/sospirineus.cat\/fr\/politique-relative-aux-cookies\/"]}]},{"@type":"BreadcrumbList","@id":"https:\/\/sospirineus.cat\/fr\/politique-relative-aux-cookies\/#breadcrumb","itemListElement":[{"@type":"ListItem","position":1,"name":"Portada","item":"https:\/\/sospirineus.cat\/fr\/maison\/"},{"@type":"ListItem","position":2,"name":"Politique relative aux cookies"}]},{"@type":"WebSite","@id":"https:\/\/sospirineus.cat\/#website","url":"https:\/\/sospirineus.cat\/","name":"SOS PIRINEUS","description":"ENCARA HI SOM A TEMPS","publisher":{"@id":"https:\/\/sospirineus.cat\/#organization"},"potentialAction":[{"@type":"SearchAction","target":{"@type":"EntryPoint","urlTemplate":"https:\/\/sospirineus.cat\/?s={search_term_string}"},"query-input":{"@type":"PropertyValueSpecification","valueRequired":true,"valueName":"search_term_string"}}],"inLanguage":"fr-FR"},{"@type":"Organization","@id":"https:\/\/sospirineus.cat\/#organization","name":"SOS PIRINEUS","url":"https:\/\/sospirineus.cat\/","logo":{"@type":"ImageObject","inLanguage":"fr-FR","@id":"https:\/\/sospirineus.cat\/#\/schema\/logo\/image\/","url":"https:\/\/sospirineus.cat\/wp-content\/uploads\/2021\/10\/logo_sos_pirineus.png","contentUrl":"https:\/\/sospirineus.cat\/wp-content\/uploads\/2021\/10\/logo_sos_pirineus.png","width":1898,"height":1338,"caption":"SOS PIRINEUS"},"image":{"@id":"https:\/\/sospirineus.cat\/#\/schema\/logo\/image\/"}}]}},"_links":{"self":[{"href":"https:\/\/sospirineus.cat\/fr\/wp-json\/wp\/v2\/pages\/2841","targetHints":{"allow":["GET"]}}],"collection":[{"href":"https:\/\/sospirineus.cat\/fr\/wp-json\/wp\/v2\/pages"}],"about":[{"href":"https:\/\/sospirineus.cat\/fr\/wp-json\/wp\/v2\/types\/page"}],"author":[{"embeddable":true,"href":"https:\/\/sospirineus.cat\/fr\/wp-json\/wp\/v2\/users\/3"}],"replies":[{"embeddable":true,"href":"https:\/\/sospirineus.cat\/fr\/wp-json\/wp\/v2\/comments?post=2841"}],"version-history":[{"count":1,"href":"https:\/\/sospirineus.cat\/fr\/wp-json\/wp\/v2\/pages\/2841\/revisions"}],"predecessor-version":[{"id":2843,"href":"https:\/\/sospirineus.cat\/fr\/wp-json\/wp\/v2\/pages\/2841\/revisions\/2843"}],"wp:attachment":[{"href":"https:\/\/sospirineus.cat\/fr\/wp-json\/wp\/v2\/media?parent=2841"}],"curies":[{"name":"wp","href":"https:\/\/api.w.org\/{rel}","templated":true}]}}