{"id":2876,"date":"2025-06-10T13:28:04","date_gmt":"2025-06-10T11:28:04","guid":{"rendered":"https:\/\/sospirineus.cat\/rejoindre\/"},"modified":"2026-01-20T18:02:05","modified_gmt":"2026-01-20T17:02:05","slug":"rejoindre","status":"publish","type":"page","link":"https:\/\/sospirineus.cat\/fr\/rejoindre\/","title":{"rendered":"Rejoindre"},"content":{"rendered":"\t\t<div data-elementor-type=\"wp-page\" data-elementor-id=\"2876\" class=\"elementor elementor-2876 elementor-2116\" data-elementor-post-type=\"page\">\n\t\t\t\t<div class=\"elementor-element elementor-element-3693fbb e-flex e-con-boxed e-con e-parent\" data-id=\"3693fbb\" data-element_type=\"container\" data-e-type=\"container\">\n\t\t\t\t\t<div class=\"e-con-inner\">\n\t\t\t\t<div class=\"elementor-element elementor-element-ed0084d elementor-widget elementor-widget-heading\" data-id=\"ed0084d\" data-element_type=\"widget\" data-e-type=\"widget\" data-widget_type=\"heading.default\">\n\t\t\t\t<div class=\"elementor-widget-container\">\n\t\t\t\t\t<h2 class=\"elementor-heading-title elementor-size-default\">FORMULAIRE D'INSCRIPTION DES COLLABORATEURS<\/h2>\t\t\t\t<\/div>\n\t\t\t\t<\/div>\n\t\t\t\t<div class=\"elementor-element elementor-element-8d4e613 elementor-widget elementor-widget-text-editor\" data-id=\"8d4e613\" data-element_type=\"widget\" data-e-type=\"widget\" data-widget_type=\"text-editor.default\">\n\t\t\t\t<div class=\"elementor-widget-container\">\n\t\t\t\t\t\t\t\t\t<p>En remplissant ce formulaire, j&rsquo;exprime ma volont\u00e9 et mon soutien aux principes et aux actions de SOS PIRINEUS afin de soutenir et\/ou de collaborer avec cette entit\u00e9 dans ce \u00e0 quoi je souhaite m&rsquo;engager.<\/p><p>Cet engagement n&rsquo;implique aucune obligation.<\/p>\t\t\t\t\t\t\t\t<\/div>\n\t\t\t\t<\/div>\n\t\t\t\t<div class=\"elementor-element elementor-element-0613108 elementor-button-align-start elementor-widget elementor-widget-form\" data-id=\"0613108\" data-element_type=\"widget\" data-e-type=\"widget\" data-settings=\"{&quot;step_next_label&quot;:&quot;Suivant&quot;,&quot;step_previous_label&quot;:&quot;Pr\\u00e9c\\u00e9dent&quot;,&quot;button_width&quot;:&quot;100&quot;,&quot;step_type&quot;:&quot;number_text&quot;,&quot;step_icon_shape&quot;:&quot;circle&quot;}\" data-widget_type=\"form.default\">\n\t\t\t\t<div class=\"elementor-widget-container\">\n\t\t\t\t\t\t\t<form class=\"elementor-form\" method=\"post\" name=\"Nouvelle forme\" aria-label=\"Nouvelle forme\">\n\t\t\t<input type=\"hidden\" name=\"post_id\" value=\"2876\"\/>\n\t\t\t<input type=\"hidden\" name=\"form_id\" value=\"0613108\"\/>\n\t\t\t<input type=\"hidden\" name=\"referer_title\" value=\"\u25b7Rejoindre - \u3010 SOS PIRINEUS \u3011\" \/>\n\n\t\t\t\t\t\t\t<input type=\"hidden\" name=\"queried_id\" value=\"2876\"\/>\n\t\t\t\n\t\t\t<div class=\"elementor-form-fields-wrapper elementor-labels-above\">\n\t\t\t\t\t\t\t\t<div class=\"elementor-field-type-text elementor-field-group elementor-column elementor-field-group-field_57bfdaf elementor-col-40 elementor-field-required elementor-mark-required\">\n\t\t\t\t\t\t\t\t\t\t\t\t<label for=\"form-field-field_57bfdaf\" class=\"elementor-field-label\">\n\t\t\t\t\t\t\t\tNom\t\t\t\t\t\t\t<\/label>\n\t\t\t\t\t\t\t\t\t\t\t\t\t\t<input size=\"1\" type=\"text\" name=\"form_fields[field_57bfdaf]\" id=\"form-field-field_57bfdaf\" class=\"elementor-field elementor-size-sm  elementor-field-textual\" placeholder=\"Nom\" required=\"required\">\n\t\t\t\t\t\t\t\t\t\t\t<\/div>\n\t\t\t\t\t\t\t\t<div class=\"elementor-field-type-text elementor-field-group elementor-column elementor-field-group-field_99fe033 elementor-col-60 elementor-field-required elementor-mark-required\">\n\t\t\t\t\t\t\t\t\t\t\t\t<label for=\"form-field-field_99fe033\" class=\"elementor-field-label\">\n\t\t\t\t\t\t\t\tNoms de famille\t\t\t\t\t\t\t<\/label>\n\t\t\t\t\t\t\t\t\t\t\t\t\t\t<input size=\"1\" type=\"text\" name=\"form_fields[field_99fe033]\" id=\"form-field-field_99fe033\" class=\"elementor-field elementor-size-sm  elementor-field-textual\" placeholder=\"Noms de famille\" required=\"required\">\n\t\t\t\t\t\t\t\t\t\t\t<\/div>\n\t\t\t\t\t\t\t\t<div class=\"elementor-field-type-text elementor-field-group elementor-column elementor-field-group-email elementor-col-100 elementor-field-required elementor-mark-required\">\n\t\t\t\t\t\t\t\t\t\t\t\t<label for=\"form-field-email\" class=\"elementor-field-label\">\n\t\t\t\t\t\t\t\tNum\u00e9ro d'identification\/NIP\t\t\t\t\t\t\t<\/label>\n\t\t\t\t\t\t\t\t\t\t\t\t\t\t<input size=\"1\" type=\"text\" name=\"form_fields[email]\" id=\"form-field-email\" class=\"elementor-field elementor-size-sm  elementor-field-textual\" placeholder=\"Num\u00e9ro d&#039;identification\/NIP\" required=\"required\">\n\t\t\t\t\t\t\t\t\t\t\t<\/div>\n\t\t\t\t\t\t\t\t<div class=\"elementor-field-type-email elementor-field-group elementor-column elementor-field-group-message elementor-col-100 elementor-field-required elementor-mark-required\">\n\t\t\t\t\t\t\t\t\t\t\t\t<label for=\"form-field-message\" class=\"elementor-field-label\">\n\t\t\t\t\t\t\t\tE-mail\t\t\t\t\t\t\t<\/label>\n\t\t\t\t\t\t\t\t\t\t\t\t\t\t<input size=\"1\" type=\"email\" name=\"form_fields[message]\" id=\"form-field-message\" class=\"elementor-field elementor-size-sm  elementor-field-textual\" placeholder=\"E-mail\" required=\"required\">\n\t\t\t\t\t\t\t\t\t\t\t<\/div>\n\t\t\t\t\t\t\t\t<div class=\"elementor-field-type-tel elementor-field-group elementor-column elementor-field-group-field_e73700a elementor-col-100 elementor-field-required elementor-mark-required\">\n\t\t\t\t\t\t\t\t\t\t\t\t<label for=\"form-field-field_e73700a\" class=\"elementor-field-label\">\n\t\t\t\t\t\t\t\tT\u00e9l\u00e9phone\t\t\t\t\t\t\t<\/label>\n\t\t\t\t\t\t\t\t<input size=\"1\" type=\"tel\" name=\"form_fields[field_e73700a]\" id=\"form-field-field_e73700a\" class=\"elementor-field elementor-size-sm  elementor-field-textual\" placeholder=\"T\u00e9l\u00e9phone\" required=\"required\" pattern=\"[0-9()#&amp;+*-=.]+\" title=\"Seuls les caract\u00e8res de num\u00e9ros de t\u00e9l\u00e9phone (#, -, *, etc.) sont accept\u00e9s.\">\n\n\t\t\t\t\t\t<\/div>\n\t\t\t\t\t\t\t\t<div class=\"elementor-field-type-textarea elementor-field-group elementor-column elementor-field-group-field_fb5af45 elementor-col-100\">\n\t\t\t\t\t\t\t\t\t\t\t\t<label for=\"form-field-field_fb5af45\" class=\"elementor-field-label\">\n\t\t\t\t\t\t\t\tMessage\t\t\t\t\t\t\t<\/label>\n\t\t\t\t\t\t<textarea class=\"elementor-field-textual elementor-field  elementor-size-sm\" name=\"form_fields[field_fb5af45]\" id=\"form-field-field_fb5af45\" rows=\"4\" placeholder=\"Message\"><\/textarea>\t\t\t\t<\/div>\n\t\t\t\t\t\t\t\t<div class=\"elementor-field-type-checkbox elementor-field-group elementor-column elementor-field-group-field_7d9b61d elementor-col-100\">\n\t\t\t\t\t<div class=\"elementor-field-subgroup  \"><span class=\"elementor-field-option\"><input type=\"checkbox\" value=\"J&#039;ai lu et j&#039;accepte la politique de confidentialit\u00e9.\" id=\"form-field-field_7d9b61d-0\" name=\"form_fields[field_7d9b61d]\"> <label for=\"form-field-field_7d9b61d-0\">J'ai lu et j'accepte la politique de confidentialit\u00e9.<\/label><\/span><\/div>\t\t\t\t<\/div>\n\t\t\t\t\t\t\t\t<div class=\"elementor-field-type-recaptcha_v3 elementor-field-group elementor-column elementor-field-group-field_54c3e8b elementor-col-100 recaptcha_v3-bottomright\">\n\t\t\t\t\t<div class=\"elementor-field\" id=\"form-field-field_54c3e8b\"><div class=\"elementor-g-recaptcha\" data-sitekey=\"6LeDG0srAAAAAMsKWq4f9Fc5wHJQNcr2k2MyVZUM\" data-type=\"v3\" data-action=\"Form\" data-badge=\"bottomright\" data-size=\"invisible\"><\/div><\/div>\t\t\t\t<\/div>\n\t\t\t\t\t\t\t\t<div class=\"elementor-field-group elementor-column elementor-field-type-submit elementor-col-100 e-form__buttons\">\n\t\t\t\t\t<button class=\"elementor-button elementor-size-sm\" type=\"submit\">\n\t\t\t\t\t\t<span class=\"elementor-button-content-wrapper\">\n\t\t\t\t\t\t\t\t\t\t\t\t\t\t\t\t\t\t\t\t\t\t<span class=\"elementor-button-text\">Soumettre le formulaire<\/span>\n\t\t\t\t\t\t\t\t\t\t\t\t\t<\/span>\n\t\t\t\t\t<\/button>\n\t\t\t\t<\/div>\n\t\t\t<\/div>\n\t\t<\/form>\n\t\t\t\t\t\t<\/div>\n\t\t\t\t<\/div>\n\t\t\t\t<div class=\"elementor-element elementor-element-3b7b731 elementor-widget elementor-widget-text-editor\" data-id=\"3b7b731\" data-element_type=\"widget\" data-e-type=\"widget\" data-widget_type=\"text-editor.default\">\n\t\t\t\t<div class=\"elementor-widget-container\">\n\t\t\t\t\t\t\t\t\t<p><em>*Champs obligatoires<\/em><\/p>\t\t\t\t\t\t\t\t<\/div>\n\t\t\t\t<\/div>\n\t\t\t\t<div class=\"elementor-element elementor-element-d7e9418 elementor-widget elementor-widget-text-editor\" data-id=\"d7e9418\" data-element_type=\"widget\" data-e-type=\"widget\" data-widget_type=\"text-editor.default\">\n\t\t\t\t<div class=\"elementor-widget-container\">\n\t\t\t\t\t\t\t\t\t<p><span style=\"background-color: transparent; font-size: 8pt; font-family: Calibri, sans-serif; color: #000000; font-variant-numeric: normal; font-variant-east-asian: normal; font-variant-alternates: normal; font-variant-position: normal; font-variant-emoji: normal; vertical-align: baseline; white-space-collapse: preserve;\">Les donn\u00e9es que vous nous avez fournies seront enregistr\u00e9es et int\u00e9gr\u00e9es au fichier SOS PIRINEUS, conform\u00e9ment \u00e0 notre int\u00e9r\u00eat l\u00e9gitime \u00e0 maintenir notre relation de collaboration. Pour exercer vos droits d\u2019acc\u00e8s, de rectification, d\u2019effacement, d\u2019opposition, de limitation et de portabilit\u00e9, veuillez envoyer un courriel \u00e0 hola@sospirineus.cat.   <\/span><span style=\"background-color: transparent; font-size: 8pt; font-family: Calibri, sans-serif; color: #000000; font-variant-numeric: normal; font-variant-east-asian: normal; font-variant-alternates: normal; font-variant-position: normal; font-variant-emoji: normal; vertical-align: baseline; white-space-collapse: preserve;\">  Vos donn\u00e9es personnelles seront conserv\u00e9es pour le respect des obligations l\u00e9gales et pour \u00e9viter les doublons, sauf si, 6 mois apr\u00e8s la suppression de vos donn\u00e9es, vous vous opposez \u00e0 leur traitement.<\/span><\/p>\t\t\t\t\t\t\t\t<\/div>\n\t\t\t\t<\/div>\n\t\t\t\t\t<\/div>\n\t\t\t\t<\/div>\n\t\t\t\t<\/div>\n\t\t","protected":false},"excerpt":{"rendered":"<p>FORMULAIRE D&rsquo;INSCRIPTION DES COLLABORATEURS En remplissant ce formulaire, j&rsquo;exprime ma volont\u00e9 et mon soutien aux principes et aux actions de SOS PIRINEUS afin de soutenir et\/ou de collaborer avec cette entit\u00e9 dans ce \u00e0 quoi je souhaite m&rsquo;engager. Cet engagement n&rsquo;implique aucune obligation. *Champs obligatoires Les donn\u00e9es que vous nous avez fournies seront enregistr\u00e9es et [&hellip;]<\/p>\n","protected":false},"author":3,"featured_media":0,"parent":0,"menu_order":0,"comment_status":"closed","ping_status":"closed","template":"","meta":{"_acf_changed":false,"inline_featured_image":false,"footnotes":""},"class_list":["post-2876","page","type-page","status-publish","hentry"],"acf":[],"yoast_head":"<!-- This site is optimized with the Yoast SEO plugin v27.4 - https:\/\/yoast.com\/product\/yoast-seo-wordpress\/ -->\n<title>\u25b7Rejoindre - \u3010 SOS PIRINEUS \u3011<\/title>\n<meta name=\"description\" content=\"FORMULAIRE D&#039;INSCRIPTION DES COLLABORATEURS En remplissant ce formulaire, j&#039;exprime ma volont\u00e9 et mon soutien aux principes et aux actions de SOS PIRINEUS \u2713\" \/>\n<meta name=\"robots\" content=\"index, follow, max-snippet:-1, max-image-preview:large, max-video-preview:-1\" \/>\n<link rel=\"canonical\" href=\"https:\/\/sospirineus.cat\/fr\/rejoindre\/\" \/>\n<meta property=\"og:locale\" content=\"fr_FR\" \/>\n<meta property=\"og:type\" content=\"article\" \/>\n<meta property=\"og:title\" content=\"\u25b7Rejoindre - \u3010 SOS PIRINEUS \u3011\" \/>\n<meta property=\"og:description\" content=\"FORMULAIRE D&#039;INSCRIPTION DES COLLABORATEURS En remplissant ce formulaire, j&#039;exprime ma volont\u00e9 et mon soutien aux principes et aux actions de SOS PIRINEUS \u2713\" \/>\n<meta property=\"og:url\" content=\"https:\/\/sospirineus.cat\/fr\/rejoindre\/\" \/>\n<meta property=\"og:site_name\" content=\"SOS PIRINEUS\" \/>\n<meta property=\"article:modified_time\" content=\"2026-01-20T17:02:05+00:00\" \/>\n<meta name=\"twitter:card\" content=\"summary_large_image\" \/>\n<meta name=\"twitter:label1\" content=\"Dur\u00e9e de lecture estim\u00e9e\" \/>\n\t<meta name=\"twitter:data1\" content=\"1 minute\" \/>\n<script type=\"application\/ld+json\" class=\"yoast-schema-graph\">{\"@context\":\"https:\\\/\\\/schema.org\",\"@graph\":[{\"@type\":\"WebPage\",\"@id\":\"https:\\\/\\\/sospirineus.cat\\\/fr\\\/rejoindre\\\/\",\"url\":\"https:\\\/\\\/sospirineus.cat\\\/fr\\\/rejoindre\\\/\",\"name\":\"\u25b7Rejoindre - \u3010 SOS PIRINEUS \u3011\",\"isPartOf\":{\"@id\":\"https:\\\/\\\/sospirineus.cat\\\/#website\"},\"datePublished\":\"2025-06-10T11:28:04+00:00\",\"dateModified\":\"2026-01-20T17:02:05+00:00\",\"description\":\"FORMULAIRE D'INSCRIPTION DES COLLABORATEURS En remplissant ce formulaire, j'exprime ma volont\u00e9 et mon soutien aux principes et aux actions de SOS PIRINEUS \u2713\",\"breadcrumb\":{\"@id\":\"https:\\\/\\\/sospirineus.cat\\\/fr\\\/rejoindre\\\/#breadcrumb\"},\"inLanguage\":\"fr-FR\",\"potentialAction\":[{\"@type\":\"ReadAction\",\"target\":[\"https:\\\/\\\/sospirineus.cat\\\/fr\\\/rejoindre\\\/\"]}]},{\"@type\":\"BreadcrumbList\",\"@id\":\"https:\\\/\\\/sospirineus.cat\\\/fr\\\/rejoindre\\\/#breadcrumb\",\"itemListElement\":[{\"@type\":\"ListItem\",\"position\":1,\"name\":\"Portada\",\"item\":\"https:\\\/\\\/sospirineus.cat\\\/fr\\\/maison\\\/\"},{\"@type\":\"ListItem\",\"position\":2,\"name\":\"Rejoindre\"}]},{\"@type\":\"WebSite\",\"@id\":\"https:\\\/\\\/sospirineus.cat\\\/#website\",\"url\":\"https:\\\/\\\/sospirineus.cat\\\/\",\"name\":\"SOS PIRINEUS\",\"description\":\"ENCARA HI SOM A TEMPS\",\"publisher\":{\"@id\":\"https:\\\/\\\/sospirineus.cat\\\/#organization\"},\"potentialAction\":[{\"@type\":\"SearchAction\",\"target\":{\"@type\":\"EntryPoint\",\"urlTemplate\":\"https:\\\/\\\/sospirineus.cat\\\/?s={search_term_string}\"},\"query-input\":{\"@type\":\"PropertyValueSpecification\",\"valueRequired\":true,\"valueName\":\"search_term_string\"}}],\"inLanguage\":\"fr-FR\"},{\"@type\":\"Organization\",\"@id\":\"https:\\\/\\\/sospirineus.cat\\\/#organization\",\"name\":\"SOS PIRINEUS\",\"url\":\"https:\\\/\\\/sospirineus.cat\\\/\",\"logo\":{\"@type\":\"ImageObject\",\"inLanguage\":\"fr-FR\",\"@id\":\"https:\\\/\\\/sospirineus.cat\\\/#\\\/schema\\\/logo\\\/image\\\/\",\"url\":\"https:\\\/\\\/sospirineus.cat\\\/wp-content\\\/uploads\\\/2021\\\/10\\\/logo_sos_pirineus.png\",\"contentUrl\":\"https:\\\/\\\/sospirineus.cat\\\/wp-content\\\/uploads\\\/2021\\\/10\\\/logo_sos_pirineus.png\",\"width\":1898,\"height\":1338,\"caption\":\"SOS PIRINEUS\"},\"image\":{\"@id\":\"https:\\\/\\\/sospirineus.cat\\\/#\\\/schema\\\/logo\\\/image\\\/\"}}]}<\/script>\n<!-- \/ Yoast SEO plugin. -->","yoast_head_json":{"title":"\u25b7Rejoindre - \u3010 SOS PIRINEUS \u3011","description":"FORMULAIRE D'INSCRIPTION DES COLLABORATEURS En remplissant ce formulaire, j'exprime ma volont\u00e9 et mon soutien aux principes et aux actions de SOS PIRINEUS \u2713","robots":{"index":"index","follow":"follow","max-snippet":"max-snippet:-1","max-image-preview":"max-image-preview:large","max-video-preview":"max-video-preview:-1"},"canonical":"https:\/\/sospirineus.cat\/fr\/rejoindre\/","og_locale":"fr_FR","og_type":"article","og_title":"\u25b7Rejoindre - \u3010 SOS PIRINEUS \u3011","og_description":"FORMULAIRE D'INSCRIPTION DES COLLABORATEURS En remplissant ce formulaire, j'exprime ma volont\u00e9 et mon soutien aux principes et aux actions de SOS PIRINEUS \u2713","og_url":"https:\/\/sospirineus.cat\/fr\/rejoindre\/","og_site_name":"SOS PIRINEUS","article_modified_time":"2026-01-20T17:02:05+00:00","twitter_card":"summary_large_image","twitter_misc":{"Dur\u00e9e de lecture estim\u00e9e":"1 minute"},"schema":{"@context":"https:\/\/schema.org","@graph":[{"@type":"WebPage","@id":"https:\/\/sospirineus.cat\/fr\/rejoindre\/","url":"https:\/\/sospirineus.cat\/fr\/rejoindre\/","name":"\u25b7Rejoindre - \u3010 SOS PIRINEUS \u3011","isPartOf":{"@id":"https:\/\/sospirineus.cat\/#website"},"datePublished":"2025-06-10T11:28:04+00:00","dateModified":"2026-01-20T17:02:05+00:00","description":"FORMULAIRE D'INSCRIPTION DES COLLABORATEURS En remplissant ce formulaire, j'exprime ma volont\u00e9 et mon soutien aux principes et aux actions de SOS PIRINEUS \u2713","breadcrumb":{"@id":"https:\/\/sospirineus.cat\/fr\/rejoindre\/#breadcrumb"},"inLanguage":"fr-FR","potentialAction":[{"@type":"ReadAction","target":["https:\/\/sospirineus.cat\/fr\/rejoindre\/"]}]},{"@type":"BreadcrumbList","@id":"https:\/\/sospirineus.cat\/fr\/rejoindre\/#breadcrumb","itemListElement":[{"@type":"ListItem","position":1,"name":"Portada","item":"https:\/\/sospirineus.cat\/fr\/maison\/"},{"@type":"ListItem","position":2,"name":"Rejoindre"}]},{"@type":"WebSite","@id":"https:\/\/sospirineus.cat\/#website","url":"https:\/\/sospirineus.cat\/","name":"SOS PIRINEUS","description":"ENCARA HI SOM A TEMPS","publisher":{"@id":"https:\/\/sospirineus.cat\/#organization"},"potentialAction":[{"@type":"SearchAction","target":{"@type":"EntryPoint","urlTemplate":"https:\/\/sospirineus.cat\/?s={search_term_string}"},"query-input":{"@type":"PropertyValueSpecification","valueRequired":true,"valueName":"search_term_string"}}],"inLanguage":"fr-FR"},{"@type":"Organization","@id":"https:\/\/sospirineus.cat\/#organization","name":"SOS PIRINEUS","url":"https:\/\/sospirineus.cat\/","logo":{"@type":"ImageObject","inLanguage":"fr-FR","@id":"https:\/\/sospirineus.cat\/#\/schema\/logo\/image\/","url":"https:\/\/sospirineus.cat\/wp-content\/uploads\/2021\/10\/logo_sos_pirineus.png","contentUrl":"https:\/\/sospirineus.cat\/wp-content\/uploads\/2021\/10\/logo_sos_pirineus.png","width":1898,"height":1338,"caption":"SOS PIRINEUS"},"image":{"@id":"https:\/\/sospirineus.cat\/#\/schema\/logo\/image\/"}}]}},"_links":{"self":[{"href":"https:\/\/sospirineus.cat\/fr\/wp-json\/wp\/v2\/pages\/2876","targetHints":{"allow":["GET"]}}],"collection":[{"href":"https:\/\/sospirineus.cat\/fr\/wp-json\/wp\/v2\/pages"}],"about":[{"href":"https:\/\/sospirineus.cat\/fr\/wp-json\/wp\/v2\/types\/page"}],"author":[{"embeddable":true,"href":"https:\/\/sospirineus.cat\/fr\/wp-json\/wp\/v2\/users\/3"}],"replies":[{"embeddable":true,"href":"https:\/\/sospirineus.cat\/fr\/wp-json\/wp\/v2\/comments?post=2876"}],"version-history":[{"count":1,"href":"https:\/\/sospirineus.cat\/fr\/wp-json\/wp\/v2\/pages\/2876\/revisions"}],"predecessor-version":[{"id":2878,"href":"https:\/\/sospirineus.cat\/fr\/wp-json\/wp\/v2\/pages\/2876\/revisions\/2878"}],"wp:attachment":[{"href":"https:\/\/sospirineus.cat\/fr\/wp-json\/wp\/v2\/media?parent=2876"}],"curies":[{"name":"wp","href":"https:\/\/api.w.org\/{rel}","templated":true}]}}