{"id":2899,"date":"2021-10-14T15:46:36","date_gmt":"2021-10-14T13:46:36","guid":{"rendered":"https:\/\/sospirineus.cat\/politique-de-confidentialite\/"},"modified":"2026-01-20T18:02:16","modified_gmt":"2026-01-20T17:02:16","slug":"politique-de-confidentialite","status":"publish","type":"page","link":"https:\/\/sospirineus.cat\/fr\/politique-de-confidentialite\/","title":{"rendered":"Politique de confidentialit\u00e9"},"content":{"rendered":"\t\t<div data-elementor-type=\"wp-page\" data-elementor-id=\"2899\" class=\"elementor elementor-2899 elementor-510\" data-elementor-post-type=\"page\">\n\t\t\t\t\t\t<section class=\"elementor-section elementor-top-section elementor-element elementor-element-8006250 elementor-section-boxed elementor-section-height-default elementor-section-height-default\" data-id=\"8006250\" data-element_type=\"section\" data-e-type=\"section\">\n\t\t\t\t\t\t<div class=\"elementor-container elementor-column-gap-default\">\n\t\t\t\t\t<div class=\"elementor-column elementor-col-100 elementor-top-column elementor-element elementor-element-46da4cf\" data-id=\"46da4cf\" data-element_type=\"column\" data-e-type=\"column\">\n\t\t\t<div class=\"elementor-widget-wrap elementor-element-populated\">\n\t\t\t\t\t\t<div class=\"elementor-element elementor-element-46cf0d7 elementor-widget elementor-widget-heading\" data-id=\"46cf0d7\" data-element_type=\"widget\" data-e-type=\"widget\" data-widget_type=\"heading.default\">\n\t\t\t\t<div class=\"elementor-widget-container\">\n\t\t\t\t\t<h2 class=\"elementor-heading-title elementor-size-default\">POLITIQUE DE CONFIDENTIALIT\u00c9<\/h2>\t\t\t\t<\/div>\n\t\t\t\t<\/div>\n\t\t\t\t<div class=\"elementor-element elementor-element-4757770 elementor-widget elementor-widget-text-editor\" data-id=\"4757770\" data-element_type=\"widget\" data-e-type=\"widget\" data-widget_type=\"text-editor.default\">\n\t\t\t\t<div class=\"elementor-widget-container\">\n\t\t\t\t\t\t\t\t\t<p><strong>POLITIQUE DE CONFIDENTIALIT\u00c9<\/strong><\/p><p>Si vous \u00eates ici, c&rsquo;est que vous souhaitez en savoir plus sur vos droits et obligations en tant qu&rsquo;utilisateur du site web <a href=\"http:\/\/www.llocweb.com\" target=\"_new\" rel=\"noopener\">www.llocweb.com<\/a> , et c&rsquo;est une excellente chose. Notre devoir est de vous informer, ainsi que vos proches, afin que vous soyez d\u00fbment inform\u00e9s. <\/p><p>Dans cette politique de confidentialit\u00e9, nous vous informerons en toute transparence de la finalit\u00e9 de ce site web et de tout ce qui concerne les donn\u00e9es que vous nous fournissez, ainsi que des obligations et des droits qui vous incombent.<\/p><p>Pour commencer, sachez que ce site web est conforme \u00e0 la r\u00e9glementation en vigueur concernant la protection des donn\u00e9es, qui concerne les donn\u00e9es personnelles que vous nous fournissez avec votre consentement explicite et les cookies que nous utilisons pour que ce site web fonctionne correctement et puisse exercer son activit\u00e9.<\/p><p>Plus pr\u00e9cis\u00e9ment, ce site web est conforme aux r\u00e9glementations suivantes&nbsp;:<\/p><ul><li><strong>Le RGPD<\/strong> (R\u00e8glement (UE) 2016\/679 du Parlement europ\u00e9en et du Conseil du 27 avril 2016 relatif \u00e0 la protection des personnes physiques), qui unifie la r\u00e9glementation du traitement des donn\u00e9es \u00e0 caract\u00e8re personnel dans les diff\u00e9rents pays de l&rsquo;UE.<\/li><li><strong>La LOPDGDD<\/strong> (Loi organique 3\/2018 du 5 d\u00e9cembre relative \u00e0 la protection des donn\u00e9es personnelles et \u00e0 la garantie des droits num\u00e9riques) adapte la r\u00e9glementation espagnole au RGPD et encadre les droits num\u00e9riques.<\/li><li><strong>La LSSI<\/strong> (loi 34\/2002 du 11 juillet relative aux services de la soci\u00e9t\u00e9 de l&rsquo;information et au commerce \u00e9lectronique), qui r\u00e9glemente les transactions \u00e9conomiques effectu\u00e9es par voie \u00e9lectronique, comme c&rsquo;est le cas pour ce blog.<\/li><\/ul><h3><strong>DONN\u00c9ES D&rsquo;IDENTIFICATION<\/strong><\/h3><p>La personne responsable et propri\u00e9taire de ce site web est&nbsp;:<\/p><ul><li><strong>Nom<\/strong> : Nom de l&rsquo;entreprise<\/li><li><strong>NIF<\/strong> : B11111111<\/li><li><strong>Si\u00e8ge social<\/strong> : Si\u00e8ge social<\/li><li><strong>Activit\u00e9 du site web<\/strong> : diffusion de contenu relatif \u00e0 [Nom de l&rsquo;entreprise], affichage de publicit\u00e9s et recommandation de produits affili\u00e9s.<\/li><li><strong>Courriel<\/strong> : <a rel=\"noopener\">email@test.com<\/a><\/li><\/ul><p>Les donn\u00e9es que vous nous fournissez avec votre consentement, et conform\u00e9ment \u00e0 leur utilisation telle que d\u00e9finie dans notre Politique de confidentialit\u00e9, seront int\u00e9gr\u00e9es \u00e0 un fichier automatis\u00e9 d\u00fbment enregistr\u00e9 aupr\u00e8s de l&rsquo;Agence espagnole de protection des donn\u00e9es. Vos donn\u00e9es sont ainsi s\u00e9curis\u00e9es, conform\u00e9ment \u00e0 la loi. <\/p><p>Les donn\u00e9es personnelles que vous nous fournissez, toujours avec votre consentement expr\u00e8s, seront stock\u00e9es et trait\u00e9es aux fins \u00e9nonc\u00e9es et d\u00e9crites ci-dessous dans la pr\u00e9sente politique de confidentialit\u00e9, jusqu&rsquo;\u00e0 ce que vous nous demandiez de les supprimer.<\/p><p>Nous vous informons que la pr\u00e9sente Politique de confidentialit\u00e9 peut \u00eatre modifi\u00e9e \u00e0 tout moment afin de l&rsquo;adapter \u00e0 la l\u00e9gislation en vigueur ou \u00e0 l&rsquo;\u00e9volution de nos activit\u00e9s. La version en vigueur sera toujours celle publi\u00e9e sur ce site web, et toute modification vous sera notifi\u00e9e avant son application. <\/p><h3><strong>CONDITIONS D&rsquo;UTILISATION<\/strong><\/h3><p>Pour votre tranquillit\u00e9 d&rsquo;esprit, sachez que nous vous demanderons toujours votre consentement explicite pour la collecte de vos donn\u00e9es aux fins sp\u00e9cifi\u00e9es dans chaque cas. Cela signifie qu&rsquo;en donnant votre consentement, vous reconnaissez avoir lu et accept\u00e9 la pr\u00e9sente Politique de confidentialit\u00e9. <\/p><p>En acc\u00e9dant \u00e0 ce site web et en l&rsquo;utilisant, vous acceptez le statut d&rsquo;utilisateur avec les droits et obligations qui en d\u00e9coulent.<\/p><ul><li>Si vous avez plus de 14 ans, vous pouvez vous inscrire comme utilisateur sur ce site web sans le consentement pr\u00e9alable de vos parents ou tuteurs.<\/li><li>Si vous avez moins de 14 ans, vous aurez besoin du consentement de vos parents ou tuteurs pour le traitement de vos donn\u00e9es personnelles.<\/li><\/ul><h3><strong>ENREGISTREMENT ET FINALIT\u00c9 DE VOS DONN\u00c9ES<\/strong><\/h3><p>Selon le formulaire ou la section que vous consultez, nous ne vous demanderons que les donn\u00e9es n\u00e9cessaires aux fins d\u00e9crites ci-dessous. Votre consentement explicite est toujours requis lorsque nous vous demandons des renseignements personnels pour&nbsp;: <\/p><ul><li>Les finalit\u00e9s sp\u00e9cifiques sont particuli\u00e8rement indiqu\u00e9es sur chacune des pages ou sections o\u00f9 figure le formulaire d&rsquo;inscription \u00e9lectronique ou le formulaire de contact.<\/li><li>R\u00e9pondre \u00e0 vos demandes, commentaires, questions ou \u00e0 tout autre type de requ\u00eate que vous formulez en tant qu&rsquo;utilisateur via l&rsquo;un des moyens de contact disponibles.<\/li><li>Vous informer des demandes de renseignements, activit\u00e9s, produits, actualit\u00e9s et\/ou services par divers moyens \u00e9lectroniques ou physiques.<\/li><li>Vous envoyer des communications commerciales relatives \u00e0 nos produits, services ou promotions, ainsi qu&rsquo;aux produits ou services que nous pourrions juger susceptibles de vous int\u00e9resser, propos\u00e9s par des collaborateurs ou \u00ab partenaires \u00bb avec lesquels nous avons des accords promotionnels.<\/li><\/ul><p>Ces communications seront toujours effectu\u00e9es par <strong>[Nom de l&rsquo;entreprise]<\/strong> , sans que des tiers aient acc\u00e8s \u00e0 vos donn\u00e9es personnelles.<\/p><h3><strong>EXACTITUDE ET V\u00c9RIT\u00c9 DES DONN\u00c9ES<\/strong><\/h3><p>En tant qu&rsquo;utilisateur, vous \u00eates responsable de l&rsquo;exactitude et de la mise \u00e0 jour des donn\u00e9es que vous fournissez. Vous vous engagez \u00e0 fournir des informations compl\u00e8tes et exactes dans les formulaires de contact ou d&rsquo;abonnement. <\/p><h3><strong>ANNULATION D&rsquo;ABONNEMENT ET DROIT DE R\u00c9VOCATION<\/strong><\/h3><p>En tant que propri\u00e9taire des donn\u00e9es, vous pouvez exercer vos droits d&rsquo;acc\u00e8s, de rectification, d&rsquo;effacement et d&rsquo;opposition \u00e0 tout moment en envoyant un courriel \u00e0 <a rel=\"noopener\">email@test.com<\/a> en joignant une copie de votre pi\u00e8ce d&rsquo;identit\u00e9 comme justificatif valable.<\/p><h3><strong>ACC\u00c8S AUX DONN\u00c9ES POUR LE COMPTE DE TIERS<\/strong><\/h3><p>Pour fournir les services n\u00e9cessaires, nous partageons des donn\u00e9es avec&nbsp;:<\/p><ul><li><strong>Dinahosting SL<\/strong> , fournisseur d&rsquo;h\u00e9bergement. Plus d&rsquo;informations sur <a href=\"https:\/\/dinahosting.com\/legal\/proteccion-datos\" target=\"_new\" rel=\"noopener\">https:\/\/dinahosting.com\/legal\/proteccion-datos<\/a> . <\/li><li><strong>Google Analytics<\/strong> : Analyse l&rsquo;utilisation du site web. Consultez sa politique de confidentialit\u00e9 \u00e0 l&rsquo; <a target=\"_new\" rel=\"noopener\">adresse https:\/\/www.google.com\/intl\/ca\/policies\/privacy\/<\/a> . <\/li><li><strong>Google AdSense<\/strong> : Diffuse des annonces personnalis\u00e9es. Consultez sa politique de confidentialit\u00e9 \u00e0 l&rsquo; <a target=\"_new\" rel=\"noopener\">adresse https:\/\/www.google.com\/intl\/ca\/policies\/privacy\/<\/a> . <\/li><\/ul><h3><strong>MESURES DE S\u00c9CURIT\u00c9<\/strong><\/h3><p><strong>[Nom de l&rsquo;entreprise]<\/strong> a pris toutes les mesures n\u00e9cessaires pour garantir la s\u00e9curit\u00e9 et l&rsquo;int\u00e9grit\u00e9 de vos donn\u00e9es personnelles et emp\u00eacher leur perte, leur alt\u00e9ration ou leur acc\u00e8s non autoris\u00e9 par des tiers.<\/p><p>Pour plus d&rsquo;informations, vous pouvez consulter nos pages <strong>Mentions l\u00e9gales<\/strong> et <strong>Politique en mati\u00e8re de cookies<\/strong> .<\/p>\t\t\t\t\t\t\t\t<\/div>\n\t\t\t\t<\/div>\n\t\t\t\t\t<\/div>\n\t\t<\/div>\n\t\t\t\t\t<\/div>\n\t\t<\/section>\n\t\t\t\t<\/div>\n\t\t","protected":false},"excerpt":{"rendered":"<p>POLITIQUE DE CONFIDENTIALIT\u00c9 POLITIQUE DE CONFIDENTIALIT\u00c9 Si vous \u00eates ici, c&rsquo;est que vous souhaitez en savoir plus sur vos droits et obligations en tant qu&rsquo;utilisateur du site web www.llocweb.com , et c&rsquo;est une excellente chose. Notre devoir est de vous informer, ainsi que vos proches, afin que vous soyez d\u00fbment inform\u00e9s. Dans cette politique de [&hellip;]<\/p>\n","protected":false},"author":3,"featured_media":0,"parent":0,"menu_order":0,"comment_status":"closed","ping_status":"open","template":"elementor_header_footer","meta":{"_acf_changed":false,"inline_featured_image":false,"footnotes":""},"class_list":["post-2899","page","type-page","status-publish","hentry"],"acf":[],"yoast_head":"<!-- This site is optimized with the Yoast SEO plugin v27.4 - https:\/\/yoast.com\/product\/yoast-seo-wordpress\/ -->\n<title>\u25b7Politique de confidentialit\u00e9 - \u3010 SOS PIRINEUS \u3011<\/title>\n<meta name=\"description\" content=\"POLITIQUE DE CONFIDENTIALIT\u00c9 POLITIQUE DE CONFIDENTIALIT\u00c9Si vous \u00eates ici, c&#039;est que vous souhaitez en savoir plus sur vos droits et obligations en tant \u2713\" \/>\n<meta name=\"robots\" content=\"noindex, nofollow\" \/>\n<meta property=\"og:locale\" content=\"fr_FR\" \/>\n<meta property=\"og:type\" content=\"article\" \/>\n<meta property=\"og:title\" content=\"\u25b7Politique de confidentialit\u00e9 - \u3010 SOS PIRINEUS \u3011\" \/>\n<meta property=\"og:description\" content=\"POLITIQUE DE CONFIDENTIALIT\u00c9 POLITIQUE DE CONFIDENTIALIT\u00c9Si vous \u00eates ici, c&#039;est que vous souhaitez en savoir plus sur vos droits et obligations en tant \u2713\" \/>\n<meta property=\"og:url\" content=\"https:\/\/sospirineus.cat\/fr\/politique-de-confidentialite\/\" \/>\n<meta property=\"og:site_name\" content=\"SOS PIRINEUS\" \/>\n<meta property=\"article:modified_time\" content=\"2026-01-20T17:02:16+00:00\" \/>\n<meta name=\"twitter:card\" content=\"summary_large_image\" \/>\n<meta name=\"twitter:label1\" content=\"Dur\u00e9e de lecture estim\u00e9e\" \/>\n\t<meta name=\"twitter:data1\" content=\"5 minutes\" \/>\n<script type=\"application\/ld+json\" class=\"yoast-schema-graph\">{\"@context\":\"https:\\\/\\\/schema.org\",\"@graph\":[{\"@type\":\"WebPage\",\"@id\":\"https:\\\/\\\/sospirineus.cat\\\/fr\\\/politique-de-confidentialite\\\/\",\"url\":\"https:\\\/\\\/sospirineus.cat\\\/fr\\\/politique-de-confidentialite\\\/\",\"name\":\"\u25b7Politique de confidentialit\u00e9 - \u3010 SOS PIRINEUS \u3011\",\"isPartOf\":{\"@id\":\"https:\\\/\\\/sospirineus.cat\\\/#website\"},\"datePublished\":\"2021-10-14T13:46:36+00:00\",\"dateModified\":\"2026-01-20T17:02:16+00:00\",\"description\":\"POLITIQUE DE CONFIDENTIALIT\u00c9 POLITIQUE DE CONFIDENTIALIT\u00c9Si vous \u00eates ici, c'est que vous souhaitez en savoir plus sur vos droits et obligations en tant \u2713\",\"breadcrumb\":{\"@id\":\"https:\\\/\\\/sospirineus.cat\\\/fr\\\/politique-de-confidentialite\\\/#breadcrumb\"},\"inLanguage\":\"fr-FR\",\"potentialAction\":[{\"@type\":\"ReadAction\",\"target\":[\"https:\\\/\\\/sospirineus.cat\\\/fr\\\/politique-de-confidentialite\\\/\"]}]},{\"@type\":\"BreadcrumbList\",\"@id\":\"https:\\\/\\\/sospirineus.cat\\\/fr\\\/politique-de-confidentialite\\\/#breadcrumb\",\"itemListElement\":[{\"@type\":\"ListItem\",\"position\":1,\"name\":\"Portada\",\"item\":\"https:\\\/\\\/sospirineus.cat\\\/fr\\\/maison\\\/\"},{\"@type\":\"ListItem\",\"position\":2,\"name\":\"Politique de confidentialit\u00e9\"}]},{\"@type\":\"WebSite\",\"@id\":\"https:\\\/\\\/sospirineus.cat\\\/#website\",\"url\":\"https:\\\/\\\/sospirineus.cat\\\/\",\"name\":\"SOS PIRINEUS\",\"description\":\"ENCARA HI SOM A TEMPS\",\"publisher\":{\"@id\":\"https:\\\/\\\/sospirineus.cat\\\/#organization\"},\"potentialAction\":[{\"@type\":\"SearchAction\",\"target\":{\"@type\":\"EntryPoint\",\"urlTemplate\":\"https:\\\/\\\/sospirineus.cat\\\/?s={search_term_string}\"},\"query-input\":{\"@type\":\"PropertyValueSpecification\",\"valueRequired\":true,\"valueName\":\"search_term_string\"}}],\"inLanguage\":\"fr-FR\"},{\"@type\":\"Organization\",\"@id\":\"https:\\\/\\\/sospirineus.cat\\\/#organization\",\"name\":\"SOS PIRINEUS\",\"url\":\"https:\\\/\\\/sospirineus.cat\\\/\",\"logo\":{\"@type\":\"ImageObject\",\"inLanguage\":\"fr-FR\",\"@id\":\"https:\\\/\\\/sospirineus.cat\\\/#\\\/schema\\\/logo\\\/image\\\/\",\"url\":\"https:\\\/\\\/sospirineus.cat\\\/wp-content\\\/uploads\\\/2021\\\/10\\\/logo_sos_pirineus.png\",\"contentUrl\":\"https:\\\/\\\/sospirineus.cat\\\/wp-content\\\/uploads\\\/2021\\\/10\\\/logo_sos_pirineus.png\",\"width\":1898,\"height\":1338,\"caption\":\"SOS PIRINEUS\"},\"image\":{\"@id\":\"https:\\\/\\\/sospirineus.cat\\\/#\\\/schema\\\/logo\\\/image\\\/\"}}]}<\/script>\n<!-- \/ Yoast SEO plugin. -->","yoast_head_json":{"title":"\u25b7Politique de confidentialit\u00e9 - \u3010 SOS PIRINEUS \u3011","description":"POLITIQUE DE CONFIDENTIALIT\u00c9 POLITIQUE DE CONFIDENTIALIT\u00c9Si vous \u00eates ici, c'est que vous souhaitez en savoir plus sur vos droits et obligations en tant \u2713","robots":{"index":"noindex","follow":"nofollow"},"og_locale":"fr_FR","og_type":"article","og_title":"\u25b7Politique de confidentialit\u00e9 - \u3010 SOS PIRINEUS \u3011","og_description":"POLITIQUE DE CONFIDENTIALIT\u00c9 POLITIQUE DE CONFIDENTIALIT\u00c9Si vous \u00eates ici, c'est que vous souhaitez en savoir plus sur vos droits et obligations en tant \u2713","og_url":"https:\/\/sospirineus.cat\/fr\/politique-de-confidentialite\/","og_site_name":"SOS PIRINEUS","article_modified_time":"2026-01-20T17:02:16+00:00","twitter_card":"summary_large_image","twitter_misc":{"Dur\u00e9e de lecture estim\u00e9e":"5 minutes"},"schema":{"@context":"https:\/\/schema.org","@graph":[{"@type":"WebPage","@id":"https:\/\/sospirineus.cat\/fr\/politique-de-confidentialite\/","url":"https:\/\/sospirineus.cat\/fr\/politique-de-confidentialite\/","name":"\u25b7Politique de confidentialit\u00e9 - \u3010 SOS PIRINEUS \u3011","isPartOf":{"@id":"https:\/\/sospirineus.cat\/#website"},"datePublished":"2021-10-14T13:46:36+00:00","dateModified":"2026-01-20T17:02:16+00:00","description":"POLITIQUE DE CONFIDENTIALIT\u00c9 POLITIQUE DE CONFIDENTIALIT\u00c9Si vous \u00eates ici, c'est que vous souhaitez en savoir plus sur vos droits et obligations en tant \u2713","breadcrumb":{"@id":"https:\/\/sospirineus.cat\/fr\/politique-de-confidentialite\/#breadcrumb"},"inLanguage":"fr-FR","potentialAction":[{"@type":"ReadAction","target":["https:\/\/sospirineus.cat\/fr\/politique-de-confidentialite\/"]}]},{"@type":"BreadcrumbList","@id":"https:\/\/sospirineus.cat\/fr\/politique-de-confidentialite\/#breadcrumb","itemListElement":[{"@type":"ListItem","position":1,"name":"Portada","item":"https:\/\/sospirineus.cat\/fr\/maison\/"},{"@type":"ListItem","position":2,"name":"Politique de confidentialit\u00e9"}]},{"@type":"WebSite","@id":"https:\/\/sospirineus.cat\/#website","url":"https:\/\/sospirineus.cat\/","name":"SOS PIRINEUS","description":"ENCARA HI SOM A TEMPS","publisher":{"@id":"https:\/\/sospirineus.cat\/#organization"},"potentialAction":[{"@type":"SearchAction","target":{"@type":"EntryPoint","urlTemplate":"https:\/\/sospirineus.cat\/?s={search_term_string}"},"query-input":{"@type":"PropertyValueSpecification","valueRequired":true,"valueName":"search_term_string"}}],"inLanguage":"fr-FR"},{"@type":"Organization","@id":"https:\/\/sospirineus.cat\/#organization","name":"SOS PIRINEUS","url":"https:\/\/sospirineus.cat\/","logo":{"@type":"ImageObject","inLanguage":"fr-FR","@id":"https:\/\/sospirineus.cat\/#\/schema\/logo\/image\/","url":"https:\/\/sospirineus.cat\/wp-content\/uploads\/2021\/10\/logo_sos_pirineus.png","contentUrl":"https:\/\/sospirineus.cat\/wp-content\/uploads\/2021\/10\/logo_sos_pirineus.png","width":1898,"height":1338,"caption":"SOS PIRINEUS"},"image":{"@id":"https:\/\/sospirineus.cat\/#\/schema\/logo\/image\/"}}]}},"_links":{"self":[{"href":"https:\/\/sospirineus.cat\/fr\/wp-json\/wp\/v2\/pages\/2899","targetHints":{"allow":["GET"]}}],"collection":[{"href":"https:\/\/sospirineus.cat\/fr\/wp-json\/wp\/v2\/pages"}],"about":[{"href":"https:\/\/sospirineus.cat\/fr\/wp-json\/wp\/v2\/types\/page"}],"author":[{"embeddable":true,"href":"https:\/\/sospirineus.cat\/fr\/wp-json\/wp\/v2\/users\/3"}],"replies":[{"embeddable":true,"href":"https:\/\/sospirineus.cat\/fr\/wp-json\/wp\/v2\/comments?post=2899"}],"version-history":[{"count":1,"href":"https:\/\/sospirineus.cat\/fr\/wp-json\/wp\/v2\/pages\/2899\/revisions"}],"predecessor-version":[{"id":2900,"href":"https:\/\/sospirineus.cat\/fr\/wp-json\/wp\/v2\/pages\/2899\/revisions\/2900"}],"wp:attachment":[{"href":"https:\/\/sospirineus.cat\/fr\/wp-json\/wp\/v2\/media?parent=2899"}],"curies":[{"name":"wp","href":"https:\/\/api.w.org\/{rel}","templated":true}]}}