{"id":2908,"date":"2025-01-20T08:32:20","date_gmt":"2025-01-20T07:32:20","guid":{"rendered":"https:\/\/sospirineus.cat\/avis-juridique\/"},"modified":"2026-01-20T18:02:20","modified_gmt":"2026-01-20T17:02:20","slug":"avis-juridique","status":"publish","type":"page","link":"https:\/\/sospirineus.cat\/fr\/avis-juridique\/","title":{"rendered":"Avis juridique"},"content":{"rendered":"\t\t<div data-elementor-type=\"wp-page\" data-elementor-id=\"2908\" class=\"elementor elementor-2908 elementor-2093\" data-elementor-post-type=\"page\">\n\t\t\t\t\t\t<section class=\"elementor-section elementor-top-section elementor-element elementor-element-83c3299 elementor-section-boxed elementor-section-height-default elementor-section-height-default\" data-id=\"83c3299\" data-element_type=\"section\" data-e-type=\"section\">\n\t\t\t\t\t\t<div class=\"elementor-container elementor-column-gap-default\">\n\t\t\t\t\t<div class=\"elementor-column elementor-col-100 elementor-top-column elementor-element elementor-element-08780a7\" data-id=\"08780a7\" data-element_type=\"column\" data-e-type=\"column\">\n\t\t\t<div class=\"elementor-widget-wrap elementor-element-populated\">\n\t\t\t\t\t\t<div class=\"elementor-element elementor-element-0a23144 elementor-widget elementor-widget-heading\" data-id=\"0a23144\" data-element_type=\"widget\" data-e-type=\"widget\" data-widget_type=\"heading.default\">\n\t\t\t\t<div class=\"elementor-widget-container\">\n\t\t\t\t\t<h2 class=\"elementor-heading-title elementor-size-default\">MENTIONS L\u00c9GALES<\/h2>\t\t\t\t<\/div>\n\t\t\t\t<\/div>\n\t\t\t\t<div class=\"elementor-element elementor-element-f2b704f elementor-widget elementor-widget-text-editor\" data-id=\"f2b704f\" data-element_type=\"widget\" data-e-type=\"widget\" data-widget_type=\"text-editor.default\">\n\t\t\t\t<div class=\"elementor-widget-container\">\n\t\t\t\t\t\t\t\t\t<p><strong>MENTIONS L\u00c9GALES<\/strong><\/p><p>Les pr\u00e9sentes mentions l\u00e9gales ont pour but de vous informer de vos droits et obligations en tant qu&rsquo;utilisateur de ce site web. Vous y trouverez toutes les informations n\u00e9cessaires concernant ce site, son activit\u00e9, les donn\u00e9es personnelles qu&rsquo;il collecte et leur finalit\u00e9, ainsi que les r\u00e8gles d&rsquo;utilisation qui r\u00e9gissent son fonctionnement. <\/p><p>D\u00e8s votre acc\u00e8s au site web <a href=\"http:\/\/www.llocweb.com\" target=\"_new\" rel=\"noopener\">www.llocweb.com<\/a> , vous devenez utilisateur et, par cons\u00e9quent, les pr\u00e9sentes mentions l\u00e9gales vous concernent directement. Il est donc important que vous les lisiez attentivement afin de dissiper tout doute et de prendre connaissance des conditions que vous acceptez. <\/p><p>Pour commencer, sachez que ce site web est conforme \u00e0 la r\u00e9glementation en vigueur en mati\u00e8re de protection des donn\u00e9es, afin de vous offrir les garanties, la s\u00e9curit\u00e9 et la transparence auxquelles vous \u00eates en droit de pr\u00e9tendre en tant qu&rsquo;utilisateur lors de l&rsquo;utilisation de ce site.<\/p><ul><li><strong>Le RGPD<\/strong> (R\u00e8glement (UE) 2016\/679 du Parlement europ\u00e9en et du Conseil du 27 avril 2016 relatif \u00e0 la protection des personnes physiques), qui unifie la r\u00e9glementation du traitement des donn\u00e9es \u00e0 caract\u00e8re personnel dans les diff\u00e9rents pays de l&rsquo;UE.<\/li><li><strong>La LOPDGDD<\/strong> (Loi organique 3\/2018 du 5 d\u00e9cembre relative \u00e0 la protection des donn\u00e9es personnelles et \u00e0 la garantie des droits num\u00e9riques) r\u00e9glemente le traitement des donn\u00e9es personnelles et les obligations que doivent assumer les responsables d&rsquo;un site web ou d&rsquo;un blog lors de la gestion de ces informations.<\/li><li><strong>La LSSI<\/strong> (Loi 34\/2002 du 11 juillet relative aux services de la soci\u00e9t\u00e9 de l&rsquo;information et au commerce \u00e9lectronique), qui r\u00e9glemente les transactions \u00e9conomiques effectu\u00e9es par voie \u00e9lectronique.<\/li><\/ul><h3><strong>DONN\u00c9ES D&rsquo;IDENTIFICATION<\/strong><\/h3><p>La personne responsable et propri\u00e9taire de ce site web est&nbsp;:<\/p><ul><li><strong>Nom<\/strong> : Nom de l&rsquo;entreprise<\/li><li><strong>NIF<\/strong> : B11111111<\/li><li><strong>Si\u00e8ge social<\/strong> : Si\u00e8ge social<\/li><li><strong>Activit\u00e9 du site web<\/strong> : Diffusion de contenu relatif \u00e0 [Nom de l&rsquo;entreprise], affichage de publicit\u00e9s et recommandation de produits affili\u00e9s.<\/li><li><strong>Courriel<\/strong> : <a rel=\"noopener\">email@test.com<\/a><\/li><\/ul><p>Les donn\u00e9es que vous nous fournissez avec votre consentement, et conform\u00e9ment \u00e0 leur utilisation telle que d\u00e9finie dans notre Politique de confidentialit\u00e9, seront int\u00e9gr\u00e9es \u00e0 un fichier automatis\u00e9 dont le responsable est [Nom de l&rsquo;entreprise]. Ceci garantit la s\u00e9curit\u00e9 et la protection de vos donn\u00e9es conform\u00e9ment \u00e0 la loi. <\/p><h3><strong>R\u00c8GLES D&rsquo;ACC\u00c8S AU SITE WEB<\/strong><\/h3><p>En tant qu&rsquo;utilisateur de notre site web, vous avez \u00e9galement une s\u00e9rie d&rsquo;obligations&nbsp;:<\/p><ul><li>Vous ne pouvez pas utiliser ce site web pour des activit\u00e9s contraires \u00e0 la loi, \u00e0 la morale, \u00e0 l&rsquo;ordre public ou pour des usages contraires \u00e0 ce qui est exprim\u00e9 dans les pr\u00e9sentes mentions l\u00e9gales.<\/li><li>Vous ne pourrez pas mener d&rsquo;activit\u00e9s publicitaires ou d&rsquo;exploitation commerciale en utilisant de fausses identit\u00e9s.<\/li><li>Vous \u00eates seul responsable de la v\u00e9racit\u00e9 et de l&rsquo;exactitude du contenu que vous saisissez sur ce site Web et des donn\u00e9es personnelles que vous nous fournissez aux fins \u00e9nonc\u00e9es dans notre politique de confidentialit\u00e9.<\/li><li>Vous serez \u00e9galement responsable de toute action ill\u00e9gale, contrefaisante, nuisible et\/ou pr\u00e9judiciable sur les sites tiers vers lesquels nous pourrions vous rediriger.<\/li><\/ul><p>La soci\u00e9t\u00e9 [Nom de l&rsquo;entreprise] peut interrompre le service du site web et mettre fin \u00e0 la relation avec l&rsquo;utilisateur si elle d\u00e9tecte une utilisation abusive de celui-ci.<\/p><h3><strong>PROPRI\u00c9T\u00c9 INTELLECTUELLE ET INDUSTRIELLE<\/strong><\/h3><p>L&rsquo;int\u00e9gralit\u00e9 de ce site web (textes, images, marques, graphismes, logos, boutons, fichiers logiciels, combinaisons de couleurs, ainsi que la structure, la s\u00e9lection, l&rsquo;agencement et la pr\u00e9sentation de son contenu) est prot\u00e9g\u00e9e par les lois en vigueur sur la propri\u00e9t\u00e9 intellectuelle et industrielle.<\/p><p>Sa reproduction, sa distribution, sa communication publique et sa transformation sont interdites, sauf pour un usage personnel et priv\u00e9.<\/p><p>La soci\u00e9t\u00e9 ne garantit pas que le contenu soit n\u00e9cessaire ou exempt d&rsquo;erreurs.<\/p><h3><strong>LINKS<\/strong><\/h3><p>Ce site web contient des liens vers des sites tiers. Ces pages n&rsquo;ont pas \u00e9t\u00e9 v\u00e9rifi\u00e9es ni contr\u00f4l\u00e9es par nos soins&nbsp;; par cons\u00e9quent, [Nom de l&rsquo;entreprise] d\u00e9cline toute responsabilit\u00e9 quant \u00e0 leur contenu, leurs politiques de confidentialit\u00e9 ou les mesures mises en \u0153uvre par ces tiers. <\/p><p>Nous vous recommandons de lire attentivement les conditions d&rsquo;utilisation et les politiques de ces sites avant de les utiliser.<\/p><h3><strong>LIENS D&rsquo;AFFILIATION AMAZON<\/strong><\/h3><p>Ce site web utilise des liens d&rsquo;affiliation Amazon. Cela signifie que vous trouverez des liens vers des produits Amazon que vous pouvez acheter selon leurs conditions d&rsquo;utilisation. <\/p><h3><strong>LIMITATION DE RESPONSABILIT\u00c9<\/strong><\/h3><p>[Nom de l&rsquo;entreprise] n&rsquo;est pas responsable de&nbsp;:<\/p><ul><li>La qualit\u00e9, la rapidit\u00e9 et la continuit\u00e9 du service.<\/li><li>La pr\u00e9sence de virus, de logiciels malveillants ou de programmes malveillants dans le contenu.<\/li><li>Utilisation illicite ou n\u00e9gligente du site web.<\/li><li>Le manque de l\u00e9galit\u00e9, de qualit\u00e9, de fiabilit\u00e9 ou d&rsquo;utilit\u00e9 des services fournis par des tiers.<\/li><li>Dommages pouvant r\u00e9sulter de l&rsquo;utilisation ill\u00e9gale de ce site web.<\/li><\/ul><h3><strong>POLITIQUE DE CONFIDENTIALIT\u00c9 ET DE PROTECTION DES DONN\u00c9ES<\/strong><\/h3><p>Ce site web est conforme \u00e0 la r\u00e9glementation en vigueur en mati\u00e8re de protection des donn\u00e9es. En tant qu&rsquo;utilisateur, vous devez donner votre consentement explicite avant de fournir des donn\u00e9es personnelles via les formulaires disponibles sur le site. Toutes les informations \u00e0 ce sujet sont disponibles dans notre Politique de confidentialit\u00e9.  <\/p><h3><strong>POLITIQUE RELATIVE AUX COOKIES<\/strong><\/h3><p>Ce site web utilise ses propres cookies et ceux de tiers. Vous pouvez configurer votre navigateur pour refuser l&rsquo;utilisation des cookies. Pour plus d&rsquo;informations, consultez notre Politique relative aux cookies.  <\/p><h3><strong>L\u00c9GISLATION APPLICABLE ET JURIDICTION COMP\u00c9TENTE<\/strong><\/h3><p>Les pr\u00e9sentes mentions l\u00e9gales sont soumises \u00e0 la l\u00e9gislation espagnole en vigueur. Tout litige sera soumis aux tribunaux du domicile de l&rsquo;utilisateur. Si l&rsquo;utilisateur r\u00e9side hors d&rsquo;Espagne, les parties seront soumises aux tribunaux de Barcelone (Espagne).  <\/p><p>Si vous avez des questions, vous pouvez nous envoyer un courriel \u00e0 <a rel=\"noopener\">email-informatiu@test.com<\/a> .<\/p>\t\t\t\t\t\t\t\t<\/div>\n\t\t\t\t<\/div>\n\t\t\t\t\t<\/div>\n\t\t<\/div>\n\t\t\t\t\t<\/div>\n\t\t<\/section>\n\t\t\t\t<\/div>\n\t\t","protected":false},"excerpt":{"rendered":"<p>MENTIONS L\u00c9GALES MENTIONS L\u00c9GALES Les pr\u00e9sentes mentions l\u00e9gales ont pour but de vous informer de vos droits et obligations en tant qu&rsquo;utilisateur de ce site web. Vous y trouverez toutes les informations n\u00e9cessaires concernant ce site, son activit\u00e9, les donn\u00e9es personnelles qu&rsquo;il collecte et leur finalit\u00e9, ainsi que les r\u00e8gles d&rsquo;utilisation qui r\u00e9gissent son fonctionnement. [&hellip;]<\/p>\n","protected":false},"author":3,"featured_media":0,"parent":0,"menu_order":0,"comment_status":"closed","ping_status":"closed","template":"elementor_header_footer","meta":{"_acf_changed":false,"inline_featured_image":false,"footnotes":""},"class_list":["post-2908","page","type-page","status-publish","hentry"],"acf":[],"yoast_head":"<!-- This site is optimized with the Yoast SEO plugin v27.4 - https:\/\/yoast.com\/product\/yoast-seo-wordpress\/ -->\n<title>\u25b7Avis juridique - \u3010 SOS PIRINEUS \u3011<\/title>\n<meta name=\"description\" content=\"MENTIONS L\u00c9GALES MENTIONS L\u00c9GALESLes pr\u00e9sentes mentions l\u00e9gales ont pour but de vous informer de vos droits et obligations en tant qu&#039;utilisateur de ce \u2713\" \/>\n<meta name=\"robots\" content=\"noindex, nofollow\" \/>\n<meta property=\"og:locale\" content=\"fr_FR\" \/>\n<meta property=\"og:type\" content=\"article\" \/>\n<meta property=\"og:title\" content=\"\u25b7Avis juridique - \u3010 SOS PIRINEUS \u3011\" \/>\n<meta property=\"og:description\" content=\"MENTIONS L\u00c9GALES MENTIONS L\u00c9GALESLes pr\u00e9sentes mentions l\u00e9gales ont pour but de vous informer de vos droits et obligations en tant qu&#039;utilisateur de ce \u2713\" \/>\n<meta property=\"og:url\" content=\"https:\/\/sospirineus.cat\/fr\/avis-juridique\/\" \/>\n<meta property=\"og:site_name\" content=\"SOS PIRINEUS\" \/>\n<meta property=\"article:modified_time\" content=\"2026-01-20T17:02:20+00:00\" \/>\n<meta name=\"twitter:card\" content=\"summary_large_image\" \/>\n<meta name=\"twitter:label1\" content=\"Dur\u00e9e de lecture estim\u00e9e\" \/>\n\t<meta name=\"twitter:data1\" content=\"5 minutes\" \/>\n<script type=\"application\/ld+json\" class=\"yoast-schema-graph\">{\"@context\":\"https:\\\/\\\/schema.org\",\"@graph\":[{\"@type\":\"WebPage\",\"@id\":\"https:\\\/\\\/sospirineus.cat\\\/fr\\\/avis-juridique\\\/\",\"url\":\"https:\\\/\\\/sospirineus.cat\\\/fr\\\/avis-juridique\\\/\",\"name\":\"\u25b7Avis juridique - \u3010 SOS PIRINEUS \u3011\",\"isPartOf\":{\"@id\":\"https:\\\/\\\/sospirineus.cat\\\/#website\"},\"datePublished\":\"2025-01-20T07:32:20+00:00\",\"dateModified\":\"2026-01-20T17:02:20+00:00\",\"description\":\"MENTIONS L\u00c9GALES MENTIONS L\u00c9GALESLes pr\u00e9sentes mentions l\u00e9gales ont pour but de vous informer de vos droits et obligations en tant qu'utilisateur de ce \u2713\",\"breadcrumb\":{\"@id\":\"https:\\\/\\\/sospirineus.cat\\\/fr\\\/avis-juridique\\\/#breadcrumb\"},\"inLanguage\":\"fr-FR\",\"potentialAction\":[{\"@type\":\"ReadAction\",\"target\":[\"https:\\\/\\\/sospirineus.cat\\\/fr\\\/avis-juridique\\\/\"]}]},{\"@type\":\"BreadcrumbList\",\"@id\":\"https:\\\/\\\/sospirineus.cat\\\/fr\\\/avis-juridique\\\/#breadcrumb\",\"itemListElement\":[{\"@type\":\"ListItem\",\"position\":1,\"name\":\"Portada\",\"item\":\"https:\\\/\\\/sospirineus.cat\\\/fr\\\/maison\\\/\"},{\"@type\":\"ListItem\",\"position\":2,\"name\":\"Avis juridique\"}]},{\"@type\":\"WebSite\",\"@id\":\"https:\\\/\\\/sospirineus.cat\\\/#website\",\"url\":\"https:\\\/\\\/sospirineus.cat\\\/\",\"name\":\"SOS PIRINEUS\",\"description\":\"ENCARA HI SOM A TEMPS\",\"publisher\":{\"@id\":\"https:\\\/\\\/sospirineus.cat\\\/#organization\"},\"potentialAction\":[{\"@type\":\"SearchAction\",\"target\":{\"@type\":\"EntryPoint\",\"urlTemplate\":\"https:\\\/\\\/sospirineus.cat\\\/?s={search_term_string}\"},\"query-input\":{\"@type\":\"PropertyValueSpecification\",\"valueRequired\":true,\"valueName\":\"search_term_string\"}}],\"inLanguage\":\"fr-FR\"},{\"@type\":\"Organization\",\"@id\":\"https:\\\/\\\/sospirineus.cat\\\/#organization\",\"name\":\"SOS PIRINEUS\",\"url\":\"https:\\\/\\\/sospirineus.cat\\\/\",\"logo\":{\"@type\":\"ImageObject\",\"inLanguage\":\"fr-FR\",\"@id\":\"https:\\\/\\\/sospirineus.cat\\\/#\\\/schema\\\/logo\\\/image\\\/\",\"url\":\"https:\\\/\\\/sospirineus.cat\\\/wp-content\\\/uploads\\\/2021\\\/10\\\/logo_sos_pirineus.png\",\"contentUrl\":\"https:\\\/\\\/sospirineus.cat\\\/wp-content\\\/uploads\\\/2021\\\/10\\\/logo_sos_pirineus.png\",\"width\":1898,\"height\":1338,\"caption\":\"SOS PIRINEUS\"},\"image\":{\"@id\":\"https:\\\/\\\/sospirineus.cat\\\/#\\\/schema\\\/logo\\\/image\\\/\"}}]}<\/script>\n<!-- \/ Yoast SEO plugin. -->","yoast_head_json":{"title":"\u25b7Avis juridique - \u3010 SOS PIRINEUS \u3011","description":"MENTIONS L\u00c9GALES MENTIONS L\u00c9GALESLes pr\u00e9sentes mentions l\u00e9gales ont pour but de vous informer de vos droits et obligations en tant qu'utilisateur de ce \u2713","robots":{"index":"noindex","follow":"nofollow"},"og_locale":"fr_FR","og_type":"article","og_title":"\u25b7Avis juridique - \u3010 SOS PIRINEUS \u3011","og_description":"MENTIONS L\u00c9GALES MENTIONS L\u00c9GALESLes pr\u00e9sentes mentions l\u00e9gales ont pour but de vous informer de vos droits et obligations en tant qu'utilisateur de ce \u2713","og_url":"https:\/\/sospirineus.cat\/fr\/avis-juridique\/","og_site_name":"SOS PIRINEUS","article_modified_time":"2026-01-20T17:02:20+00:00","twitter_card":"summary_large_image","twitter_misc":{"Dur\u00e9e de lecture estim\u00e9e":"5 minutes"},"schema":{"@context":"https:\/\/schema.org","@graph":[{"@type":"WebPage","@id":"https:\/\/sospirineus.cat\/fr\/avis-juridique\/","url":"https:\/\/sospirineus.cat\/fr\/avis-juridique\/","name":"\u25b7Avis juridique - \u3010 SOS PIRINEUS \u3011","isPartOf":{"@id":"https:\/\/sospirineus.cat\/#website"},"datePublished":"2025-01-20T07:32:20+00:00","dateModified":"2026-01-20T17:02:20+00:00","description":"MENTIONS L\u00c9GALES MENTIONS L\u00c9GALESLes pr\u00e9sentes mentions l\u00e9gales ont pour but de vous informer de vos droits et obligations en tant qu'utilisateur de ce \u2713","breadcrumb":{"@id":"https:\/\/sospirineus.cat\/fr\/avis-juridique\/#breadcrumb"},"inLanguage":"fr-FR","potentialAction":[{"@type":"ReadAction","target":["https:\/\/sospirineus.cat\/fr\/avis-juridique\/"]}]},{"@type":"BreadcrumbList","@id":"https:\/\/sospirineus.cat\/fr\/avis-juridique\/#breadcrumb","itemListElement":[{"@type":"ListItem","position":1,"name":"Portada","item":"https:\/\/sospirineus.cat\/fr\/maison\/"},{"@type":"ListItem","position":2,"name":"Avis juridique"}]},{"@type":"WebSite","@id":"https:\/\/sospirineus.cat\/#website","url":"https:\/\/sospirineus.cat\/","name":"SOS PIRINEUS","description":"ENCARA HI SOM A TEMPS","publisher":{"@id":"https:\/\/sospirineus.cat\/#organization"},"potentialAction":[{"@type":"SearchAction","target":{"@type":"EntryPoint","urlTemplate":"https:\/\/sospirineus.cat\/?s={search_term_string}"},"query-input":{"@type":"PropertyValueSpecification","valueRequired":true,"valueName":"search_term_string"}}],"inLanguage":"fr-FR"},{"@type":"Organization","@id":"https:\/\/sospirineus.cat\/#organization","name":"SOS PIRINEUS","url":"https:\/\/sospirineus.cat\/","logo":{"@type":"ImageObject","inLanguage":"fr-FR","@id":"https:\/\/sospirineus.cat\/#\/schema\/logo\/image\/","url":"https:\/\/sospirineus.cat\/wp-content\/uploads\/2021\/10\/logo_sos_pirineus.png","contentUrl":"https:\/\/sospirineus.cat\/wp-content\/uploads\/2021\/10\/logo_sos_pirineus.png","width":1898,"height":1338,"caption":"SOS PIRINEUS"},"image":{"@id":"https:\/\/sospirineus.cat\/#\/schema\/logo\/image\/"}}]}},"_links":{"self":[{"href":"https:\/\/sospirineus.cat\/fr\/wp-json\/wp\/v2\/pages\/2908","targetHints":{"allow":["GET"]}}],"collection":[{"href":"https:\/\/sospirineus.cat\/fr\/wp-json\/wp\/v2\/pages"}],"about":[{"href":"https:\/\/sospirineus.cat\/fr\/wp-json\/wp\/v2\/types\/page"}],"author":[{"embeddable":true,"href":"https:\/\/sospirineus.cat\/fr\/wp-json\/wp\/v2\/users\/3"}],"replies":[{"embeddable":true,"href":"https:\/\/sospirineus.cat\/fr\/wp-json\/wp\/v2\/comments?post=2908"}],"version-history":[{"count":1,"href":"https:\/\/sospirineus.cat\/fr\/wp-json\/wp\/v2\/pages\/2908\/revisions"}],"predecessor-version":[{"id":2909,"href":"https:\/\/sospirineus.cat\/fr\/wp-json\/wp\/v2\/pages\/2908\/revisions\/2909"}],"wp:attachment":[{"href":"https:\/\/sospirineus.cat\/fr\/wp-json\/wp\/v2\/media?parent=2908"}],"curies":[{"name":"wp","href":"https:\/\/api.w.org\/{rel}","templated":true}]}}